{"id":142890,"date":"2022-01-13T10:52:13","date_gmt":"2022-01-13T10:52:13","guid":{"rendered":"https:\/\/moto-oprema.com\/Artikel\/dainese-tempest-3-d-dry-jakna-siva-crna-crvena\/"},"modified":"2022-01-13T10:52:13","modified_gmt":"2022-01-13T10:52:13","slug":"dainese-tempest-3-d-dry-jakna-siva-crna-crvena","status":"publish","type":"product","link":"https:\/\/moto-oprema.com\/hr\/Artikel\/dainese-tempest-3-d-dry-jakna-siva-crna-crvena\/","title":{"rendered":"DAINESE TEMPEST 3 D-DRY JAKNA SIVA CRNA CRVENA"},"content":{"rendered":"<p>Tempest 3 D-Dry\u00ae je mu\u0161ka touring jakna koja osigurava sigurnost i udobnost tijekom vo\u017enje tijekom cijele godine. S vodootpornom D-Dry\u00ae membranom, savr\u0161ena je za svakodnevnu vo\u017enju, ki\u0161a i vremenski uvjeti vi\u0161e nisu problem. Uklonjiva termalna podstava osigurava udobnost u najhladnijim danima i u svim uvjetima. U vru\u0107im klimama i kako bi se osigurala odgovaraju\u0107a toplinska udobnost, dva ventilacijska patentna zatvara\u010da na rukavima, dva ventilacijska otvora na prsima i dva ventilacijska patentna zatvara\u010da na le\u0111ima omogu\u0107uju korisniku u\u010dinkovitu i preciznu regulaciju protoka zraka u tijelo. Pro Armor \u0161titnici na laktovima i ramenima zadovoljavaju najvi\u0161e Dainese sigurnosne standarde. Ovo je najvi\u0161a razina certifikacije za za\u0161titu udova s najve\u0107im mogu\u0107im podru\u010djem pokrivanja. Dainese Pro-Armor tehnologija, inspirirana geometrijom prirodnih fraktala, pru\u017ea maksimalnu za\u0161titu, uz mobilnost mekog \u0161titnika i idealnu ventilaciju zahvaljuju\u0107i povr\u0161ini koja je perforirana na 40% povr\u0161ine.      <\/p>\n<p>Zna\u010dajke:<\/p>\n<ul>\n<li>  Putna jakna<\/li>\n<li>  vodootporna D-Dry\u00ae membrana<\/li>\n<li>  uklonjiva termalna podloga<\/li>\n<li>  Cjelogodi\u0161nja upotreba<\/li>\n<li>  kratki, sportski oblik<\/li>\n<li>  2 otvora za ventilaciju s patentnim zatvara\u010dem na prsima<\/li>\n<li>  2 otvora za ventilaciju s patentnim zatvara\u010dem na stra\u017enjoj strani<\/li>\n<li>  uklonjiva 2-u-1 termo jakna (130 g) (mo\u017ee se koristiti zasebno)<\/li>\n<li>  Sustav zatvaranja jakne i hla\u010da<\/li>\n<li>  Pode\u0161avanje rukava, struka i vrata<\/li>\n<li>  Kuka za ovratnik<\/li>\n<li>  2 vanjska d\u017eepa<\/li>\n<li>  reflektiraju\u0107i umetci<\/li>\n<li>  1 teretni d\u017eep na stra\u017enjoj strani<\/li>\n<li>  1 vodootporni unutarnji d\u017eep<\/li>\n<li>  Zatvaranje Idraflap sprijeda<\/li>\n<li>  Za\u0161titna jakna za motocikle prema prEN 17092<\/li>\n<li>  Gumom prekriveni gumbi<\/li>\n<li>  Kompozitni \u0161titnici za ramena i laktove (EN 1621.1, razina 2, tip B)<\/li>\n<li>  D\u017eep za stra\u017enji za\u0161titnik G1 i G2<\/li>\n<li>  D\u017eepni \u0161titnik za prsa Pro Armor (2 komada)<\/li>\n<\/ul>\n<p>Sastav sirovine: 100% poliester<\/p>\n","protected":false},"excerpt":{"rendered":"<p>Tempest 3 D-Dry\u00ae je mu\u0161ka touring jakna koja osigurava sigurnost i udobnost tijekom vo\u017enje tijekom cijele&#8230;<\/p>\n","protected":false},"featured_media":16149,"comment_status":"open","ping_status":"open","template":"","meta":{"_acf_changed":false},"brand":[2800],"gender":[],"product_brand":[],"product_cat":[2759,1356,2761],"product_tag":[],"class_list":{"0":"post-142890","1":"product","2":"type-product","3":"status-publish","4":"has-post-thumbnail","6":"brand-dainese-hr","7":"product_cat-jakne-hr","8":"product_cat-motociklisticka-oprema","9":"product_cat-tekstilne-jakne-hr","10":"pa_size-48-hr","11":"pa_size-50-hr","12":"pa_size-52-hr","13":"pa_size-54-hr","14":"pa_size-56-hr","15":"pa_size-58-hr","16":"pa_size-60-hr","18":"first","19":"onbackorder","20":"taxable","21":"shipping-taxable","22":"purchasable","23":"product-type-variable"},"acf":[],"_links":{"self":[{"href":"https:\/\/moto-oprema.com\/hr\/wp-json\/wp\/v2\/product\/142890","targetHints":{"allow":["GET"]}}],"collection":[{"href":"https:\/\/moto-oprema.com\/hr\/wp-json\/wp\/v2\/product"}],"about":[{"href":"https:\/\/moto-oprema.com\/hr\/wp-json\/wp\/v2\/types\/product"}],"replies":[{"embeddable":true,"href":"https:\/\/moto-oprema.com\/hr\/wp-json\/wp\/v2\/comments?post=142890"}],"wp:featuredmedia":[{"embeddable":true,"href":"https:\/\/moto-oprema.com\/hr\/wp-json\/wp\/v2\/media\/16149"}],"wp:attachment":[{"href":"https:\/\/moto-oprema.com\/hr\/wp-json\/wp\/v2\/media?parent=142890"}],"wp:term":[{"taxonomy":"brand","embeddable":true,"href":"https:\/\/moto-oprema.com\/hr\/wp-json\/wp\/v2\/brand?post=142890"},{"taxonomy":"gender","embeddable":true,"href":"https:\/\/moto-oprema.com\/hr\/wp-json\/wp\/v2\/gender?post=142890"},{"taxonomy":"product_brand","embeddable":true,"href":"https:\/\/moto-oprema.com\/hr\/wp-json\/wp\/v2\/product_brand?post=142890"},{"taxonomy":"product_cat","embeddable":true,"href":"https:\/\/moto-oprema.com\/hr\/wp-json\/wp\/v2\/product_cat?post=142890"},{"taxonomy":"product_tag","embeddable":true,"href":"https:\/\/moto-oprema.com\/hr\/wp-json\/wp\/v2\/product_tag?post=142890"}],"curies":[{"name":"wp","href":"https:\/\/api.w.org\/{rel}","templated":true}]}}