{"id":142872,"date":"2022-01-10T10:17:00","date_gmt":"2022-01-10T10:17:00","guid":{"rendered":"https:\/\/moto-oprema.com\/Artikel\/helite-e-gp-air-2-0-zracni-jastuk\/"},"modified":"2022-01-10T10:17:00","modified_gmt":"2022-01-10T10:17:00","slug":"helite-e-gp-air-2-0-zracni-jastuk","status":"publish","type":"product","link":"https:\/\/moto-oprema.com\/hr\/Artikel\/helite-e-gp-air-2-0-zracni-jastuk\/","title":{"rendered":"HELITE E-GP AIR 2.0 ZRA\u010cNI JASTUK"},"content":{"rendered":"<p>Helite e-GP-Air nudi potpuno novu tehnologiju za maksimalnu za\u0161titu na trka\u0107oj stazi. Prava revolucija u za\u0161titi i detekciji! Elektroni\u010dki prsluk sa zra\u010dnim jastukom koristi vi\u0161esenzorsku detekciju, \u0161to omogu\u0107uje potpunu situacijsku analizu i potpunu 360\u00b0 za\u0161titu. Algoritam koristi niz senzora (akcelerometar, \u017eiroskop i GPS) koji analiziraju pokrete motociklista i omogu\u0107uju pra\u0107enje voza\u010da u stvarnom vremenu. Brzo vrijeme detekcije od 60 ms potpuno napuhuje zra\u010dni jastuk kada se aktivira, prije nego \u0161to udarite o tlo.    <\/p>\n<p>Opcionalno rje\u0161enje za potpunu za\u0161titu uklju\u010duje drugi senzor (SDU) postavljen na vilicu motocikla. U cestovnoj upotrebi, ova opcija smanjuje vrijeme detekcije sa 60 ms (samo sa stra\u017enjim senzorima) na 31 ms, \u010dak i kada je vozilo u mirovanju, pri maloj brzini i bez obzira na kut udara. Me\u0111utim, senzor vilice ne bi se trebao koristiti na trka\u0107oj stazi.  <\/p>\n<p>Zna\u010dajke:<\/p>\n<ul>\n<li>  na temelju modela Turtle Airbag<\/li>\n<li>  aktivira se elektroni\u010dki<\/li>\n<li>  vrlo visoka otpornost na habanje<\/li>\n<li>  Pripijeni kroj s elasti\u010dnim materijalom sa strane i prostorom za grbu<\/li>\n<li>  Lako se otvara \u010dak i s rukavicama<\/li>\n<li>  Veliki otvori za ruke za neograni\u010denu slobodu kretanja<\/li>\n<li>  Elektroni\u010dki sustav je potpuno integriran u prsluk<\/li>\n<li>  visokokvalitetni SAS-TEC \u0161titnici za le\u0111a i prsa, koji su pri\u010dvr\u0161\u0107eni na zra\u010dni jastuk poput oklopa kornja\u010de<\/li>\n<li>  To\u010dkasta optere\u0107enja u podru\u010dju le\u0111a u\u010dinkovito se raspore\u0111uju i apsorbiraju po cijelom zra\u010dnom jastuku<\/li>\n<li>  na stra\u017enjoj strani nalaze se dijelovi s \u010di\u010dkom opremljeni uklonjivim ko\u017enim kliza\u010dima (mogu se pojedina\u010dno zamijeniti u slu\u010daju pada)<\/li>\n<li>  Nakon aktiviranja, sustav ima optimalni tlak za razvoj punog za\u0161titnog u\u010dinka nakon 80-100 milisekundi (ovisno o veli\u010dini)<\/li>\n<li>  pru\u017ea za\u0161titu za vrat, kralje\u017enicu, prsni ko\u0161, zdjelicu, trticu, glavu, klju\u010dnu kost i unutarnje organe<\/li>\n<\/ul>\n<p>Jednostavnom zamjenom e-ulo\u0161ka, prsluk je odmah spreman za ponovnu upotrebu nakon procesa otpu\u0161tanja (pod uvjetom da nema vanjskih o\u0161te\u0107enja)<\/p>\n<p>Tehni\u010dki podaci:<\/p>\n<p>Za\u0161titni volumen: 18 litara<br \/>\n Detekcija pada: 60 ms<br \/>\n Vrijeme napuhavanja zra\u010dnog jastuka: 60 &#8211; 80 ms (ovisno o veli\u010dini)<br \/>\n Integrirana za\u0161tita: da (za\u0161tita le\u0111a izra\u0111ena od SAS-Tec materijala)<\/p>\n","protected":false},"excerpt":{"rendered":"<p>Helite e-GP-Air nudi potpuno novu tehnologiju za maksimalnu za\u0161titu na trka\u0107oj stazi. Prava revolucija u za\u0161titi&#8230;<\/p>\n","protected":false},"featured_media":15977,"comment_status":"open","ping_status":"closed","template":"","meta":{"_acf_changed":false},"brand":[2940],"gender":[],"product_brand":[],"product_cat":[1356,2855,2888],"product_tag":[],"class_list":{"0":"post-142872","1":"product","2":"type-product","3":"status-publish","4":"has-post-thumbnail","6":"brand-helitsi","7":"product_cat-motociklisticka-oprema","8":"product_cat-zastitnici-i-zracni-jastuci","9":"product_cat-zracni-jastuci","10":"pa_size-l-hr","11":"pa_size-m-hr","12":"pa_size-xl-hr","13":"pa_size-xxl-hr","15":"first","16":"onbackorder","17":"sale","18":"taxable","19":"shipping-taxable","20":"purchasable","21":"product-type-variable"},"acf":[],"_links":{"self":[{"href":"https:\/\/moto-oprema.com\/hr\/wp-json\/wp\/v2\/product\/142872","targetHints":{"allow":["GET"]}}],"collection":[{"href":"https:\/\/moto-oprema.com\/hr\/wp-json\/wp\/v2\/product"}],"about":[{"href":"https:\/\/moto-oprema.com\/hr\/wp-json\/wp\/v2\/types\/product"}],"replies":[{"embeddable":true,"href":"https:\/\/moto-oprema.com\/hr\/wp-json\/wp\/v2\/comments?post=142872"}],"wp:featuredmedia":[{"embeddable":true,"href":"https:\/\/moto-oprema.com\/hr\/wp-json\/wp\/v2\/media\/15977"}],"wp:attachment":[{"href":"https:\/\/moto-oprema.com\/hr\/wp-json\/wp\/v2\/media?parent=142872"}],"wp:term":[{"taxonomy":"brand","embeddable":true,"href":"https:\/\/moto-oprema.com\/hr\/wp-json\/wp\/v2\/brand?post=142872"},{"taxonomy":"gender","embeddable":true,"href":"https:\/\/moto-oprema.com\/hr\/wp-json\/wp\/v2\/gender?post=142872"},{"taxonomy":"product_brand","embeddable":true,"href":"https:\/\/moto-oprema.com\/hr\/wp-json\/wp\/v2\/product_brand?post=142872"},{"taxonomy":"product_cat","embeddable":true,"href":"https:\/\/moto-oprema.com\/hr\/wp-json\/wp\/v2\/product_cat?post=142872"},{"taxonomy":"product_tag","embeddable":true,"href":"https:\/\/moto-oprema.com\/hr\/wp-json\/wp\/v2\/product_tag?post=142872"}],"curies":[{"name":"wp","href":"https:\/\/api.w.org\/{rel}","templated":true}]}}