{"id":142829,"date":"2022-01-10T11:21:04","date_gmt":"2022-01-10T11:21:04","guid":{"rendered":"https:\/\/moto-oprema.com\/Artikel\/zelite-roadster-leder-turtle-crnu-jaknu\/"},"modified":"2022-01-10T11:21:04","modified_gmt":"2022-01-10T11:21:04","slug":"zelite-roadster-leder-turtle-crnu-jaknu","status":"publish","type":"product","link":"https:\/\/moto-oprema.com\/hr\/Artikel\/zelite-roadster-leder-turtle-crnu-jaknu\/","title":{"rendered":"\u017dELITE ROADSTER LEDER TURTLE CRNU JAKNU"},"content":{"rendered":"<p>Ko\u017ena jakna za motocikliste u elegantnom Caf\u00e9 Racer dizajnu. Zra\u010dni jastuk ugra\u0111en u ko\u017enu jaknu apsorbira udarce i stabilizira gornji dio tijela od ozljeda. <\/p>\n<p>100% mehani\u010dko pri\u010dvr\u0161\u0107ivanje, visoka pouzdanost, dugi vijek trajanja, jednostavna ugradnja i bez odr\u017eavanja. CE odobreni \u0161titnici za ramena i laktove. Dodatna SAS-TEC za\u0161tita le\u0111a razine 2 za TURTLE efekt. Visokokvalitetna gove\u0111a ko\u017ea debljine 1,2 mm za \u010dvrsto\u0107u i izdr\u017eljivost. Mekani neoprenski ovratnik, brojni unutarnji i vanjski d\u017eepovi. Mre\u017easti umeci ispod pazuha, uklonjiva termo podstava s dugim rukavima (100% poliester). Ko\u017eni rastezljivi umeci sa strane za savr\u0161eno, \u010dvrsto prianjanje.      <\/p>\n","protected":false},"excerpt":{"rendered":"<p>Ko\u017ena jakna za motocikliste u elegantnom Caf\u00e9 Racer dizajnu. Zra\u010dni jastuk ugra\u0111en u ko\u017enu jaknu apsorbira&#8230;<\/p>\n","protected":false},"featured_media":15986,"comment_status":"open","ping_status":"open","template":"","meta":{"_acf_changed":false},"brand":[2940],"gender":[],"product_brand":[],"product_cat":[2759,2915,1356,2855],"product_tag":[],"class_list":{"0":"post-142829","1":"product","2":"type-product","3":"status-publish","4":"has-post-thumbnail","6":"brand-helitsi","7":"product_cat-jakne-hr","8":"product_cat-kozne-jakne","9":"product_cat-motociklisticka-oprema","10":"product_cat-zastitnici-i-zracni-jastuci","11":"pa_size-l-hr","12":"pa_size-xl-hr","13":"pa_size-xll-hr","15":"first","16":"onbackorder","17":"taxable","18":"shipping-taxable","19":"purchasable","20":"product-type-variable"},"acf":[],"_links":{"self":[{"href":"https:\/\/moto-oprema.com\/hr\/wp-json\/wp\/v2\/product\/142829","targetHints":{"allow":["GET"]}}],"collection":[{"href":"https:\/\/moto-oprema.com\/hr\/wp-json\/wp\/v2\/product"}],"about":[{"href":"https:\/\/moto-oprema.com\/hr\/wp-json\/wp\/v2\/types\/product"}],"replies":[{"embeddable":true,"href":"https:\/\/moto-oprema.com\/hr\/wp-json\/wp\/v2\/comments?post=142829"}],"wp:featuredmedia":[{"embeddable":true,"href":"https:\/\/moto-oprema.com\/hr\/wp-json\/wp\/v2\/media\/15986"}],"wp:attachment":[{"href":"https:\/\/moto-oprema.com\/hr\/wp-json\/wp\/v2\/media?parent=142829"}],"wp:term":[{"taxonomy":"brand","embeddable":true,"href":"https:\/\/moto-oprema.com\/hr\/wp-json\/wp\/v2\/brand?post=142829"},{"taxonomy":"gender","embeddable":true,"href":"https:\/\/moto-oprema.com\/hr\/wp-json\/wp\/v2\/gender?post=142829"},{"taxonomy":"product_brand","embeddable":true,"href":"https:\/\/moto-oprema.com\/hr\/wp-json\/wp\/v2\/product_brand?post=142829"},{"taxonomy":"product_cat","embeddable":true,"href":"https:\/\/moto-oprema.com\/hr\/wp-json\/wp\/v2\/product_cat?post=142829"},{"taxonomy":"product_tag","embeddable":true,"href":"https:\/\/moto-oprema.com\/hr\/wp-json\/wp\/v2\/product_tag?post=142829"}],"curies":[{"name":"wp","href":"https:\/\/api.w.org\/{rel}","templated":true}]}}