{"id":142823,"date":"2022-01-10T10:28:29","date_gmt":"2022-01-10T10:28:29","guid":{"rendered":"https:\/\/moto-oprema.com\/Artikel\/helite-co2-kapsula-za-e-turtle-e-gp-100ccm\/"},"modified":"2022-01-10T10:28:29","modified_gmt":"2022-01-10T10:28:29","slug":"helite-co2-kapsula-za-e-turtle-e-gp-100ccm","status":"publish","type":"product","link":"https:\/\/moto-oprema.com\/hr\/Artikel\/helite-co2-kapsula-za-e-turtle-e-gp-100ccm\/","title":{"rendered":"HELITE CO2 KAPSULA ZA E-TURTLE E-GP 100ccm"},"content":{"rendered":"<p>Zamjenska e-ulo\u0161ka CO2 100cc. Svaki Helite elektroni\u010dki sustav zra\u010dnih jastuka isporu\u010duje se s e-ulo\u0161kom, a ova e-ulo\u0161ka slu\u017ei kao rezervna. <\/p>\n","protected":false},"excerpt":{"rendered":"<p>Zamjenska e-ulo\u0161ka CO2 100cc. Svaki Helite elektroni\u010dki sustav zra\u010dnih jastuka isporu\u010duje se s e-ulo\u0161kom, a ova&#8230;<\/p>\n","protected":false},"featured_media":15984,"comment_status":"open","ping_status":"closed","template":"","meta":{"_acf_changed":false},"brand":[2940],"gender":[],"product_brand":[],"product_cat":[1356,2855,2888],"product_tag":[],"class_list":{"0":"post-142823","1":"product","2":"type-product","3":"status-publish","4":"has-post-thumbnail","6":"brand-helitsi","7":"product_cat-motociklisticka-oprema","8":"product_cat-zastitnici-i-zracni-jastuci","9":"product_cat-zracni-jastuci","11":"first","12":"outofstock","13":"taxable","14":"shipping-taxable","15":"purchasable","16":"product-type-simple"},"acf":[],"_links":{"self":[{"href":"https:\/\/moto-oprema.com\/hr\/wp-json\/wp\/v2\/product\/142823","targetHints":{"allow":["GET"]}}],"collection":[{"href":"https:\/\/moto-oprema.com\/hr\/wp-json\/wp\/v2\/product"}],"about":[{"href":"https:\/\/moto-oprema.com\/hr\/wp-json\/wp\/v2\/types\/product"}],"replies":[{"embeddable":true,"href":"https:\/\/moto-oprema.com\/hr\/wp-json\/wp\/v2\/comments?post=142823"}],"wp:featuredmedia":[{"embeddable":true,"href":"https:\/\/moto-oprema.com\/hr\/wp-json\/wp\/v2\/media\/15984"}],"wp:attachment":[{"href":"https:\/\/moto-oprema.com\/hr\/wp-json\/wp\/v2\/media?parent=142823"}],"wp:term":[{"taxonomy":"brand","embeddable":true,"href":"https:\/\/moto-oprema.com\/hr\/wp-json\/wp\/v2\/brand?post=142823"},{"taxonomy":"gender","embeddable":true,"href":"https:\/\/moto-oprema.com\/hr\/wp-json\/wp\/v2\/gender?post=142823"},{"taxonomy":"product_brand","embeddable":true,"href":"https:\/\/moto-oprema.com\/hr\/wp-json\/wp\/v2\/product_brand?post=142823"},{"taxonomy":"product_cat","embeddable":true,"href":"https:\/\/moto-oprema.com\/hr\/wp-json\/wp\/v2\/product_cat?post=142823"},{"taxonomy":"product_tag","embeddable":true,"href":"https:\/\/moto-oprema.com\/hr\/wp-json\/wp\/v2\/product_tag?post=142823"}],"curies":[{"name":"wp","href":"https:\/\/api.w.org\/{rel}","templated":true}]}}