{"id":142798,"date":"2022-01-03T10:27:38","date_gmt":"2022-01-03T10:27:38","guid":{"rendered":"https:\/\/moto-oprema.com\/Artikel\/dainese-carve-master-3-gore-tex-zenske-hlace-crne-boje\/"},"modified":"2022-01-03T10:27:38","modified_gmt":"2022-01-03T10:27:38","slug":"dainese-carve-master-3-gore-tex-zenske-hlace-crne-boje","status":"publish","type":"product","link":"https:\/\/moto-oprema.com\/hr\/Artikel\/dainese-carve-master-3-gore-tex-zenske-hlace-crne-boje\/","title":{"rendered":"DAINESE CARVE MASTER 3 GORE-TEX \u017dENSKE HLA\u010cE CRNE BOJE"},"content":{"rendered":"<p>Hla\u010de Carve Master 3 Lady GORE-TEX\u00ae najnaprednije su sportsko-touring motociklisti\u010dke hla\u010de za \u017eene u Dainese asortimanu, idealne za putovanja u svim godi\u0161njim dobima uz apsolutnu udobnost i maksimalne performanse. Vodootporna GORE-TEX\u00ae membrana za\u0161titni je \u0161tit od ki\u0161e i vremenskih uvjeta, uvijek osiguravaju\u0107i izvrsnu prozra\u010dnost. Izrada od mekane i otporne Mugello tkanine savr\u0161eno se prilago\u0111ava pokretima tijela i precizno ih prati sa svakim pokretom na motociklu. Uklonjiva termalna podstava osigurava visoku razinu udobnosti \u010dak i u hladnijim mjesecima godine, a u kombinaciji s usisnikom zraka s patentnim zatvara\u010dem omogu\u0107uje svestranu upotrebu. Najvi\u0161e sigurnosne standarde Dainesea jam\u010de Pro Armor \u0161titnici (razina 2, tip B) na koljenima. Inspirirana geometrijom prirodnih fraktala, Dainese Pro-Armor tehnologija nudi maksimalnu za\u0161titu uz mobilnost mekog \u0161titnika i idealnu ventilaciju zahvaljuju\u0107i ventiliranoj povr\u0161ini koja pokriva 40% za\u0161titne povr\u0161ine.     <\/p>\n<p>Sastav sirovine: 100% najlon<\/p>\n","protected":false},"excerpt":{"rendered":"<p>\u017denske gore-tex\u00ae hla\u010de Dainese Carve Master 3.<\/p>\n","protected":false},"featured_media":142809,"comment_status":"open","ping_status":"closed","template":"","meta":{"_acf_changed":false},"brand":[2800],"gender":[1314],"product_brand":[],"product_cat":[2832,1356,2857],"product_tag":[],"class_list":{"0":"post-142798","1":"product","2":"type-product","3":"status-publish","4":"has-post-thumbnail","6":"brand-dainese-hr","7":"gender-zenska","8":"product_cat-hlace-hr","9":"product_cat-motociklisticka-oprema","10":"product_cat-tekstilne-hlace-hr","11":"pa_size-38-hr","12":"pa_size-40-hr","13":"pa_size-42-hr","14":"pa_size-44-hr","15":"pa_size-46-hr","16":"pa_size-48-hr","17":"pa_size-50-hr","18":"pa_size-52-hr","20":"first","21":"onbackorder","22":"sale","23":"taxable","24":"shipping-taxable","25":"purchasable","26":"product-type-variable"},"acf":[],"_links":{"self":[{"href":"https:\/\/moto-oprema.com\/hr\/wp-json\/wp\/v2\/product\/142798","targetHints":{"allow":["GET"]}}],"collection":[{"href":"https:\/\/moto-oprema.com\/hr\/wp-json\/wp\/v2\/product"}],"about":[{"href":"https:\/\/moto-oprema.com\/hr\/wp-json\/wp\/v2\/types\/product"}],"replies":[{"embeddable":true,"href":"https:\/\/moto-oprema.com\/hr\/wp-json\/wp\/v2\/comments?post=142798"}],"wp:featuredmedia":[{"embeddable":true,"href":"https:\/\/moto-oprema.com\/hr\/wp-json\/wp\/v2\/media\/142809"}],"wp:attachment":[{"href":"https:\/\/moto-oprema.com\/hr\/wp-json\/wp\/v2\/media?parent=142798"}],"wp:term":[{"taxonomy":"brand","embeddable":true,"href":"https:\/\/moto-oprema.com\/hr\/wp-json\/wp\/v2\/brand?post=142798"},{"taxonomy":"gender","embeddable":true,"href":"https:\/\/moto-oprema.com\/hr\/wp-json\/wp\/v2\/gender?post=142798"},{"taxonomy":"product_brand","embeddable":true,"href":"https:\/\/moto-oprema.com\/hr\/wp-json\/wp\/v2\/product_brand?post=142798"},{"taxonomy":"product_cat","embeddable":true,"href":"https:\/\/moto-oprema.com\/hr\/wp-json\/wp\/v2\/product_cat?post=142798"},{"taxonomy":"product_tag","embeddable":true,"href":"https:\/\/moto-oprema.com\/hr\/wp-json\/wp\/v2\/product_tag?post=142798"}],"curies":[{"name":"wp","href":"https:\/\/api.w.org\/{rel}","templated":true}]}}