{"id":142790,"date":"2022-01-04T09:25:31","date_gmt":"2022-01-04T09:25:31","guid":{"rendered":"https:\/\/moto-oprema.com\/Artikel\/leatt-velocity-5-5-zastitne-naocale-crvene\/"},"modified":"2022-01-04T09:25:31","modified_gmt":"2022-01-04T09:25:31","slug":"leatt-velocity-5-5-zastitne-naocale-crvene","status":"publish","type":"product","link":"https:\/\/moto-oprema.com\/hr\/Artikel\/leatt-velocity-5-5-zastitne-naocale-crvene\/","title":{"rendered":"LEATT VELOCITY 5.5 ZA\u0160TITNE NAO\u010cALE CRVENE"},"content":{"rendered":"<p>Velocity 5.5 je doslovno otporan na metke. Testiran prema vojnim balisti\u010dkim standardima za udar, osigurava da vam je vid jasan i za\u0161ti\u0107en u svakom trenutku, bez obzira na to \u0161to vam se baca s tla ili na osobu ispred vas. <\/p>\n<p>Le\u0107a WideVision protiv zamagljivanja (170\u00b0) osigurava optimalan pogled prednjeg dijela i okoline. Osim toga, nao\u010dale su prikladne i za blatnjave dane vo\u017enje brdskim biciklom zahvaljuju\u0107i sustavu za otkidanje. Osobe koje nose nao\u010dale u\u017eivat \u0107e u pristajanju preko nao\u010dala, dok \u0161iroke ru\u010dke, sustav za uvijanje i remen protiv klizanja od 45 mm savr\u0161eno pristaju gotovo svim kacigama.  <\/p>\n<p>Ako se znojite, troslojna pjena dvostruke gusto\u0107e i flis koji odvodi znoj pru\u017eaju maksimalnu udobnost i sprje\u010davaju ulazak znoja u o\u010di. Velocity 5.5 je neophodan za sve enduro, downhill i mountain bicikliste. <\/p>\n<p>CE testirano i certificirano prema EN 1938:2010<\/p>\n","protected":false},"excerpt":{"rendered":"<p>CRVENO BISTRO 83%<\/p>\n","protected":false},"featured_media":15722,"comment_status":"open","ping_status":"open","template":"","meta":{"_acf_changed":false},"brand":[2744],"gender":[2172],"product_brand":[],"product_cat":[2740,3293,2861,2733],"product_tag":[],"class_list":{"0":"post-142790","1":"product","2":"type-product","3":"status-publish","4":"has-post-thumbnail","6":"brand-leatt-hr","7":"gender-unisex-hr","8":"product_cat-mtb-biciklisticka-oprema","9":"product_cat-mtb-naocale","10":"product_cat-mx-naocale","11":"product_cat-oprema-za-motokros","13":"first","14":"instock","15":"taxable","16":"shipping-taxable","17":"purchasable","18":"product-type-simple"},"acf":[],"_links":{"self":[{"href":"https:\/\/moto-oprema.com\/hr\/wp-json\/wp\/v2\/product\/142790","targetHints":{"allow":["GET"]}}],"collection":[{"href":"https:\/\/moto-oprema.com\/hr\/wp-json\/wp\/v2\/product"}],"about":[{"href":"https:\/\/moto-oprema.com\/hr\/wp-json\/wp\/v2\/types\/product"}],"replies":[{"embeddable":true,"href":"https:\/\/moto-oprema.com\/hr\/wp-json\/wp\/v2\/comments?post=142790"}],"wp:featuredmedia":[{"embeddable":true,"href":"https:\/\/moto-oprema.com\/hr\/wp-json\/wp\/v2\/media\/15722"}],"wp:attachment":[{"href":"https:\/\/moto-oprema.com\/hr\/wp-json\/wp\/v2\/media?parent=142790"}],"wp:term":[{"taxonomy":"brand","embeddable":true,"href":"https:\/\/moto-oprema.com\/hr\/wp-json\/wp\/v2\/brand?post=142790"},{"taxonomy":"gender","embeddable":true,"href":"https:\/\/moto-oprema.com\/hr\/wp-json\/wp\/v2\/gender?post=142790"},{"taxonomy":"product_brand","embeddable":true,"href":"https:\/\/moto-oprema.com\/hr\/wp-json\/wp\/v2\/product_brand?post=142790"},{"taxonomy":"product_cat","embeddable":true,"href":"https:\/\/moto-oprema.com\/hr\/wp-json\/wp\/v2\/product_cat?post=142790"},{"taxonomy":"product_tag","embeddable":true,"href":"https:\/\/moto-oprema.com\/hr\/wp-json\/wp\/v2\/product_tag?post=142790"}],"curies":[{"name":"wp","href":"https:\/\/api.w.org\/{rel}","templated":true}]}}