{"id":142778,"date":"2022-01-03T10:08:18","date_gmt":"2022-01-03T10:08:18","guid":{"rendered":"https:\/\/moto-oprema.com\/Artikel\/dainese-carve-master-3-gore-tex-zenska-crna-crna-ebony-lava-crvena\/"},"modified":"2022-01-03T10:08:18","modified_gmt":"2022-01-03T10:08:18","slug":"dainese-carve-master-3-gore-tex-zenska-crna-crna-ebony-lava-crvena","status":"publish","type":"product","link":"https:\/\/moto-oprema.com\/hr\/Artikel\/dainese-carve-master-3-gore-tex-zenska-crna-crna-ebony-lava-crvena\/","title":{"rendered":"DAINESE CARVE MASTER 3 GORE-TEX\u00ae \u017dENSKA CRNA CRNA EBONY LAVA CRVENA"},"content":{"rendered":"<p>Carve Master 3 Lady GORE-TEX\u00ae je najnaprednija sportsko-touring motociklisti\u010dka jakna za \u017eene u Dainese asortimanu, idealna za putovanja u svim godi\u0161njim dobima uz apsolutnu udobnost i maksimalne performanse. Vodootporna GORE-TEX\u00ae membrana za\u0161titni je \u0161tit od ki\u0161e i vremenskih uvjeta, uvijek osiguravaju\u0107i izvrsnu prozra\u010dnost. Konstrukcija od mekane i otporne Mugello tkanine savr\u0161eno se prilago\u0111ava pokretima tijela i precizno ih prati sa svakim pokretom na motociklu. Uklonjiva termalna podstava osigurava visoku udobnost no\u0161enja \u010dak i u hladnijim mjesecima godine, a u kombinaciji s brojnim otvorima za zrak s patentnim zatvara\u010dima omogu\u0107uje svestranu upotrebu. Najvi\u0161e sigurnosne standarde tvrtke Dainese jam\u010de Pro Armor \u0161titnici (razina 2) na laktovima i ramenima te oprema s G1 i G2 \u0161titnicima za le\u0111a. Inspirirana geometrijom prirodnih fraktala, Dainese Pro-Armor tehnologija nudi najvi\u0161u razinu za\u0161tite uz mobilnost mekog \u0161titnika i idealnu ventilaciju zahvaljuju\u0107i ventiliranoj povr\u0161ini koja pokriva 40% za\u0161titne povr\u0161ine. Otpornost na habanje u najoptere\u0107enijim podru\u010djima osigurana je 3D umetcima od kamena.      <\/p>\n<div class=\"description\">\n<p>Sastav sirovine:<\/p>\n<ul>\n<li>Vanjski dio: 91% Najlon, 5% Elastan, 4% Poliuretan<\/li>\n<\/ul>\n<\/div>\n","protected":false},"excerpt":{"rendered":"<p>\u017denska jakna Dainese Carve Master 3 Gore-Tex\u00ae.<\/p>\n","protected":false},"featured_media":142794,"comment_status":"open","ping_status":"closed","template":"","meta":{"_acf_changed":false},"brand":[2800],"gender":[1314],"product_brand":[],"product_cat":[2759,1356,2761],"product_tag":[],"class_list":{"0":"post-142778","1":"product","2":"type-product","3":"status-publish","4":"has-post-thumbnail","6":"brand-dainese-hr","7":"gender-zenska","8":"product_cat-jakne-hr","9":"product_cat-motociklisticka-oprema","10":"product_cat-tekstilne-jakne-hr","11":"pa_size-40-hr","12":"pa_size-42-hr","13":"pa_size-44-hr","14":"pa_size-46-hr","15":"pa_size-48-hr","16":"pa_size-50-hr","17":"pa_size-52-hr","19":"first","20":"onbackorder","21":"sale","22":"taxable","23":"shipping-taxable","24":"purchasable","25":"product-type-variable"},"acf":[],"_links":{"self":[{"href":"https:\/\/moto-oprema.com\/hr\/wp-json\/wp\/v2\/product\/142778","targetHints":{"allow":["GET"]}}],"collection":[{"href":"https:\/\/moto-oprema.com\/hr\/wp-json\/wp\/v2\/product"}],"about":[{"href":"https:\/\/moto-oprema.com\/hr\/wp-json\/wp\/v2\/types\/product"}],"replies":[{"embeddable":true,"href":"https:\/\/moto-oprema.com\/hr\/wp-json\/wp\/v2\/comments?post=142778"}],"wp:featuredmedia":[{"embeddable":true,"href":"https:\/\/moto-oprema.com\/hr\/wp-json\/wp\/v2\/media\/142794"}],"wp:attachment":[{"href":"https:\/\/moto-oprema.com\/hr\/wp-json\/wp\/v2\/media?parent=142778"}],"wp:term":[{"taxonomy":"brand","embeddable":true,"href":"https:\/\/moto-oprema.com\/hr\/wp-json\/wp\/v2\/brand?post=142778"},{"taxonomy":"gender","embeddable":true,"href":"https:\/\/moto-oprema.com\/hr\/wp-json\/wp\/v2\/gender?post=142778"},{"taxonomy":"product_brand","embeddable":true,"href":"https:\/\/moto-oprema.com\/hr\/wp-json\/wp\/v2\/product_brand?post=142778"},{"taxonomy":"product_cat","embeddable":true,"href":"https:\/\/moto-oprema.com\/hr\/wp-json\/wp\/v2\/product_cat?post=142778"},{"taxonomy":"product_tag","embeddable":true,"href":"https:\/\/moto-oprema.com\/hr\/wp-json\/wp\/v2\/product_tag?post=142778"}],"curies":[{"name":"wp","href":"https:\/\/api.w.org\/{rel}","templated":true}]}}