{"id":142764,"date":"2022-01-03T11:43:34","date_gmt":"2022-01-03T11:43:34","guid":{"rendered":"https:\/\/moto-oprema.com\/Artikel\/leatt-velocity-4-5-naocale-neon-narancaste-prozirne\/"},"modified":"2022-01-03T11:43:34","modified_gmt":"2022-01-03T11:43:34","slug":"leatt-velocity-4-5-naocale-neon-narancaste-prozirne","status":"publish","type":"product","link":"https:\/\/moto-oprema.com\/hr\/Artikel\/leatt-velocity-4-5-naocale-neon-narancaste-prozirne\/","title":{"rendered":"LEATT VELOCITY 4.5 NAO\u010cALE NEON NARAN\u010cASTE PROZIRNE"},"content":{"rendered":"<p>Velocity 4.5 je doslovno otporan na metke. Testiran prema vojnim balisti\u010dkim standardima za udar, osigurava da vam je vid jasan i za\u0161ti\u0107en u svakom trenutku, bez obzira na to \u0161to vam se baca s tla ili na osobu ispred vas. <\/p>\n<p>Le\u0107a WideVision protiv zamagljivanja (170\u00b0) osigurava optimalan pogled prednjeg dijela i okoline. Osim toga, nao\u010dale su prikladne i za blatnjave dane vo\u017enje brdskim biciklom zahvaljuju\u0107i sustavu za otkidanje. Osobe koje nose nao\u010dale u\u017eivat \u0107e u pristajanju nao\u010dala, dok se remen protiv klizanja od 40 mm mo\u017ee savr\u0161eno kombinirati sa gotovo svim kacigama.  <\/p>\n<p>Ako se znojite, pjena dvostruke gusto\u0107e i flis koji odvodi znoj pru\u017eaju maksimalnu udobnost i sprje\u010davaju ulazak znoja u o\u010di. Nao\u010dale Velocity 4.5 su obavezne za sve enduro, downhill i mountain bicikliste koji tra\u017ee visokokvalitetne nao\u010dale po atraktivnoj cijeni. <\/p>\n<p>CE testirano i certificirano prema EN 1938:2010<\/p>\n","protected":false},"excerpt":{"rendered":"<p>Neonsko naran\u010dasta &#8211; prozirna 83%<\/p>\n","protected":false},"featured_media":15686,"comment_status":"open","ping_status":"open","template":"","meta":{"_acf_changed":false},"brand":[2744],"gender":[2172],"product_brand":[],"product_cat":[2740,3293,2861,2733],"product_tag":[],"class_list":{"0":"post-142764","1":"product","2":"type-product","3":"status-publish","4":"has-post-thumbnail","6":"brand-leatt-hr","7":"gender-unisex-hr","8":"product_cat-mtb-biciklisticka-oprema","9":"product_cat-mtb-naocale","10":"product_cat-mx-naocale","11":"product_cat-oprema-za-motokros","13":"first","14":"onbackorder","15":"sale","16":"taxable","17":"shipping-taxable","18":"purchasable","19":"product-type-simple"},"acf":[],"_links":{"self":[{"href":"https:\/\/moto-oprema.com\/hr\/wp-json\/wp\/v2\/product\/142764","targetHints":{"allow":["GET"]}}],"collection":[{"href":"https:\/\/moto-oprema.com\/hr\/wp-json\/wp\/v2\/product"}],"about":[{"href":"https:\/\/moto-oprema.com\/hr\/wp-json\/wp\/v2\/types\/product"}],"replies":[{"embeddable":true,"href":"https:\/\/moto-oprema.com\/hr\/wp-json\/wp\/v2\/comments?post=142764"}],"wp:featuredmedia":[{"embeddable":true,"href":"https:\/\/moto-oprema.com\/hr\/wp-json\/wp\/v2\/media\/15686"}],"wp:attachment":[{"href":"https:\/\/moto-oprema.com\/hr\/wp-json\/wp\/v2\/media?parent=142764"}],"wp:term":[{"taxonomy":"brand","embeddable":true,"href":"https:\/\/moto-oprema.com\/hr\/wp-json\/wp\/v2\/brand?post=142764"},{"taxonomy":"gender","embeddable":true,"href":"https:\/\/moto-oprema.com\/hr\/wp-json\/wp\/v2\/gender?post=142764"},{"taxonomy":"product_brand","embeddable":true,"href":"https:\/\/moto-oprema.com\/hr\/wp-json\/wp\/v2\/product_brand?post=142764"},{"taxonomy":"product_cat","embeddable":true,"href":"https:\/\/moto-oprema.com\/hr\/wp-json\/wp\/v2\/product_cat?post=142764"},{"taxonomy":"product_tag","embeddable":true,"href":"https:\/\/moto-oprema.com\/hr\/wp-json\/wp\/v2\/product_tag?post=142764"}],"curies":[{"name":"wp","href":"https:\/\/api.w.org\/{rel}","templated":true}]}}