{"id":142739,"date":"2021-12-27T10:20:14","date_gmt":"2021-12-27T10:20:14","guid":{"rendered":"https:\/\/moto-oprema.com\/Artikel\/leatt-junior-2-5-stitnik-za-prsa\/"},"modified":"2021-12-27T10:20:14","modified_gmt":"2021-12-27T10:20:14","slug":"leatt-junior-2-5-stitnik-za-prsa","status":"publish","type":"product","link":"https:\/\/moto-oprema.com\/hr\/Artikel\/leatt-junior-2-5-stitnik-za-prsa\/","title":{"rendered":"LEATT JUNIOR 2.5 \u0160TITNIK ZA PRSA"},"content":{"rendered":"<p>Leatt 2.5 Junior \u0161titnik za prsa nudi laganu, vrhunsku za\u0161titu za mla\u0111e voza\u010de. S 3D dizajnom i podesivim remenima oko struka, pru\u017ea udobno pristajanje. Obilna ventilacija odr\u017eava vas hladnima. 2.5 se mo\u017ee upariti sa Leatt \u0161titnikom za vrat.   <\/p>\n<p>Tablica veli\u010dina:<br \/> S\/M = voza\u010di izme\u0111u 134 cm i 146 cm<br \/> L\/XL = visina voza\u010da izme\u0111u 147 cm i 159 cm<\/p>\n<p>Zna\u010dajke:<\/p>\n<ul>\n<li>Za\u0161titnik od tvrde \u0161koljke<\/li>\n<li>Testirano i certificirano kao za\u0161tita za gnijezda:\n<ul>\n<li>Prsa EN14021<\/li>\n<\/ul>\n<\/li>\n<li>Ukupni rezultat za\u0161tite Leatt\u00ae od 3 boda<\/li>\n<li>Na\u0161 3D dizajn osigurava izvrsno pristajanje i vrlo udobnost<\/li>\n<li>Mre\u017easti osnovni sloj<\/li>\n<li>Uski kroj omogu\u0107uje no\u0161enje preko ili ispod dresa<\/li>\n<li>Obilno prozra\u010divanje poma\u017ee u odr\u017eavanju hladno\u0107e voza\u010da<\/li>\n<li>Udubljenja sprijeda i straga, a sustav za pri\u010dvr\u0161\u0107ivanje naramenice za vrat BraceOn\u2122 savr\u0161eno se integrira s naramenicama za vrat Leatt\u00ae.<\/li>\n<li>Podesive trake za struk za izvrsno pristajanje<\/li>\n<\/ul>\n","protected":false},"excerpt":{"rendered":"<p>\u0160titnik za prsa Leatt 2.5 Junior nudi laganu i vrhunsku za\u0161titu za mla\u0111e voza\u010de.<\/p>\n","protected":false},"featured_media":15471,"comment_status":"open","ping_status":"open","template":"","meta":{"_acf_changed":false},"brand":[2744],"gender":[],"product_brand":[],"product_cat":[2935,2733,2892],"product_tag":[],"class_list":{"0":"post-142739","1":"product","2":"type-product","3":"status-publish","4":"has-post-thumbnail","6":"brand-leatt-hr","7":"product_cat-mx-stitnici","8":"product_cat-oprema-za-motokros","9":"product_cat-za-najmlade-hr","10":"pa_size-l-xl-hr","11":"pa_size-sm","13":"first","14":"outofstock","15":"sale","16":"taxable","17":"shipping-taxable","18":"purchasable","19":"product-type-variable"},"acf":[],"_links":{"self":[{"href":"https:\/\/moto-oprema.com\/hr\/wp-json\/wp\/v2\/product\/142739","targetHints":{"allow":["GET"]}}],"collection":[{"href":"https:\/\/moto-oprema.com\/hr\/wp-json\/wp\/v2\/product"}],"about":[{"href":"https:\/\/moto-oprema.com\/hr\/wp-json\/wp\/v2\/types\/product"}],"replies":[{"embeddable":true,"href":"https:\/\/moto-oprema.com\/hr\/wp-json\/wp\/v2\/comments?post=142739"}],"wp:featuredmedia":[{"embeddable":true,"href":"https:\/\/moto-oprema.com\/hr\/wp-json\/wp\/v2\/media\/15471"}],"wp:attachment":[{"href":"https:\/\/moto-oprema.com\/hr\/wp-json\/wp\/v2\/media?parent=142739"}],"wp:term":[{"taxonomy":"brand","embeddable":true,"href":"https:\/\/moto-oprema.com\/hr\/wp-json\/wp\/v2\/brand?post=142739"},{"taxonomy":"gender","embeddable":true,"href":"https:\/\/moto-oprema.com\/hr\/wp-json\/wp\/v2\/gender?post=142739"},{"taxonomy":"product_brand","embeddable":true,"href":"https:\/\/moto-oprema.com\/hr\/wp-json\/wp\/v2\/product_brand?post=142739"},{"taxonomy":"product_cat","embeddable":true,"href":"https:\/\/moto-oprema.com\/hr\/wp-json\/wp\/v2\/product_cat?post=142739"},{"taxonomy":"product_tag","embeddable":true,"href":"https:\/\/moto-oprema.com\/hr\/wp-json\/wp\/v2\/product_tag?post=142739"}],"curies":[{"name":"wp","href":"https:\/\/api.w.org\/{rel}","templated":true}]}}