{"id":142725,"date":"2022-01-03T09:48:18","date_gmt":"2022-01-03T09:48:18","guid":{"rendered":"https:\/\/moto-oprema.com\/Artikel\/dainese-carve-master-3-gore-tex-hlace-crne-lava-crvene\/"},"modified":"2022-01-03T09:48:18","modified_gmt":"2022-01-03T09:48:18","slug":"dainese-carve-master-3-gore-tex-hlace-crne-lava-crvene","status":"publish","type":"product","link":"https:\/\/moto-oprema.com\/hr\/Artikel\/dainese-carve-master-3-gore-tex-hlace-crne-lava-crvene\/","title":{"rendered":"DAINESE CARVE MASTER 3 GORE-TEX\u00ae HLA\u010cE CRNE LAVA CRVENE"},"content":{"rendered":"<p>Hla\u010de Carve Master 3 GORE-TEX\u00ae najnaprednije su sportsko-tour motociklisti\u010dke hla\u010de u Dainese asortimanu, idealne za putovanja u svim godi\u0161njim dobima uz apsolutnu udobnost i maksimalne performanse. Vodootporna GORE-TEX\u00ae membrana za\u0161titni je \u0161tit od ki\u0161e i vremenskih uvjeta, uvijek osiguravaju\u0107i izvrsnu prozra\u010dnost. Izrada od mekane i otporne Mugello tkanine savr\u0161eno se prilago\u0111ava pokretima tijela i precizno ih prati sa svakim pokretom na motociklu. Uklonjiva termalna podstava osigurava visoku razinu udobnosti \u010dak i u hladnijim mjesecima godine, a u kombinaciji s usisnikom zraka s patentnim zatvara\u010dem omogu\u0107uje svestranu upotrebu. Najvi\u0161e sigurnosne standarde Dainesea osiguravaju Pro Armor \u0161titnici (razina 2, tip B) na koljenima. Inspirirana geometrijom prirodnih fraktala, Dainese Pro-Armor tehnologija nudi maksimalnu za\u0161titu uz mobilnost mekog \u0161titnika i idealnu ventilaciju zahvaljuju\u0107i ventiliranoj povr\u0161ini koja pokriva 40% za\u0161titne povr\u0161ine.     <\/p>\n<p>Sastav sirovine: 100% najlon<\/p>\n","protected":false},"excerpt":{"rendered":"<p>Dainese Carve Master 2 Gore-tex\u00ae hla\u010de.<\/p>\n","protected":false},"featured_media":142741,"comment_status":"open","ping_status":"closed","template":"","meta":{"_acf_changed":false},"brand":[2800],"gender":[],"product_brand":[],"product_cat":[2832,1356,2857],"product_tag":[],"class_list":{"0":"post-142725","1":"product","2":"type-product","3":"status-publish","4":"has-post-thumbnail","6":"brand-dainese-hr","7":"product_cat-hlace-hr","8":"product_cat-motociklisticka-oprema","9":"product_cat-tekstilne-hlace-hr","10":"pa_size-48-hr","11":"pa_size-50-hr","12":"pa_size-52-hr","13":"pa_size-54-hr","14":"pa_size-56-hr","15":"pa_size-58-hr","16":"pa_size-60-hr","17":"pa_size-62-hr","19":"first","20":"onbackorder","21":"sale","22":"taxable","23":"shipping-taxable","24":"purchasable","25":"product-type-variable"},"acf":[],"_links":{"self":[{"href":"https:\/\/moto-oprema.com\/hr\/wp-json\/wp\/v2\/product\/142725","targetHints":{"allow":["GET"]}}],"collection":[{"href":"https:\/\/moto-oprema.com\/hr\/wp-json\/wp\/v2\/product"}],"about":[{"href":"https:\/\/moto-oprema.com\/hr\/wp-json\/wp\/v2\/types\/product"}],"replies":[{"embeddable":true,"href":"https:\/\/moto-oprema.com\/hr\/wp-json\/wp\/v2\/comments?post=142725"}],"wp:featuredmedia":[{"embeddable":true,"href":"https:\/\/moto-oprema.com\/hr\/wp-json\/wp\/v2\/media\/142741"}],"wp:attachment":[{"href":"https:\/\/moto-oprema.com\/hr\/wp-json\/wp\/v2\/media?parent=142725"}],"wp:term":[{"taxonomy":"brand","embeddable":true,"href":"https:\/\/moto-oprema.com\/hr\/wp-json\/wp\/v2\/brand?post=142725"},{"taxonomy":"gender","embeddable":true,"href":"https:\/\/moto-oprema.com\/hr\/wp-json\/wp\/v2\/gender?post=142725"},{"taxonomy":"product_brand","embeddable":true,"href":"https:\/\/moto-oprema.com\/hr\/wp-json\/wp\/v2\/product_brand?post=142725"},{"taxonomy":"product_cat","embeddable":true,"href":"https:\/\/moto-oprema.com\/hr\/wp-json\/wp\/v2\/product_cat?post=142725"},{"taxonomy":"product_tag","embeddable":true,"href":"https:\/\/moto-oprema.com\/hr\/wp-json\/wp\/v2\/product_tag?post=142725"}],"curies":[{"name":"wp","href":"https:\/\/api.w.org\/{rel}","templated":true}]}}