{"id":142694,"date":"2021-12-29T09:43:49","date_gmt":"2021-12-29T09:43:49","guid":{"rendered":"https:\/\/moto-oprema.com\/Artikel\/leatt-mtb-zastitna-majica-roost-tee\/"},"modified":"2021-12-29T09:43:49","modified_gmt":"2021-12-29T09:43:49","slug":"leatt-mtb-zastitna-majica-roost-tee","status":"publish","type":"product","link":"https:\/\/moto-oprema.com\/hr\/Artikel\/leatt-mtb-zastitna-majica-roost-tee\/","title":{"rendered":"LEATT MTB za\u0161titna majica ROOST TEE"},"content":{"rendered":"<div class=\"tw-ta-container tw-nfl\" id=\"tw-target-text-container\">\n<p class=\"tw-data-text tw-text-large tw-ta\" id=\"tw-target-text\" style=\"text-align:left;\" dir=\"ltr\"><span xml_lang=\"sl\" lang=\"sl\">-Tako\u0111er napravljeno za MTB i DH.  <\/span><\/p>\n<p>Dres Leatt Roost je vrlo lagan i lako se obla\u010di preko hla\u010da. Rastezljivi paneli osiguravaju udobno pristajanje. Materijal MoistureCool odr\u017eava tijelo hladnim i odvodi znoj.  <\/p><\/div>\n<div class=\"tw-ta-container tw-nfl\" id=\"z6maec\"><\/div>\n","protected":false},"excerpt":{"rendered":"<p>* Redovna MPC cijena prema cjeniku proizvo\u0111a\u010da &#8211; 239,00 *<\/p>\n","protected":false},"featured_media":15484,"comment_status":"open","ping_status":"open","template":"","meta":{"_acf_changed":false},"brand":[2744],"gender":[],"product_brand":[],"product_cat":[1356],"product_tag":[],"class_list":{"0":"post-142694","1":"product","2":"type-product","3":"status-publish","4":"has-post-thumbnail","6":"brand-leatt-hr","7":"product_cat-motociklisticka-oprema","8":"pa_size-l-xl-hr","9":"pa_size-sm","10":"pa_size-xxl-hr","12":"first","13":"onbackorder","14":"taxable","15":"shipping-taxable","16":"purchasable","17":"product-type-variable"},"acf":[],"_links":{"self":[{"href":"https:\/\/moto-oprema.com\/hr\/wp-json\/wp\/v2\/product\/142694","targetHints":{"allow":["GET"]}}],"collection":[{"href":"https:\/\/moto-oprema.com\/hr\/wp-json\/wp\/v2\/product"}],"about":[{"href":"https:\/\/moto-oprema.com\/hr\/wp-json\/wp\/v2\/types\/product"}],"replies":[{"embeddable":true,"href":"https:\/\/moto-oprema.com\/hr\/wp-json\/wp\/v2\/comments?post=142694"}],"wp:featuredmedia":[{"embeddable":true,"href":"https:\/\/moto-oprema.com\/hr\/wp-json\/wp\/v2\/media\/15484"}],"wp:attachment":[{"href":"https:\/\/moto-oprema.com\/hr\/wp-json\/wp\/v2\/media?parent=142694"}],"wp:term":[{"taxonomy":"brand","embeddable":true,"href":"https:\/\/moto-oprema.com\/hr\/wp-json\/wp\/v2\/brand?post=142694"},{"taxonomy":"gender","embeddable":true,"href":"https:\/\/moto-oprema.com\/hr\/wp-json\/wp\/v2\/gender?post=142694"},{"taxonomy":"product_brand","embeddable":true,"href":"https:\/\/moto-oprema.com\/hr\/wp-json\/wp\/v2\/product_brand?post=142694"},{"taxonomy":"product_cat","embeddable":true,"href":"https:\/\/moto-oprema.com\/hr\/wp-json\/wp\/v2\/product_cat?post=142694"},{"taxonomy":"product_tag","embeddable":true,"href":"https:\/\/moto-oprema.com\/hr\/wp-json\/wp\/v2\/product_tag?post=142694"}],"curies":[{"name":"wp","href":"https:\/\/api.w.org\/{rel}","templated":true}]}}