{"id":142688,"date":"2021-12-27T10:48:28","date_gmt":"2021-12-27T10:48:28","guid":{"rendered":"https:\/\/moto-oprema.com\/Artikel\/leatt-5-5-zastita-za-vrat-djeteta\/"},"modified":"2021-12-27T10:48:28","modified_gmt":"2021-12-27T10:48:28","slug":"leatt-5-5-zastita-za-vrat-djeteta","status":"publish","type":"product","link":"https:\/\/moto-oprema.com\/hr\/Artikel\/leatt-5-5-zastita-za-vrat-djeteta\/","title":{"rendered":"LEATT 5.5 ZA\u0160TITA ZA VRAT DJETETA"},"content":{"rendered":"<p>LEATT 5.5 juniorski \u0161titnik za vrata<\/p>\n<p>Neovisne studije pokazuju da se ozljede vrata mogu smanjiti do 89%. Poseban izrez za klju\u010dnu kost dr\u017ei osjetljive kosti slobodnima. Kako bi se preraspodijelile sile na vratu i ponudila sloboda kretanja kacige, platforma je posebno dizajnirana za to. CoreFlex Split Rear Folding Brace dizajniran je da radi s pokretima tijela i odvaja se kada se na le\u0111a primijeni prekomjerni pritisak. Kako bi se osiguralo savr\u0161eno pristajanje, Leatt 5.5 vratni ortozonski sistem mo\u017ee se podesiti pomo\u0107u SureFit kliza\u010da, koji nude tri mogu\u0107nosti pode\u0161avanja. Sustav ravnih gumba omogu\u0107uje brzo i jednostavno otvaranje i zatvaranje. CE testirano i certificirano 89\/686 \/ EEZ. Te\u017eina je pribli\u017eno 780 g.<\/p>\n","protected":false},"excerpt":{"rendered":"<p>LEATT 5.5 juniorski \u0161titnik za vrata Neovisne studije pokazuju da se ozljede vrata mogu smanjiti do&#8230;<\/p>\n","protected":false},"featured_media":15481,"comment_status":"open","ping_status":"closed","template":"","meta":{"_acf_changed":false},"brand":[2744],"gender":[],"product_brand":[],"product_cat":[2935,2733,2892],"product_tag":[],"class_list":{"0":"post-142688","1":"product","2":"type-product","3":"status-publish","4":"has-post-thumbnail","6":"brand-leatt-hr","7":"product_cat-mx-stitnici","8":"product_cat-oprema-za-motokros","9":"product_cat-za-najmlade-hr","11":"first","12":"instock","13":"sale","14":"taxable","15":"shipping-taxable","16":"purchasable","17":"product-type-simple"},"acf":[],"_links":{"self":[{"href":"https:\/\/moto-oprema.com\/hr\/wp-json\/wp\/v2\/product\/142688","targetHints":{"allow":["GET"]}}],"collection":[{"href":"https:\/\/moto-oprema.com\/hr\/wp-json\/wp\/v2\/product"}],"about":[{"href":"https:\/\/moto-oprema.com\/hr\/wp-json\/wp\/v2\/types\/product"}],"replies":[{"embeddable":true,"href":"https:\/\/moto-oprema.com\/hr\/wp-json\/wp\/v2\/comments?post=142688"}],"wp:featuredmedia":[{"embeddable":true,"href":"https:\/\/moto-oprema.com\/hr\/wp-json\/wp\/v2\/media\/15481"}],"wp:attachment":[{"href":"https:\/\/moto-oprema.com\/hr\/wp-json\/wp\/v2\/media?parent=142688"}],"wp:term":[{"taxonomy":"brand","embeddable":true,"href":"https:\/\/moto-oprema.com\/hr\/wp-json\/wp\/v2\/brand?post=142688"},{"taxonomy":"gender","embeddable":true,"href":"https:\/\/moto-oprema.com\/hr\/wp-json\/wp\/v2\/gender?post=142688"},{"taxonomy":"product_brand","embeddable":true,"href":"https:\/\/moto-oprema.com\/hr\/wp-json\/wp\/v2\/product_brand?post=142688"},{"taxonomy":"product_cat","embeddable":true,"href":"https:\/\/moto-oprema.com\/hr\/wp-json\/wp\/v2\/product_cat?post=142688"},{"taxonomy":"product_tag","embeddable":true,"href":"https:\/\/moto-oprema.com\/hr\/wp-json\/wp\/v2\/product_tag?post=142688"}],"curies":[{"name":"wp","href":"https:\/\/api.w.org\/{rel}","templated":true}]}}