{"id":142664,"date":"2021-12-07T11:54:49","date_gmt":"2021-12-07T11:54:49","guid":{"rendered":"https:\/\/moto-oprema.com\/Artikel\/alpinestars-stella-zenske-rukavice-full-bore-crne-rose\/"},"modified":"2021-12-07T11:54:49","modified_gmt":"2021-12-07T11:54:49","slug":"alpinestars-stella-zenske-rukavice-full-bore-crne-rose","status":"publish","type":"product","link":"https:\/\/moto-oprema.com\/hr\/Artikel\/alpinestars-stella-zenske-rukavice-full-bore-crne-rose\/","title":{"rendered":"ALPINESTARS STELLA \u017dENSKE RUKAVICE FULL BORE CRNE ROSE"},"content":{"rendered":"<p>Zahvaljuju\u0107i optimiziranom dizajnu, \u017eenske rukavice nude optimalnu kombinaciju kvalitete, za\u0161tite i cirkulacije zraka. Izra\u0111ene su od naprednog, prozra\u010dnog rastezljivog materijala koji pobolj\u0161ava udobnost vo\u017enje i osigurava idealno pristajanje. <\/p>\n<p>Dlan je izra\u0111en od sinteti\u010dke antilop ko\u017ee i pru\u017ea maksimalnu udobnost i bolji osje\u0107aj za bicikl i njegove kontrole. Neopren i TPR u podru\u010dju zglobova nude pobolj\u0161anu za\u0161titu od udaraca i mogu\u0107ih grana\/kamenja pri vo\u017enji izvan ceste te su izuzetno fleksibilni i udobni u isto vrijeme. <\/p>\n<\/p>\n<p>Sastav sirovina: 48% poliester, 28% sinteti\u010dka ko\u017ea, 14% neopren, 12% poliamid<\/p>\n","protected":false},"excerpt":{"rendered":"<p>Zahvaljuju\u0107i optimiziranom dizajnu, \u017eenske rukavice nude optimalnu kombinaciju kvalitete, za\u0161tite i cirkulacije zraka. Izra\u0111ene su od&#8230;<\/p>\n","protected":false},"featured_media":142673,"comment_status":"open","ping_status":"closed","template":"","meta":{"_acf_changed":false},"brand":[2748],"gender":[1314],"product_brand":[],"product_cat":[2754,2733],"product_tag":[],"class_list":{"0":"post-142664","1":"product","2":"type-product","3":"status-publish","4":"has-post-thumbnail","6":"brand-alpinestars-hr","7":"gender-zenska","8":"product_cat-mx-rukavice","9":"product_cat-oprema-za-motokros","10":"pa_size-l-hr","11":"pa_size-m-hr","12":"pa_size-s-hr","13":"pa_size-xl-hr","15":"first","16":"onbackorder","17":"sale","18":"taxable","19":"shipping-taxable","20":"purchasable","21":"product-type-variable"},"acf":[],"_links":{"self":[{"href":"https:\/\/moto-oprema.com\/hr\/wp-json\/wp\/v2\/product\/142664","targetHints":{"allow":["GET"]}}],"collection":[{"href":"https:\/\/moto-oprema.com\/hr\/wp-json\/wp\/v2\/product"}],"about":[{"href":"https:\/\/moto-oprema.com\/hr\/wp-json\/wp\/v2\/types\/product"}],"replies":[{"embeddable":true,"href":"https:\/\/moto-oprema.com\/hr\/wp-json\/wp\/v2\/comments?post=142664"}],"wp:featuredmedia":[{"embeddable":true,"href":"https:\/\/moto-oprema.com\/hr\/wp-json\/wp\/v2\/media\/142673"}],"wp:attachment":[{"href":"https:\/\/moto-oprema.com\/hr\/wp-json\/wp\/v2\/media?parent=142664"}],"wp:term":[{"taxonomy":"brand","embeddable":true,"href":"https:\/\/moto-oprema.com\/hr\/wp-json\/wp\/v2\/brand?post=142664"},{"taxonomy":"gender","embeddable":true,"href":"https:\/\/moto-oprema.com\/hr\/wp-json\/wp\/v2\/gender?post=142664"},{"taxonomy":"product_brand","embeddable":true,"href":"https:\/\/moto-oprema.com\/hr\/wp-json\/wp\/v2\/product_brand?post=142664"},{"taxonomy":"product_cat","embeddable":true,"href":"https:\/\/moto-oprema.com\/hr\/wp-json\/wp\/v2\/product_cat?post=142664"},{"taxonomy":"product_tag","embeddable":true,"href":"https:\/\/moto-oprema.com\/hr\/wp-json\/wp\/v2\/product_tag?post=142664"}],"curies":[{"name":"wp","href":"https:\/\/api.w.org\/{rel}","templated":true}]}}