{"id":142607,"date":"2022-01-12T09:20:02","date_gmt":"2022-01-12T09:20:02","guid":{"rendered":"https:\/\/moto-oprema.com\/Artikel\/dainese-zaurax-kozna-jakna-crna\/"},"modified":"2022-01-12T09:20:02","modified_gmt":"2022-01-12T09:20:02","slug":"dainese-zaurax-kozna-jakna-crna","status":"publish","type":"product","link":"https:\/\/moto-oprema.com\/hr\/Artikel\/dainese-zaurax-kozna-jakna-crna\/","title":{"rendered":"DAINESE ZAURAX KO\u017dNA JAKNA CRNA"},"content":{"rendered":"<p>Dainese Zaurax je motociklisti\u010dka jakna izra\u0111ena od mekane, visokokvalitetne Laverda kravlje ko\u017ee s uklonjivom termalnom podstavom koja se prilago\u0111ava razli\u010ditim temperaturama ovisno o godi\u0161njem dobu. Urbano inspirirana estetika kombinirana je s Dainese Pro-Shape 2.0 \u0161titnicima, koji su robusni, ultrafleksibilni i gotovo nevidljivi kako bi za\u0161titili ramena i laktove, a istovremeno omogu\u0107ili maksimalnu slobodu kretanja. Veliki stra\u017enji d\u017eep dizajniran je za \u0161titnike za le\u0111a G1 i G2, koji se mogu kupiti zasebno. Udobno pristajanje ko\u017ene jakne optimizirano je detaljima poput elasti\u010dnog ko\u017enog ruba na stra\u017enjoj strani, iglica na bokovima i stra\u017enje om\u010de za remen koja sprje\u010dava dosadno klizanje prema gore tijekom vo\u017enje.   <\/p>\n<p>Zna\u010dajke:<\/p>\n<ul>\n<li>  1 unutarnji d\u017eep na termo podstavi<\/li>\n<li>  3 prednja vanjska d\u017eepa i 2 unutarnja d\u017eepa<\/li>\n<li>  elasti\u010dni umetci<\/li>\n<li>  Petlja za spajanje jakne i hla\u010da<\/li>\n<li>  podesivi struk<\/li>\n<li>  izra\u0111ena od Laverda kravlje ko\u017ee<\/li>\n<li>  Istra\u017eena, prozra\u010dna podstava izra\u0111ena od Sanitized\u00ae tkanine<\/li>\n<li>  uklonjiva termalna podloga<\/li>\n<li>  Pro-Shape 2.0 mekani \u0161titnici (u skladu s EN1621.1) na ramenima i laktovima<\/li>\n<li>  Torba za naknadnu ugradnju \u0161titnika za le\u0111a G1 ili G2<\/li>\n<\/ul>\n<p>Sastav sirovine: 100% ko\u017ea<\/p>\n","protected":false},"excerpt":{"rendered":"<p>Dainese Zaurax je motociklisti\u010dka jakna izra\u0111ena od mekane, visokokvalitetne Laverda kravlje ko\u017ee s uklonjivom termalnom podstavom&#8230;<\/p>\n","protected":false},"featured_media":142609,"comment_status":"open","ping_status":"closed","template":"","meta":{"_acf_changed":false},"brand":[2800],"gender":[],"product_brand":[],"product_cat":[2759,2915,1356,3402],"product_tag":[],"class_list":{"0":"post-142607","1":"product","2":"type-product","3":"status-publish","4":"has-post-thumbnail","6":"brand-dainese-hr","7":"product_cat-jakne-hr","8":"product_cat-kozne-jakne","9":"product_cat-motociklisticka-oprema","10":"product_cat-outlet-hr","11":"pa_size-48-hr","12":"pa_size-50-hr","13":"pa_size-52-hr","14":"pa_size-54-hr","15":"pa_size-56-hr","16":"pa_size-58-hr","18":"first","19":"onbackorder","20":"sale","21":"taxable","22":"shipping-taxable","23":"purchasable","24":"product-type-variable"},"acf":[],"_links":{"self":[{"href":"https:\/\/moto-oprema.com\/hr\/wp-json\/wp\/v2\/product\/142607","targetHints":{"allow":["GET"]}}],"collection":[{"href":"https:\/\/moto-oprema.com\/hr\/wp-json\/wp\/v2\/product"}],"about":[{"href":"https:\/\/moto-oprema.com\/hr\/wp-json\/wp\/v2\/types\/product"}],"replies":[{"embeddable":true,"href":"https:\/\/moto-oprema.com\/hr\/wp-json\/wp\/v2\/comments?post=142607"}],"wp:featuredmedia":[{"embeddable":true,"href":"https:\/\/moto-oprema.com\/hr\/wp-json\/wp\/v2\/media\/142609"}],"wp:attachment":[{"href":"https:\/\/moto-oprema.com\/hr\/wp-json\/wp\/v2\/media?parent=142607"}],"wp:term":[{"taxonomy":"brand","embeddable":true,"href":"https:\/\/moto-oprema.com\/hr\/wp-json\/wp\/v2\/brand?post=142607"},{"taxonomy":"gender","embeddable":true,"href":"https:\/\/moto-oprema.com\/hr\/wp-json\/wp\/v2\/gender?post=142607"},{"taxonomy":"product_brand","embeddable":true,"href":"https:\/\/moto-oprema.com\/hr\/wp-json\/wp\/v2\/product_brand?post=142607"},{"taxonomy":"product_cat","embeddable":true,"href":"https:\/\/moto-oprema.com\/hr\/wp-json\/wp\/v2\/product_cat?post=142607"},{"taxonomy":"product_tag","embeddable":true,"href":"https:\/\/moto-oprema.com\/hr\/wp-json\/wp\/v2\/product_tag?post=142607"}],"curies":[{"name":"wp","href":"https:\/\/api.w.org\/{rel}","templated":true}]}}