{"id":142602,"date":"2022-01-05T11:24:38","date_gmt":"2022-01-05T11:24:38","guid":{"rendered":"https:\/\/moto-oprema.com\/Artikel\/alpinestars-stella-kira-v2-kozna-jakna-crno-bijela\/"},"modified":"2022-01-05T11:24:38","modified_gmt":"2022-01-05T11:24:38","slug":"alpinestars-stella-kira-v2-kozna-jakna-crno-bijela","status":"publish","type":"product","link":"https:\/\/moto-oprema.com\/hr\/Artikel\/alpinestars-stella-kira-v2-kozna-jakna-crno-bijela\/","title":{"rendered":"ALPINESTARS STELLA KIRA V2 KO\u017dNA JAKNA CRNO-BIJELA"},"content":{"rendered":"<p>Ko\u017ena jakna Stella Kira v2 ima optimiziran \u017eenski kroj i visokokvalitetnu vanjsku ko\u017eu koja nudi udobnost i izdr\u017eljivost.<\/p>\n<p> Zna\u010dajke:<\/p>\n<ul>\n<li>  Optimizirano za uspje\u0161no \u017eensko pristajanje.<\/li>\n<li>  Glavna struktura izra\u0111ena je od vrhunske kravlje ko\u017ee debljine 1,3 mm i nudi visoku udobnost vo\u017enje i izvrsnu otpornost na habanje.<\/li>\n<li>  Veliki, rastezljivi harmonika umetci podr\u017eavaju slobodu kretanja i udobnost na biciklu.<\/li>\n<li>  Rastezljivi umeci na rukavima i prsima tako\u0111er pobolj\u0161avaju pristajanje i osje\u0107aj.<\/li>\n<li>  Stra\u017enji dio jakne je produ\u017een za bolju pokrivenost tijekom vo\u017enje.<\/li>\n<li>  Pode\u0161avanje struka za optimalno pristajanje.<\/li>\n<li>  Dva prakti\u010dna bo\u010dna d\u017eepa s patentnim zatvara\u010dem.<\/li>\n<li>  Patentni zatvara\u010d za remen omogu\u0107uje brzo i jednostavno pri\u010dvr\u0161\u0107ivanje na Alpinestars motociklisti\u010dke hla\u010de.<\/li>\n<li>  Usisnici za zrak s patentnim zatvara\u010dem strate\u0161ki su postavljeni kako bi se optimizirao protok zraka.<\/li>\n<li>  Strate\u0161ki postavljene, lokalizirane perforacije za izvrsnu ventilaciju i unutarnji protok zraka.<\/li>\n<li>  Niska konstrukcija ovratnika s udobnim rubovima od mikrovlakana i 3D teksturiranom udobnom unutarnjom podstavom ovratnika za visoku udobnost voza\u010da.<\/li>\n<li>  Prethodno zakrivljeni dizajn ruke smanjuje umor.<\/li>\n<li>  Reflektiraju\u0107i ukrasi.<\/li>\n<li>  Vodootporni unutarnji d\u017eep za sigurno pohranjivanje va\u017enih predmeta.<\/li>\n<li>  Uklonjivi unutarnji termalni ulo\u017eak za svestranu upotrebu.<\/li>\n<\/ul>\n<p>Tehni\u010dki podaci:<\/p>\n<ul>\n<li>  \u0160titnici za ramena i laktove Nucleon Flex razine 1 (EN 1621-1: 2012).<\/li>\n<li>  Spremno za Alpinestars Nucleon \u0161titnike za prsa (prodaju se zasebno).<\/li>\n<li>  Sustav gumba za integraciju Alpinestars Nucleon \u0161titnika za le\u0111a (dostupno zasebno).<\/li>\n<li>  Za\u0161titna odje\u0107a za motocikle klase AAA (u skladu s kategorijom II Uredbe o osobnoj za\u0161titnoj odje\u0107i (EU) 2016\/425).<\/li>\n<\/ul>\n<p>Sastav sirovina: 76% kravlja ko\u017ea, 21% poliamid, 3% elastan. Sadr\u017ei netekstilne dijelove \u017eivotinjskog podrijetla. <\/p>\n","protected":false},"excerpt":{"rendered":"<p>Ko\u017ena jakna Stella Kira v2 ima optimiziran \u017eenski kroj i visokokvalitetnu vanjsku ko\u017eu koja nudi udobnost&#8230;<\/p>\n","protected":false},"featured_media":15831,"comment_status":"open","ping_status":"closed","template":"","meta":{"_acf_changed":false},"brand":[2748],"gender":[],"product_brand":[],"product_cat":[2759,2915,1356],"product_tag":[],"class_list":{"0":"post-142602","1":"product","2":"type-product","3":"status-publish","4":"has-post-thumbnail","6":"brand-alpinestars-hr","7":"product_cat-jakne-hr","8":"product_cat-kozne-jakne","9":"product_cat-motociklisticka-oprema","10":"pa_size-42-hr","11":"pa_size-44-hr","13":"first","14":"outofstock","15":"sale","16":"taxable","17":"shipping-taxable","18":"purchasable","19":"product-type-variable"},"acf":[],"_links":{"self":[{"href":"https:\/\/moto-oprema.com\/hr\/wp-json\/wp\/v2\/product\/142602","targetHints":{"allow":["GET"]}}],"collection":[{"href":"https:\/\/moto-oprema.com\/hr\/wp-json\/wp\/v2\/product"}],"about":[{"href":"https:\/\/moto-oprema.com\/hr\/wp-json\/wp\/v2\/types\/product"}],"replies":[{"embeddable":true,"href":"https:\/\/moto-oprema.com\/hr\/wp-json\/wp\/v2\/comments?post=142602"}],"wp:featuredmedia":[{"embeddable":true,"href":"https:\/\/moto-oprema.com\/hr\/wp-json\/wp\/v2\/media\/15831"}],"wp:attachment":[{"href":"https:\/\/moto-oprema.com\/hr\/wp-json\/wp\/v2\/media?parent=142602"}],"wp:term":[{"taxonomy":"brand","embeddable":true,"href":"https:\/\/moto-oprema.com\/hr\/wp-json\/wp\/v2\/brand?post=142602"},{"taxonomy":"gender","embeddable":true,"href":"https:\/\/moto-oprema.com\/hr\/wp-json\/wp\/v2\/gender?post=142602"},{"taxonomy":"product_brand","embeddable":true,"href":"https:\/\/moto-oprema.com\/hr\/wp-json\/wp\/v2\/product_brand?post=142602"},{"taxonomy":"product_cat","embeddable":true,"href":"https:\/\/moto-oprema.com\/hr\/wp-json\/wp\/v2\/product_cat?post=142602"},{"taxonomy":"product_tag","embeddable":true,"href":"https:\/\/moto-oprema.com\/hr\/wp-json\/wp\/v2\/product_tag?post=142602"}],"curies":[{"name":"wp","href":"https:\/\/api.w.org\/{rel}","templated":true}]}}