{"id":142565,"date":"2021-12-14T11:06:36","date_gmt":"2021-12-14T11:06:36","guid":{"rendered":"https:\/\/moto-oprema.com\/Artikel\/zenski-dres-fox-180-skew-celicno-sivi\/"},"modified":"2021-12-14T11:06:36","modified_gmt":"2021-12-14T11:06:36","slug":"zenski-dres-fox-180-skew-celicno-sivi","status":"publish","type":"product","link":"https:\/\/moto-oprema.com\/hr\/Artikel\/zenski-dres-fox-180-skew-celicno-sivi\/","title":{"rendered":"\u017dENSKI DRES FOX 180 SKEW, \u010cELI\u010cNO SIVI"},"content":{"rendered":"<p>Dizajniran za dana\u0161nje amaterske voza\u010de i profesionalce diljem svijeta, dres Fox 180 inspiriran je utrkama za tehni\u010dki dizajn koji \u0107e vam pomo\u0107i da napredujete na sljede\u0107u razinu. <\/p>\n<div class=\"description\">\n<p><strong>Zna\u010dajke:<\/strong><\/p>\n<ul>\n<li>Tkanina koja odvodi vlagu odr\u017eava vas hladnima i suhima<\/li>\n<li>Mekana glavna tkanina pru\u017ea udobnost i lagano pristajanje<\/li>\n<li>Ventilirane mre\u017easte plo\u010de pove\u0107avaju prozra\u010dnost i protok zraka<\/li>\n<li>Mre\u017easti ovratnik i man\u017eete rukava pobolj\u0161avaju pristajanje i udobnost<\/li>\n<li>Obojene ili sublimirane grafi\u010dke plo\u010de za bogate i \u017eive boje<\/li>\n<li>Dizajn spu\u0161tenog repa dr\u017ei dres uvu\u010denim tijekom intenzivnih vo\u017enji<\/li>\n<li>Dizajn koji se mo\u017ee kombinirati i uskladiti s ve\u0107inom stilova<\/li>\n<\/ul>\n<\/div>\n<p>Sastav sirovine: 100% poliester<\/p>\n","protected":false},"excerpt":{"rendered":"<p>Dizajniran za dana\u0161nje amaterske voza\u010de i profesionalce diljem svijeta, dres Fox 180 inspiriran je utrkama za&#8230;<\/p>\n","protected":false},"featured_media":15421,"comment_status":"open","ping_status":"open","template":"","meta":{"_acf_changed":false},"brand":[2738],"gender":[],"product_brand":[],"product_cat":[2733],"product_tag":[],"class_list":{"0":"post-142565","1":"product","2":"type-product","3":"status-publish","4":"has-post-thumbnail","6":"brand-fox-hr","7":"product_cat-oprema-za-motokros","8":"pa_size-l-hr","9":"pa_size-m-hr","10":"pa_size-s-hr","11":"pa_size-xl-hr","13":"first","14":"onbackorder","15":"taxable","16":"shipping-taxable","17":"purchasable","18":"product-type-variable"},"acf":[],"_links":{"self":[{"href":"https:\/\/moto-oprema.com\/hr\/wp-json\/wp\/v2\/product\/142565","targetHints":{"allow":["GET"]}}],"collection":[{"href":"https:\/\/moto-oprema.com\/hr\/wp-json\/wp\/v2\/product"}],"about":[{"href":"https:\/\/moto-oprema.com\/hr\/wp-json\/wp\/v2\/types\/product"}],"replies":[{"embeddable":true,"href":"https:\/\/moto-oprema.com\/hr\/wp-json\/wp\/v2\/comments?post=142565"}],"wp:featuredmedia":[{"embeddable":true,"href":"https:\/\/moto-oprema.com\/hr\/wp-json\/wp\/v2\/media\/15421"}],"wp:attachment":[{"href":"https:\/\/moto-oprema.com\/hr\/wp-json\/wp\/v2\/media?parent=142565"}],"wp:term":[{"taxonomy":"brand","embeddable":true,"href":"https:\/\/moto-oprema.com\/hr\/wp-json\/wp\/v2\/brand?post=142565"},{"taxonomy":"gender","embeddable":true,"href":"https:\/\/moto-oprema.com\/hr\/wp-json\/wp\/v2\/gender?post=142565"},{"taxonomy":"product_brand","embeddable":true,"href":"https:\/\/moto-oprema.com\/hr\/wp-json\/wp\/v2\/product_brand?post=142565"},{"taxonomy":"product_cat","embeddable":true,"href":"https:\/\/moto-oprema.com\/hr\/wp-json\/wp\/v2\/product_cat?post=142565"},{"taxonomy":"product_tag","embeddable":true,"href":"https:\/\/moto-oprema.com\/hr\/wp-json\/wp\/v2\/product_tag?post=142565"}],"curies":[{"name":"wp","href":"https:\/\/api.w.org\/{rel}","templated":true}]}}