{"id":142381,"date":"2021-11-05T11:20:12","date_gmt":"2021-11-05T11:20:12","guid":{"rendered":"https:\/\/moto-oprema.com\/Artikel\/tld-mtb-dres-drift-carbon\/"},"modified":"2021-11-05T11:20:12","modified_gmt":"2021-11-05T11:20:12","slug":"tld-mtb-dres-drift-carbon","status":"publish","type":"product","link":"https:\/\/moto-oprema.com\/hr\/Artikel\/tld-mtb-dres-drift-carbon\/","title":{"rendered":"TLD MTB DRES DRIFT CARBON"},"content":{"rendered":"<p>Potpuno novi dres za driftanje dovoljno je lagan da bude izuzetno udoban za no\u0161enje, ali tako\u0111er ima dovoljnu za\u0161titu od vjetra i ogrebotina kada je to potrebno. Lagan, brzosu\u0161e\u0107i gornji dio prsa koji odvodi vlagu i brzo se su\u0161i, najlonski gornji dio ruku za za\u0161titu od vjetra i ogrebotina. Lagani donji dio prsa za najbolju ventilaciju. Izdr\u017eljivi logotipi visoke gusto\u0107e za prijenos topline. Brzosu\u0161e\u0107i i lagani bo\u010dni stra\u017enji panel, pazusi i donji rukavi za najbolju ventilaciju.    <\/p>\n<p>SASTAV SIROVINE:<\/p>\n<p>-100% POLIESTER<\/p>\n","protected":false},"excerpt":{"rendered":"<p>Potpuno novi dres za driftanje dovoljno je lagan da bude izuzetno udoban za no\u0161enje, ali tako\u0111er&#8230;<\/p>\n","protected":false},"featured_media":14283,"comment_status":"open","ping_status":"open","template":"","meta":{"_acf_changed":false},"brand":[3005],"gender":[1313],"product_brand":[],"product_cat":[2740,3033],"product_tag":[],"class_list":{"0":"post-142381","1":"product","2":"type-product","3":"status-publish","4":"has-post-thumbnail","6":"brand-najvisa-razina","7":"gender-moski","8":"product_cat-mtb-biciklisticka-oprema","9":"product_cat-mtb-dresovi","10":"pa_size-l-hr","11":"pa_size-m-hr","12":"pa_size-s-hr","13":"pa_size-xl-hr","14":"pa_size-xxl-hr","16":"first","17":"onbackorder","18":"taxable","19":"shipping-taxable","20":"purchasable","21":"product-type-variable"},"acf":[],"_links":{"self":[{"href":"https:\/\/moto-oprema.com\/hr\/wp-json\/wp\/v2\/product\/142381","targetHints":{"allow":["GET"]}}],"collection":[{"href":"https:\/\/moto-oprema.com\/hr\/wp-json\/wp\/v2\/product"}],"about":[{"href":"https:\/\/moto-oprema.com\/hr\/wp-json\/wp\/v2\/types\/product"}],"replies":[{"embeddable":true,"href":"https:\/\/moto-oprema.com\/hr\/wp-json\/wp\/v2\/comments?post=142381"}],"wp:featuredmedia":[{"embeddable":true,"href":"https:\/\/moto-oprema.com\/hr\/wp-json\/wp\/v2\/media\/14283"}],"wp:attachment":[{"href":"https:\/\/moto-oprema.com\/hr\/wp-json\/wp\/v2\/media?parent=142381"}],"wp:term":[{"taxonomy":"brand","embeddable":true,"href":"https:\/\/moto-oprema.com\/hr\/wp-json\/wp\/v2\/brand?post=142381"},{"taxonomy":"gender","embeddable":true,"href":"https:\/\/moto-oprema.com\/hr\/wp-json\/wp\/v2\/gender?post=142381"},{"taxonomy":"product_brand","embeddable":true,"href":"https:\/\/moto-oprema.com\/hr\/wp-json\/wp\/v2\/product_brand?post=142381"},{"taxonomy":"product_cat","embeddable":true,"href":"https:\/\/moto-oprema.com\/hr\/wp-json\/wp\/v2\/product_cat?post=142381"},{"taxonomy":"product_tag","embeddable":true,"href":"https:\/\/moto-oprema.com\/hr\/wp-json\/wp\/v2\/product_tag?post=142381"}],"curies":[{"name":"wp","href":"https:\/\/api.w.org\/{rel}","templated":true}]}}