{"id":142375,"date":"2021-11-04T11:00:16","date_gmt":"2021-11-04T11:00:16","guid":{"rendered":"https:\/\/moto-oprema.com\/Artikel\/tld-mtb-hlace-sprint-bordo\/"},"modified":"2021-11-04T11:00:16","modified_gmt":"2021-11-04T11:00:16","slug":"tld-mtb-hlace-sprint-bordo","status":"publish","type":"product","link":"https:\/\/moto-oprema.com\/hr\/Artikel\/tld-mtb-hlace-sprint-bordo\/","title":{"rendered":"TLD MTB HLA\u010cE SPRINT BORDO"},"content":{"rendered":"<p>SPRINT oprema je jedinstvena, kao i broj pobjeda u Downhill i BMX utrkama koje je osvojila tijekom godina.  <\/p>\n<p>Fokus je bio na pristajanju i udobnosti opreme na biciklu, pa su dekolte i nabori revidirani, a na hla\u010dama su kori\u0161teni lak\u0161i, jo\u0161 izdr\u017eljiviji materijali.<\/p>\n<p>Sve to poma\u017ee da SPRINT oprema bude jo\u0161 vrijednija utrka. Tkanina od 90% poliestera \/ 10% Spandex\u00ae-a lagana je i izdr\u017eljiva. Redizajnirano podru\u010dje koljena nudi tanji profil bez ugro\u017eavanja za\u0161tite, a istovremeno omogu\u0107uje pobolj\u0161anu fleksibilnost za bolje kretanje i karakteristike koraka. Izdr\u017eljiviji rastezljivi materijal u podru\u010dju bedara i sjedala pru\u017ea dodatnu otpornost na habanje u slu\u010daju pada. Optimizirani mre\u017easti umeci du\u017e listova pobolj\u0161avaju slobodu kretanja i pove\u0107avaju ventilaciju. Pove\u0107ana otpornost na habanje na lancu zahvaljuju\u0107i zvu\u010dno zavarenom, toplinski otpornom dodatku pri\u010dvr\u0161\u0107enom na podru\u010dje desnog gle\u017enja. Novi bo\u010dni pode\u0161iva\u010di remena s \u010di\u010dak zatvara\u010dem u pojasu omogu\u0107uju brzo i diskretno pode\u0161avanje pristajanja. Konstrukcija patentnog zatvara\u010da sprje\u010dava ulazak prljav\u0161tine i kamen\u010di\u0107a. Ravna TLD kop\u010da s \u010di\u010dkom osigurava \u010dvrsto zatvaranje bez dodatnog volumena. 2 strate\u0161ki postavljena d\u017eepa s patentnim zatvara\u010dem: 1x na gornjem dijelu lijeve noge, 1x na donjem dijelu desnog bedra. Su\u017eeni oblik potkoljenice dr\u017ei hla\u010de dalje od lanca\/sjedala. Kroj spreman za utrke razvijen je kako bi se omogu\u0107io prostor za osnovni sloj i \u0161titnike za koljena, a istovremeno pru\u017ea maksimalnu slobodu kretanja i sigurno pristajanje. Tkanina ima Bluesign\u00ae certifikat.            <\/p>\n<p>sastav sirovine:<\/p>\n<p>-90% poliester\/10% spandex<\/p>\n","protected":false},"excerpt":{"rendered":"<p>SPRINT oprema je jedinstvena, kao i broj pobjeda u Downhill i BMX utrkama koje je osvojila&#8230;<\/p>\n","protected":false},"featured_media":14202,"comment_status":"open","ping_status":"open","template":"","meta":{"_acf_changed":false},"brand":[3005],"gender":[1313],"product_brand":[],"product_cat":[2740,3034],"product_tag":[],"class_list":{"0":"post-142375","1":"product","2":"type-product","3":"status-publish","4":"has-post-thumbnail","6":"brand-najvisa-razina","7":"gender-moski","8":"product_cat-mtb-biciklisticka-oprema","9":"product_cat-mtb-hlace-hr","10":"pa_size-30-hr","11":"pa_size-32-hr","12":"pa_size-34-hr","13":"pa_size-36-hr","14":"pa_size-38-hr","16":"first","17":"onbackorder","18":"taxable","19":"shipping-taxable","20":"purchasable","21":"product-type-variable"},"acf":[],"_links":{"self":[{"href":"https:\/\/moto-oprema.com\/hr\/wp-json\/wp\/v2\/product\/142375","targetHints":{"allow":["GET"]}}],"collection":[{"href":"https:\/\/moto-oprema.com\/hr\/wp-json\/wp\/v2\/product"}],"about":[{"href":"https:\/\/moto-oprema.com\/hr\/wp-json\/wp\/v2\/types\/product"}],"replies":[{"embeddable":true,"href":"https:\/\/moto-oprema.com\/hr\/wp-json\/wp\/v2\/comments?post=142375"}],"wp:featuredmedia":[{"embeddable":true,"href":"https:\/\/moto-oprema.com\/hr\/wp-json\/wp\/v2\/media\/14202"}],"wp:attachment":[{"href":"https:\/\/moto-oprema.com\/hr\/wp-json\/wp\/v2\/media?parent=142375"}],"wp:term":[{"taxonomy":"brand","embeddable":true,"href":"https:\/\/moto-oprema.com\/hr\/wp-json\/wp\/v2\/brand?post=142375"},{"taxonomy":"gender","embeddable":true,"href":"https:\/\/moto-oprema.com\/hr\/wp-json\/wp\/v2\/gender?post=142375"},{"taxonomy":"product_brand","embeddable":true,"href":"https:\/\/moto-oprema.com\/hr\/wp-json\/wp\/v2\/product_brand?post=142375"},{"taxonomy":"product_cat","embeddable":true,"href":"https:\/\/moto-oprema.com\/hr\/wp-json\/wp\/v2\/product_cat?post=142375"},{"taxonomy":"product_tag","embeddable":true,"href":"https:\/\/moto-oprema.com\/hr\/wp-json\/wp\/v2\/product_tag?post=142375"}],"curies":[{"name":"wp","href":"https:\/\/api.w.org\/{rel}","templated":true}]}}