{"id":142352,"date":"2021-11-05T10:16:34","date_gmt":"2021-11-05T10:16:34","guid":{"rendered":"https:\/\/moto-oprema.com\/Artikel\/tld-mtb-dres-skyline-air-vox-marine\/"},"modified":"2021-11-05T10:16:34","modified_gmt":"2021-11-05T10:16:34","slug":"tld-mtb-dres-skyline-air-vox-marine","status":"publish","type":"product","link":"https:\/\/moto-oprema.com\/hr\/Artikel\/tld-mtb-dres-skyline-air-vox-marine\/","title":{"rendered":"TLD MTB DRES SKYLINE AIR VOX MARINE"},"content":{"rendered":"<p>Dres SKYLINE je bestseler s dobrim razlogom. Na\u0161 je cilj bio usavr\u0161iti cijeli paket ekolo\u0161ki prihvatljivom tkaninom s Bluesign\u00ae certifikatom. S lak\u0161im materijalom koji bolje odvodi vlagu, dres SKYLINE je udobniji nego ikad, a istovremeno zadr\u017eava idealan labavi kroj. Mre\u017easti materijal AIR verzije dresa SKYLINE nudi iznimnu cirkulaciju zraka bez ulaska pra\u0161ine i prljav\u0161tine. Labavi kroj je le\u017eeran na dodir, ali s vode\u0107im tehni\u010dkim dizajnerskim zna\u010dajkama. Izra\u0111en od 94% poliestera \/ 6% Spandex\u00ae Bluesign\u00ae certificiranog materijala sa svojstvima odvo\u0111enja vlage i brzog su\u0161enja. Novi, revidirani ovratnik i pozicioniranje rukava koriste dizajnerske zna\u010dajke &#8216;SE PRO&#8217; za ve\u0107u slobodu kretanja i udobnost. Novi kompaktni stra\u017enji d\u017eep s reflektiraju\u0107im logotipom TLD Peace. Skrivena krpa za \u010di\u0161\u0107enje nao\u010dala u stra\u017enjem d\u017eepu. Tkanina ima Bluesign\u00ae certifikat.         <\/p>\n<p>SASTAV SIROVINE:<\/p>\n<p>-94% POLIESTER, 6% Spandex\u00ae<\/p>\n","protected":false},"excerpt":{"rendered":"<p>Dres SKYLINE je bestseler s dobrim razlogom. Na\u0161 je cilj bio usavr\u0161iti cijeli paket ekolo\u0161ki prihvatljivom&#8230;<\/p>\n","protected":false},"featured_media":14267,"comment_status":"open","ping_status":"open","template":"","meta":{"_acf_changed":false},"brand":[3005],"gender":[1313],"product_brand":[],"product_cat":[2740,3033],"product_tag":[],"class_list":{"0":"post-142352","1":"product","2":"type-product","3":"status-publish","4":"has-post-thumbnail","6":"brand-najvisa-razina","7":"gender-moski","8":"product_cat-mtb-biciklisticka-oprema","9":"product_cat-mtb-dresovi","10":"pa_size-l-hr","11":"pa_size-m-hr","12":"pa_size-s-hr","13":"pa_size-xl-hr","14":"pa_size-xxl-hr","16":"first","17":"onbackorder","18":"taxable","19":"shipping-taxable","20":"purchasable","21":"product-type-variable"},"acf":[],"_links":{"self":[{"href":"https:\/\/moto-oprema.com\/hr\/wp-json\/wp\/v2\/product\/142352","targetHints":{"allow":["GET"]}}],"collection":[{"href":"https:\/\/moto-oprema.com\/hr\/wp-json\/wp\/v2\/product"}],"about":[{"href":"https:\/\/moto-oprema.com\/hr\/wp-json\/wp\/v2\/types\/product"}],"replies":[{"embeddable":true,"href":"https:\/\/moto-oprema.com\/hr\/wp-json\/wp\/v2\/comments?post=142352"}],"wp:featuredmedia":[{"embeddable":true,"href":"https:\/\/moto-oprema.com\/hr\/wp-json\/wp\/v2\/media\/14267"}],"wp:attachment":[{"href":"https:\/\/moto-oprema.com\/hr\/wp-json\/wp\/v2\/media?parent=142352"}],"wp:term":[{"taxonomy":"brand","embeddable":true,"href":"https:\/\/moto-oprema.com\/hr\/wp-json\/wp\/v2\/brand?post=142352"},{"taxonomy":"gender","embeddable":true,"href":"https:\/\/moto-oprema.com\/hr\/wp-json\/wp\/v2\/gender?post=142352"},{"taxonomy":"product_brand","embeddable":true,"href":"https:\/\/moto-oprema.com\/hr\/wp-json\/wp\/v2\/product_brand?post=142352"},{"taxonomy":"product_cat","embeddable":true,"href":"https:\/\/moto-oprema.com\/hr\/wp-json\/wp\/v2\/product_cat?post=142352"},{"taxonomy":"product_tag","embeddable":true,"href":"https:\/\/moto-oprema.com\/hr\/wp-json\/wp\/v2\/product_tag?post=142352"}],"curies":[{"name":"wp","href":"https:\/\/api.w.org\/{rel}","templated":true}]}}