{"id":142317,"date":"2021-12-06T10:46:12","date_gmt":"2021-12-06T10:46:12","guid":{"rendered":"https:\/\/moto-oprema.com\/Artikel\/alpinestars-a-6-zastitna-jakna\/"},"modified":"2021-12-06T10:46:12","modified_gmt":"2021-12-06T10:46:12","slug":"alpinestars-a-6-zastitna-jakna","status":"publish","type":"product","link":"https:\/\/moto-oprema.com\/hr\/Artikel\/alpinestars-a-6-zastitna-jakna\/","title":{"rendered":"ALPINESTARS A-6 ZA\u0160TITNA JAKNA"},"content":{"rendered":"<p>Svestrani A-6 \u0161titnik prikladan je za intenzivnu vo\u017enju izvan ceste i ima zra\u010dne \u0161titnike Level 2 Cell tehnologije na prsima i le\u0111ima te uklonjivu, podesivu za\u0161titu Level 1 na ramenima. Zahvaljuju\u0107i fleksibilnim za\u0161titnim panelima i mekoj, opse\u017eno perforiranoj unutarnjoj podlozi od organske pjene, \u0161titnik za prsa A-6 posebno je udoban i nudi maksimalnu prozra\u010dnost i cirkulaciju zraka zbog svoje male te\u017eine. <\/p>\n<p>\u0160titnici za ramena: EN 1621-1: 2012 &#8211; razina 1<br \/> Za\u0161titnik za le\u0111a: EN 1621-2: 2014 &#8211; razina 2<br \/> \u0160titnik za prsa: EN 1621-3: 2018 &#8211; razina 2<\/p>\n","protected":false},"excerpt":{"rendered":"<p>Vrlo lagana za\u0161tita za koko\u0161, prozra\u010dna i udobna sa za\u0161titnim plo\u010dama od polimera.<\/p>\n","protected":false},"featured_media":15072,"comment_status":"open","ping_status":"open","template":"","meta":{"_acf_changed":false},"brand":[2748],"gender":[],"product_brand":[],"product_cat":[2733],"product_tag":[],"class_list":{"0":"post-142317","1":"product","2":"type-product","3":"status-publish","4":"has-post-thumbnail","6":"brand-alpinestars-hr","7":"product_cat-oprema-za-motokros","8":"pa_size-strojno-ucenje","9":"pa_size-xl-xxl-hr","10":"pa_size-xs-s-hr","12":"first","13":"onbackorder","14":"sale","15":"taxable","16":"shipping-taxable","17":"purchasable","18":"product-type-variable"},"acf":[],"_links":{"self":[{"href":"https:\/\/moto-oprema.com\/hr\/wp-json\/wp\/v2\/product\/142317","targetHints":{"allow":["GET"]}}],"collection":[{"href":"https:\/\/moto-oprema.com\/hr\/wp-json\/wp\/v2\/product"}],"about":[{"href":"https:\/\/moto-oprema.com\/hr\/wp-json\/wp\/v2\/types\/product"}],"replies":[{"embeddable":true,"href":"https:\/\/moto-oprema.com\/hr\/wp-json\/wp\/v2\/comments?post=142317"}],"wp:featuredmedia":[{"embeddable":true,"href":"https:\/\/moto-oprema.com\/hr\/wp-json\/wp\/v2\/media\/15072"}],"wp:attachment":[{"href":"https:\/\/moto-oprema.com\/hr\/wp-json\/wp\/v2\/media?parent=142317"}],"wp:term":[{"taxonomy":"brand","embeddable":true,"href":"https:\/\/moto-oprema.com\/hr\/wp-json\/wp\/v2\/brand?post=142317"},{"taxonomy":"gender","embeddable":true,"href":"https:\/\/moto-oprema.com\/hr\/wp-json\/wp\/v2\/gender?post=142317"},{"taxonomy":"product_brand","embeddable":true,"href":"https:\/\/moto-oprema.com\/hr\/wp-json\/wp\/v2\/product_brand?post=142317"},{"taxonomy":"product_cat","embeddable":true,"href":"https:\/\/moto-oprema.com\/hr\/wp-json\/wp\/v2\/product_cat?post=142317"},{"taxonomy":"product_tag","embeddable":true,"href":"https:\/\/moto-oprema.com\/hr\/wp-json\/wp\/v2\/product_tag?post=142317"}],"curies":[{"name":"wp","href":"https:\/\/api.w.org\/{rel}","templated":true}]}}