{"id":142315,"date":"2021-12-06T09:55:21","date_gmt":"2021-12-06T09:55:21","guid":{"rendered":"https:\/\/moto-oprema.com\/Artikel\/alpinestars-mx-pro-bb-carape\/"},"modified":"2021-12-06T09:55:21","modified_gmt":"2021-12-06T09:55:21","slug":"alpinestars-mx-pro-bb-carape","status":"publish","type":"product","link":"https:\/\/moto-oprema.com\/hr\/Artikel\/alpinestars-mx-pro-bb-carape\/","title":{"rendered":"ALPINESTARS MX PRO BB \u010cARAPE"},"content":{"rendered":"<p><span style=\"font-family:arial, helvetica, sans-serif;font-size:small;\">\u010carape MX Pro posebno su razvijene za Alpinestars off-road \u010dizme te odlikuju se prozra\u010dno\u0161\u0107u i udobno\u0161\u0107u zahvaljuju\u0107i oja\u010danom podstavljenju i rebrastoj konstrukciji koja omogu\u0107uje pobolj\u0161anu elasti\u010dnost.<\/p>\n<p><\/span><span style=\"font-family:arial, helvetica, sans-serif;font-size:small;\"><span style=\"font-family:arial, helvetica, sans-serif;font-size:small;\">Sastav sirovina:<\/span> <span style=\"font-family:arial, helvetica, sans-serif;font-size:small;\"><span class=\"VIiyi\" xml_lang=\"sl\" lang=\"sl\"><span class=\"JLqJ4b ChMk0b\"><span>50% poliester, 45% poliamid, 5% elastan<\/span><\/span><\/span><\/span> <br \/><\/span><\/p>\n<p><span style=\"font-family:arial, helvetica, sans-serif;font-size:small;\"><span style=\"font-family:arial, helvetica, sans-serif;font-size:small;\">&#8211; Mali (38 &#8211; 40,5)<br \/> &#8211; Srednje (41 &#8211; 43,5)<br \/> &#8211; Velika (44-47)<\/span><\/span><\/p>\n","protected":false},"excerpt":{"rendered":"<p>\u010carape MX Pro posebno su razvijene za Alpinestars off-road \u010dizme te odlikuju se prozra\u010dno\u0161\u0107u i udobno\u0161\u0107u&#8230;<\/p>\n","protected":false},"featured_media":15027,"comment_status":"open","ping_status":"open","template":"","meta":{"_acf_changed":false},"brand":[2748],"gender":[],"product_brand":[],"product_cat":[2733],"product_tag":[],"class_list":{"0":"post-142315","1":"product","2":"type-product","3":"status-publish","4":"has-post-thumbnail","6":"brand-alpinestars-hr","7":"product_cat-oprema-za-motokros","8":"pa_size-l-hr","9":"pa_size-m-hr","10":"pa_size-s-hr","12":"first","13":"onbackorder","14":"taxable","15":"shipping-taxable","16":"purchasable","17":"product-type-variable"},"acf":[],"_links":{"self":[{"href":"https:\/\/moto-oprema.com\/hr\/wp-json\/wp\/v2\/product\/142315","targetHints":{"allow":["GET"]}}],"collection":[{"href":"https:\/\/moto-oprema.com\/hr\/wp-json\/wp\/v2\/product"}],"about":[{"href":"https:\/\/moto-oprema.com\/hr\/wp-json\/wp\/v2\/types\/product"}],"replies":[{"embeddable":true,"href":"https:\/\/moto-oprema.com\/hr\/wp-json\/wp\/v2\/comments?post=142315"}],"wp:featuredmedia":[{"embeddable":true,"href":"https:\/\/moto-oprema.com\/hr\/wp-json\/wp\/v2\/media\/15027"}],"wp:attachment":[{"href":"https:\/\/moto-oprema.com\/hr\/wp-json\/wp\/v2\/media?parent=142315"}],"wp:term":[{"taxonomy":"brand","embeddable":true,"href":"https:\/\/moto-oprema.com\/hr\/wp-json\/wp\/v2\/brand?post=142315"},{"taxonomy":"gender","embeddable":true,"href":"https:\/\/moto-oprema.com\/hr\/wp-json\/wp\/v2\/gender?post=142315"},{"taxonomy":"product_brand","embeddable":true,"href":"https:\/\/moto-oprema.com\/hr\/wp-json\/wp\/v2\/product_brand?post=142315"},{"taxonomy":"product_cat","embeddable":true,"href":"https:\/\/moto-oprema.com\/hr\/wp-json\/wp\/v2\/product_cat?post=142315"},{"taxonomy":"product_tag","embeddable":true,"href":"https:\/\/moto-oprema.com\/hr\/wp-json\/wp\/v2\/product_tag?post=142315"}],"curies":[{"name":"wp","href":"https:\/\/api.w.org\/{rel}","templated":true}]}}