{"id":142304,"date":"2021-12-06T10:33:35","date_gmt":"2021-12-06T10:33:35","guid":{"rendered":"https:\/\/moto-oprema.com\/Artikel\/alpinestars-funkcionalna-majica-kratkih-rukavova-roost-top\/"},"modified":"2021-12-06T10:33:35","modified_gmt":"2021-12-06T10:33:35","slug":"alpinestars-funkcionalna-majica-kratkih-rukavova-roost-top","status":"publish","type":"product","link":"https:\/\/moto-oprema.com\/hr\/Artikel\/alpinestars-funkcionalna-majica-kratkih-rukavova-roost-top\/","title":{"rendered":"ALPINESTARS FUNKCIONALNA MAJICA KRATKIH RUKAVOVA ROOST TOP"},"content":{"rendered":"<p>Roost pleteni, prozra\u010dni i rastezljivi osnovni sloj pru\u017ea maksimalnu slobodu kretanja za voza\u010da. Pletena konstrukcija je prozra\u010dna i zahtijeva manje \u0161avova, \u0161to tako\u0111er zna\u010dajno pove\u0107ava udobnost voza\u010da. Tako\u0111er je dovoljno elasti\u010dan da ne ometa voza\u010deve pokrete.  <\/p>\n","protected":false},"excerpt":{"rendered":"<p>Roost pleteni, prozra\u010dni i rastezljivi osnovni sloj pru\u017ea maksimalnu slobodu kretanja za voza\u010da. Pletena konstrukcija je&#8230;<\/p>\n","protected":false},"featured_media":15066,"comment_status":"open","ping_status":"open","template":"","meta":{"_acf_changed":false},"brand":[2748],"gender":[],"product_brand":[],"product_cat":[1356],"product_tag":[],"class_list":{"0":"post-142304","1":"product","2":"type-product","3":"status-publish","4":"has-post-thumbnail","6":"brand-alpinestars-hr","7":"product_cat-motociklisticka-oprema","8":"pa_size-l-xl-hr","9":"pa_size-sm","10":"pa_size-2xl-3xl-hr","12":"first","13":"onbackorder","14":"taxable","15":"shipping-taxable","16":"purchasable","17":"product-type-variable"},"acf":[],"_links":{"self":[{"href":"https:\/\/moto-oprema.com\/hr\/wp-json\/wp\/v2\/product\/142304","targetHints":{"allow":["GET"]}}],"collection":[{"href":"https:\/\/moto-oprema.com\/hr\/wp-json\/wp\/v2\/product"}],"about":[{"href":"https:\/\/moto-oprema.com\/hr\/wp-json\/wp\/v2\/types\/product"}],"replies":[{"embeddable":true,"href":"https:\/\/moto-oprema.com\/hr\/wp-json\/wp\/v2\/comments?post=142304"}],"wp:featuredmedia":[{"embeddable":true,"href":"https:\/\/moto-oprema.com\/hr\/wp-json\/wp\/v2\/media\/15066"}],"wp:attachment":[{"href":"https:\/\/moto-oprema.com\/hr\/wp-json\/wp\/v2\/media?parent=142304"}],"wp:term":[{"taxonomy":"brand","embeddable":true,"href":"https:\/\/moto-oprema.com\/hr\/wp-json\/wp\/v2\/brand?post=142304"},{"taxonomy":"gender","embeddable":true,"href":"https:\/\/moto-oprema.com\/hr\/wp-json\/wp\/v2\/gender?post=142304"},{"taxonomy":"product_brand","embeddable":true,"href":"https:\/\/moto-oprema.com\/hr\/wp-json\/wp\/v2\/product_brand?post=142304"},{"taxonomy":"product_cat","embeddable":true,"href":"https:\/\/moto-oprema.com\/hr\/wp-json\/wp\/v2\/product_cat?post=142304"},{"taxonomy":"product_tag","embeddable":true,"href":"https:\/\/moto-oprema.com\/hr\/wp-json\/wp\/v2\/product_tag?post=142304"}],"curies":[{"name":"wp","href":"https:\/\/api.w.org\/{rel}","templated":true}]}}