{"id":142294,"date":"2021-12-06T10:30:54","date_gmt":"2021-12-06T10:30:54","guid":{"rendered":"https:\/\/moto-oprema.com\/Artikel\/alpinestars-mx-plus-2-go-carape\/"},"modified":"2021-12-06T10:30:54","modified_gmt":"2021-12-06T10:30:54","slug":"alpinestars-mx-plus-2-go-carape","status":"publish","type":"product","link":"https:\/\/moto-oprema.com\/hr\/Artikel\/alpinestars-mx-plus-2-go-carape\/","title":{"rendered":"ALPINESTARS MX PLUS-2 GO \u010cARAPE"},"content":{"rendered":"<p><span style=\"font-family:arial, helvetica, sans-serif;font-size:small;\">Dizajnirane za no\u0161enje s Alpinestars off-road \u010dizmama, \u010darape MX Plus-2 imaju mre\u017eastu konstrukciju za visoku razinu prozra\u010dnosti s oja\u010danim zonama za pobolj\u0161anu udobnost voza\u010da na biciklu i izvan njega.<\/p>\n<p><\/span><\/p>\n<p><span style=\"font-family:arial, helvetica, sans-serif;font-size:small;\"><span style=\"font-family:arial, helvetica, sans-serif;font-size:small;\">Sastav sirovina:<\/span> <span style=\"font-family:arial, helvetica, sans-serif;font-size:small;\"><span class=\"VIiyi\" xml_lang=\"sl\" lang=\"sl\"><span class=\"JLqJ4b ChMk0b\"><span>50% poliester, 45% poliamid, 5% elastan<\/span><\/span><\/span><\/span> <br \/><\/span><\/p>\n<p><span style=\"font-family:arial, helvetica, sans-serif;font-size:small;\"><span style=\"font-family:arial, helvetica, sans-serif;font-size:small;\">&#8211; Mali (38 &#8211; 40,5)<br \/> &#8211; Srednje (41 &#8211; 43,5)<br \/> &#8211; Velika (44-47)<\/span><\/span><\/p>\n","protected":false},"excerpt":{"rendered":"<p>Dizajnirane za no\u0161enje s Alpinestars off-road \u010dizmama, \u010darape MX Plus-2 imaju mre\u017eastu konstrukciju za visoku razinu&#8230;<\/p>\n","protected":false},"featured_media":15061,"comment_status":"open","ping_status":"open","template":"","meta":{"_acf_changed":false},"brand":[2748],"gender":[],"product_brand":[],"product_cat":[2733],"product_tag":[],"class_list":{"0":"post-142294","1":"product","2":"type-product","3":"status-publish","4":"has-post-thumbnail","6":"brand-alpinestars-hr","7":"product_cat-oprema-za-motokros","8":"pa_size-l-hr","9":"pa_size-m-hr","10":"pa_size-s-hr","12":"first","13":"onbackorder","14":"taxable","15":"shipping-taxable","16":"purchasable","17":"product-type-variable"},"acf":[],"_links":{"self":[{"href":"https:\/\/moto-oprema.com\/hr\/wp-json\/wp\/v2\/product\/142294","targetHints":{"allow":["GET"]}}],"collection":[{"href":"https:\/\/moto-oprema.com\/hr\/wp-json\/wp\/v2\/product"}],"about":[{"href":"https:\/\/moto-oprema.com\/hr\/wp-json\/wp\/v2\/types\/product"}],"replies":[{"embeddable":true,"href":"https:\/\/moto-oprema.com\/hr\/wp-json\/wp\/v2\/comments?post=142294"}],"wp:featuredmedia":[{"embeddable":true,"href":"https:\/\/moto-oprema.com\/hr\/wp-json\/wp\/v2\/media\/15061"}],"wp:attachment":[{"href":"https:\/\/moto-oprema.com\/hr\/wp-json\/wp\/v2\/media?parent=142294"}],"wp:term":[{"taxonomy":"brand","embeddable":true,"href":"https:\/\/moto-oprema.com\/hr\/wp-json\/wp\/v2\/brand?post=142294"},{"taxonomy":"gender","embeddable":true,"href":"https:\/\/moto-oprema.com\/hr\/wp-json\/wp\/v2\/gender?post=142294"},{"taxonomy":"product_brand","embeddable":true,"href":"https:\/\/moto-oprema.com\/hr\/wp-json\/wp\/v2\/product_brand?post=142294"},{"taxonomy":"product_cat","embeddable":true,"href":"https:\/\/moto-oprema.com\/hr\/wp-json\/wp\/v2\/product_cat?post=142294"},{"taxonomy":"product_tag","embeddable":true,"href":"https:\/\/moto-oprema.com\/hr\/wp-json\/wp\/v2\/product_tag?post=142294"}],"curies":[{"name":"wp","href":"https:\/\/api.w.org\/{rel}","templated":true}]}}