{"id":142263,"date":"2021-12-02T11:58:42","date_gmt":"2021-12-02T11:58:42","guid":{"rendered":"https:\/\/moto-oprema.com\/Artikel\/alpinestars-tech-t-cizme-crne\/"},"modified":"2021-12-02T11:58:42","modified_gmt":"2021-12-02T11:58:42","slug":"alpinestars-tech-t-cizme-crne","status":"publish","type":"product","link":"https:\/\/moto-oprema.com\/hr\/Artikel\/alpinestars-tech-t-cizme-crne\/","title":{"rendered":"ALPINESTARS TECH-T \u010cIZME CRNE"},"content":{"rendered":"<div id=\"tab-product-description\" class=\"ui-tabs-panel ui-widget-content ui-corner-bottom\">\n<div class=\"description\">Alpinestars TECH-T je vrlo popularan za Enduro, Adventure i ATV bicikle.<\/div>\n<div class=\"description\"><span style=\"font-family:arial, helvetica, sans-serif;font-size:small;\"><\/span>Ergonomski \u0161titnik za potkoljenicu, TPU za\u0161titni paneli za gle\u017enjeve, jednostavan ulaz kroz gornji \u010di\u010dak, 3D mre\u017easti unutarnji materijal za pobolj\u0161anu ventilaciju, unutarnji umetak protiv prodora vode i prljav\u0161tine, kop\u010de za brzo otpu\u0161tanje, anatomski oblikovana podstava, EN13634: CE odobreno<\/div>\n<\/div>\n","protected":false},"excerpt":{"rendered":"<p>Boja: Crna<\/p>\n","protected":false},"featured_media":14962,"comment_status":"open","ping_status":"open","template":"","meta":{"_acf_changed":false},"brand":[2748],"gender":[],"product_brand":[],"product_cat":[1356,2733],"product_tag":[],"class_list":{"0":"post-142263","1":"product","2":"type-product","3":"status-publish","4":"has-post-thumbnail","6":"brand-alpinestars-hr","7":"product_cat-motociklisticka-oprema","8":"product_cat-oprema-za-motokros","9":"pa_size-10445-hr","10":"pa_size-11455-hr","11":"pa_size-7405-hr","12":"pa_size-842-hr","13":"pa_size-943-hr","15":"first","16":"onbackorder","17":"sale","18":"taxable","19":"shipping-taxable","20":"purchasable","21":"product-type-variable"},"acf":[],"_links":{"self":[{"href":"https:\/\/moto-oprema.com\/hr\/wp-json\/wp\/v2\/product\/142263","targetHints":{"allow":["GET"]}}],"collection":[{"href":"https:\/\/moto-oprema.com\/hr\/wp-json\/wp\/v2\/product"}],"about":[{"href":"https:\/\/moto-oprema.com\/hr\/wp-json\/wp\/v2\/types\/product"}],"replies":[{"embeddable":true,"href":"https:\/\/moto-oprema.com\/hr\/wp-json\/wp\/v2\/comments?post=142263"}],"wp:featuredmedia":[{"embeddable":true,"href":"https:\/\/moto-oprema.com\/hr\/wp-json\/wp\/v2\/media\/14962"}],"wp:attachment":[{"href":"https:\/\/moto-oprema.com\/hr\/wp-json\/wp\/v2\/media?parent=142263"}],"wp:term":[{"taxonomy":"brand","embeddable":true,"href":"https:\/\/moto-oprema.com\/hr\/wp-json\/wp\/v2\/brand?post=142263"},{"taxonomy":"gender","embeddable":true,"href":"https:\/\/moto-oprema.com\/hr\/wp-json\/wp\/v2\/gender?post=142263"},{"taxonomy":"product_brand","embeddable":true,"href":"https:\/\/moto-oprema.com\/hr\/wp-json\/wp\/v2\/product_brand?post=142263"},{"taxonomy":"product_cat","embeddable":true,"href":"https:\/\/moto-oprema.com\/hr\/wp-json\/wp\/v2\/product_cat?post=142263"},{"taxonomy":"product_tag","embeddable":true,"href":"https:\/\/moto-oprema.com\/hr\/wp-json\/wp\/v2\/product_tag?post=142263"}],"curies":[{"name":"wp","href":"https:\/\/api.w.org\/{rel}","templated":true}]}}