{"id":142261,"date":"2021-12-02T10:26:31","date_gmt":"2021-12-02T10:26:31","guid":{"rendered":"https:\/\/moto-oprema.com\/Artikel\/alpinestars-mtb-stitnik-za-lakte-paragon-lite\/"},"modified":"2021-12-02T10:26:31","modified_gmt":"2021-12-02T10:26:31","slug":"alpinestars-mtb-stitnik-za-lakte-paragon-lite","status":"publish","type":"product","link":"https:\/\/moto-oprema.com\/hr\/Artikel\/alpinestars-mtb-stitnik-za-lakte-paragon-lite\/","title":{"rendered":"ALPINESTARS MTB \u0160TITNIK ZA LAKTE PARAGON LITE"},"content":{"rendered":"<div class=\"rte\">\n<div id=\"collapse1One\" class=\"accordion-body collapse in\">\n<div class=\"field field-name-body field-type-text-with-summary field-label-hidden\">\n<div class=\"field-items\">\n<div class=\"field-item even\">\u0160titnici za laktove &#8211; EN 1621-1: 2012 razina 1. Iznimno lagani, izdr\u017eljivi i fleksibilni \u0161titnici izra\u0111eni od prozra\u010dne rastezljive mre\u017ee. Dizajn koji se navla\u010di s elasti\u010dnim man\u017eetama i silikonskim printom. Prednja plo\u010da izra\u0111ena od tkanine otporne na habanje.   <\/div>\n<\/div>\n<\/div>\n<\/div>\n<\/div>\n","protected":false},"excerpt":{"rendered":"<p>\u0160titnici za laktove &#8211; EN 1621-1: 2012 razina 1. Iznimno lagani, izdr\u017eljivi i fleksibilni \u0161titnici izra\u0111eni&#8230;<\/p>\n","protected":false},"featured_media":14936,"comment_status":"open","ping_status":"open","template":"","meta":{"_acf_changed":false},"brand":[2748],"gender":[],"product_brand":[],"product_cat":[2878],"product_tag":[],"class_list":{"0":"post-142261","1":"product","2":"type-product","3":"status-publish","4":"has-post-thumbnail","6":"brand-alpinestars-hr","7":"product_cat-nekategorizirano","8":"pa_size-l-hr","9":"pa_size-m-hr","10":"pa_size-s-hr","11":"pa_size-xl-hr","12":"pa_size-xs-hr","14":"first","15":"onbackorder","16":"taxable","17":"shipping-taxable","18":"purchasable","19":"product-type-variable"},"acf":[],"_links":{"self":[{"href":"https:\/\/moto-oprema.com\/hr\/wp-json\/wp\/v2\/product\/142261","targetHints":{"allow":["GET"]}}],"collection":[{"href":"https:\/\/moto-oprema.com\/hr\/wp-json\/wp\/v2\/product"}],"about":[{"href":"https:\/\/moto-oprema.com\/hr\/wp-json\/wp\/v2\/types\/product"}],"replies":[{"embeddable":true,"href":"https:\/\/moto-oprema.com\/hr\/wp-json\/wp\/v2\/comments?post=142261"}],"wp:featuredmedia":[{"embeddable":true,"href":"https:\/\/moto-oprema.com\/hr\/wp-json\/wp\/v2\/media\/14936"}],"wp:attachment":[{"href":"https:\/\/moto-oprema.com\/hr\/wp-json\/wp\/v2\/media?parent=142261"}],"wp:term":[{"taxonomy":"brand","embeddable":true,"href":"https:\/\/moto-oprema.com\/hr\/wp-json\/wp\/v2\/brand?post=142261"},{"taxonomy":"gender","embeddable":true,"href":"https:\/\/moto-oprema.com\/hr\/wp-json\/wp\/v2\/gender?post=142261"},{"taxonomy":"product_brand","embeddable":true,"href":"https:\/\/moto-oprema.com\/hr\/wp-json\/wp\/v2\/product_brand?post=142261"},{"taxonomy":"product_cat","embeddable":true,"href":"https:\/\/moto-oprema.com\/hr\/wp-json\/wp\/v2\/product_cat?post=142261"},{"taxonomy":"product_tag","embeddable":true,"href":"https:\/\/moto-oprema.com\/hr\/wp-json\/wp\/v2\/product_tag?post=142261"}],"curies":[{"name":"wp","href":"https:\/\/api.w.org\/{rel}","templated":true}]}}