{"id":142255,"date":"2021-11-30T12:11:46","date_gmt":"2021-11-30T12:11:46","guid":{"rendered":"https:\/\/moto-oprema.com\/Artikel\/alpinestars-youth-podrska-za-vrat-2\/"},"modified":"2021-11-30T12:11:46","modified_gmt":"2021-11-30T12:11:46","slug":"alpinestars-youth-podrska-za-vrat-2","status":"publish","type":"product","link":"https:\/\/moto-oprema.com\/hr\/Artikel\/alpinestars-youth-podrska-za-vrat-2\/","title":{"rendered":"ALPINESTARS YOUTH PODR\u0160KA ZA VRAT"},"content":{"rendered":"<div class=\"product-description\">Posebno dizajniran za mlade ili voza\u010de s ni\u017eom gra\u0111om, Youth Neck Support funkcionira kada kaciga i okvir potpore pru\u017eaju alternativni put optere\u0107enja za prekomjernu energiju koja komprimira vrat. Ako je kaciga u kontaktu s potporom za vrat u trenutku udara, ukupno optere\u0107enje koje prolazi kroz vrat mo\u017ee se smanjiti, \u0161to mo\u017ee sprije\u010diti nastanak prijeloma i smanjiti mogu\u0107nost ozljeda mi\u0161i\u0107a uslijed ekstremnih pokreta glave. Iako nije mogu\u0107e eliminirati rizik od bilo kakvog oblika ozljede, dokazano je da potpora poma\u017ee u smanjenju najozbiljnijih o\u0161te\u0107enja i minimiziranju rizika od kolateralnih ozljeda jer se optere\u0107enje udara usmjerava dalje od vrata.  <\/div>\n<div class=\"product-block-1\">\n<div class=\"accordion-block\">\n<div class=\"info-title allow active\">\n<h3>GRADNJA<\/h3>\n<\/div>\n<div class=\"info-content\">\n<p>\u2022 Nova kompaktna i jednostavna za kori\u0161tenje lagana za\u0161tita za vrat za djecu od 8 do 14 godina.<\/p>\n<p> \u2022 Ergonomski dizajniran i konstruiran oblik za savr\u0161eno pristajanje i kombiniranje s jaknama A-5 i Youth Bionic Action<\/p>\n<p> \u2022 Lijevi i desni kruti okviri izra\u0111eni od polimernog spoja u kombinaciji s unutarnjim glatkim rubovima meko ubrizganog EVA materijala pru\u017eaju savr\u0161eno pristajanje i stabilno pozicioniranje.<\/p>\n<p> \u2022 Ukupna konstrukcija okvira raspr\u0161uje energetska optere\u0107enja prenose\u0107i ih preko stra\u017enje strane.<\/p>\n<p> \u2022 Fleksibilni stra\u017enji konektor izme\u0111u lijevog i desnog okvira omogu\u0107uje potpori za vrat da prati pokrete tijela tijekom vo\u017enje.<\/p>\n<\/div>\n<\/div>\n<\/div>\n","protected":false},"excerpt":{"rendered":"<p>Za\u0161tita za vrata za mlade. Univerzalna veli\u010dina od 8-14 godina Crne boje<\/p>\n","protected":false},"featured_media":14885,"comment_status":"open","ping_status":"closed","template":"","meta":{"_acf_changed":false},"brand":[2748],"gender":[2172],"product_brand":[],"product_cat":[2935,2733],"product_tag":[],"class_list":{"0":"post-142255","1":"product","2":"type-product","3":"status-publish","4":"has-post-thumbnail","6":"brand-alpinestars-hr","7":"gender-unisex-hr","8":"product_cat-mx-stitnici","9":"product_cat-oprema-za-motokros","11":"first","12":"instock","13":"taxable","14":"shipping-taxable","15":"purchasable","16":"product-type-simple"},"acf":[],"_links":{"self":[{"href":"https:\/\/moto-oprema.com\/hr\/wp-json\/wp\/v2\/product\/142255","targetHints":{"allow":["GET"]}}],"collection":[{"href":"https:\/\/moto-oprema.com\/hr\/wp-json\/wp\/v2\/product"}],"about":[{"href":"https:\/\/moto-oprema.com\/hr\/wp-json\/wp\/v2\/types\/product"}],"replies":[{"embeddable":true,"href":"https:\/\/moto-oprema.com\/hr\/wp-json\/wp\/v2\/comments?post=142255"}],"wp:featuredmedia":[{"embeddable":true,"href":"https:\/\/moto-oprema.com\/hr\/wp-json\/wp\/v2\/media\/14885"}],"wp:attachment":[{"href":"https:\/\/moto-oprema.com\/hr\/wp-json\/wp\/v2\/media?parent=142255"}],"wp:term":[{"taxonomy":"brand","embeddable":true,"href":"https:\/\/moto-oprema.com\/hr\/wp-json\/wp\/v2\/brand?post=142255"},{"taxonomy":"gender","embeddable":true,"href":"https:\/\/moto-oprema.com\/hr\/wp-json\/wp\/v2\/gender?post=142255"},{"taxonomy":"product_brand","embeddable":true,"href":"https:\/\/moto-oprema.com\/hr\/wp-json\/wp\/v2\/product_brand?post=142255"},{"taxonomy":"product_cat","embeddable":true,"href":"https:\/\/moto-oprema.com\/hr\/wp-json\/wp\/v2\/product_cat?post=142255"},{"taxonomy":"product_tag","embeddable":true,"href":"https:\/\/moto-oprema.com\/hr\/wp-json\/wp\/v2\/product_tag?post=142255"}],"curies":[{"name":"wp","href":"https:\/\/api.w.org\/{rel}","templated":true}]}}