{"id":142203,"date":"2021-11-30T11:06:34","date_gmt":"2021-11-30T11:06:34","guid":{"rendered":"https:\/\/moto-oprema.com\/Artikel\/alpinestars-sequence-stitnici-za-laktove\/"},"modified":"2021-11-30T11:06:34","modified_gmt":"2021-11-30T11:06:34","slug":"alpinestars-sequence-stitnici-za-laktove","status":"publish","type":"product","link":"https:\/\/moto-oprema.com\/hr\/Artikel\/alpinestars-sequence-stitnici-za-laktove\/","title":{"rendered":"ALPINESTARS SEQUENCE \u0161titnici za laktove"},"content":{"rendered":"<div id=\"collapse1One\" class=\"accordion-body collapse in\">\n<p style=\"text-align:left;\">Alpinestars Sequence \u0161titnici za laktove nude za\u0161titu od udaraca i ogrebotina. Dizajnirani su za usko prianjanje koje omogu\u0107uje potpunu slobodu kretanja tijekom vo\u017enje. <\/p>\n<div class=\"field field-name-body field-type-text-with-summary field-label-hidden\">\n<div class=\"field-items\">\n<div class=\"field-item even\">\n<p style=\"text-align:left;\">Tehni\u010dki podaci:<\/p>\n<p> -CE certifikat (EN 1621_1:2012 RAZINA 1)<br \/> -izuzetno prozra\u010dna i lagana<br \/> &#8211; odr\u017eavati oblik i strukturu<br \/> &#8211; \u0161titi od ogrebotina i udaraca<br \/> &#8211; oblo\u017eeno PE pjenom<\/p>\n<\/div>\n<\/div>\n<\/div>\n<\/div>\n","protected":false},"excerpt":{"rendered":"<p>Alpinestars Sequence \u0161titnici za laktove nude za\u0161titu od udaraca i ogrebotina. Dizajnirani su za usko prianjanje&#8230;<\/p>\n","protected":false},"featured_media":14872,"comment_status":"open","ping_status":"open","template":"","meta":{"_acf_changed":false},"brand":[2748],"gender":[],"product_brand":[],"product_cat":[1356,2733],"product_tag":[],"class_list":{"0":"post-142203","1":"product","2":"type-product","3":"status-publish","4":"has-post-thumbnail","6":"brand-alpinestars-hr","7":"product_cat-motociklisticka-oprema","8":"product_cat-oprema-za-motokros","9":"pa_size-l-xl-hr","10":"pa_size-sm","12":"first","13":"onbackorder","14":"taxable","15":"shipping-taxable","16":"purchasable","17":"product-type-variable"},"acf":[],"_links":{"self":[{"href":"https:\/\/moto-oprema.com\/hr\/wp-json\/wp\/v2\/product\/142203","targetHints":{"allow":["GET"]}}],"collection":[{"href":"https:\/\/moto-oprema.com\/hr\/wp-json\/wp\/v2\/product"}],"about":[{"href":"https:\/\/moto-oprema.com\/hr\/wp-json\/wp\/v2\/types\/product"}],"replies":[{"embeddable":true,"href":"https:\/\/moto-oprema.com\/hr\/wp-json\/wp\/v2\/comments?post=142203"}],"wp:featuredmedia":[{"embeddable":true,"href":"https:\/\/moto-oprema.com\/hr\/wp-json\/wp\/v2\/media\/14872"}],"wp:attachment":[{"href":"https:\/\/moto-oprema.com\/hr\/wp-json\/wp\/v2\/media?parent=142203"}],"wp:term":[{"taxonomy":"brand","embeddable":true,"href":"https:\/\/moto-oprema.com\/hr\/wp-json\/wp\/v2\/brand?post=142203"},{"taxonomy":"gender","embeddable":true,"href":"https:\/\/moto-oprema.com\/hr\/wp-json\/wp\/v2\/gender?post=142203"},{"taxonomy":"product_brand","embeddable":true,"href":"https:\/\/moto-oprema.com\/hr\/wp-json\/wp\/v2\/product_brand?post=142203"},{"taxonomy":"product_cat","embeddable":true,"href":"https:\/\/moto-oprema.com\/hr\/wp-json\/wp\/v2\/product_cat?post=142203"},{"taxonomy":"product_tag","embeddable":true,"href":"https:\/\/moto-oprema.com\/hr\/wp-json\/wp\/v2\/product_tag?post=142203"}],"curies":[{"name":"wp","href":"https:\/\/api.w.org\/{rel}","templated":true}]}}