{"id":142194,"date":"2021-11-30T10:57:29","date_gmt":"2021-11-30T10:57:29","guid":{"rendered":"https:\/\/moto-oprema.com\/Artikel\/alpinestars-nucleon-kr-c-stitnik-za-prsa\/"},"modified":"2021-11-30T10:57:29","modified_gmt":"2021-11-30T10:57:29","slug":"alpinestars-nucleon-kr-c-stitnik-za-prsa","status":"publish","type":"product","link":"https:\/\/moto-oprema.com\/hr\/Artikel\/alpinestars-nucleon-kr-c-stitnik-za-prsa\/","title":{"rendered":"ALPINESTARS NUCLEON KR-C \u0160TITNIK ZA PRSA"},"content":{"rendered":"<p>Jednostavan za no\u0161enje, podijeljeni \u0161titnik za prsa, optimalno prozra\u010den, lagan i ergonomski dizajniran, mo\u017ee se kombinirati sa \u0161titnicima za le\u0111a KR-1 i KR-2, CE certifikat EN1621-3: 2013 razina 2<span style=\"font-family:arial, helvetica, sans-serif;font-size:small;\"><b><\/p>\n<p><\/b><\/span> Sastav sirovina: 45% poliuretan, 20% poliamid, 25% poliester, 7,5% spandex, 2,5% ostalo.<span style=\"font-family:arial, helvetica, sans-serif;font-size:small;\"><\/p>\n<p><\/span><\/p>\n","protected":false},"excerpt":{"rendered":"<p>Jednostavan za no\u0161enje, podijeljeni \u0161titnik za prsa, optimalno prozra\u010den, lagan i ergonomski dizajniran, mo\u017ee se kombinirati&#8230;<\/p>\n","protected":false},"featured_media":14868,"comment_status":"open","ping_status":"open","template":"","meta":{"_acf_changed":false},"brand":[2748],"gender":[],"product_brand":[],"product_cat":[1356,2855],"product_tag":[],"class_list":{"0":"post-142194","1":"product","2":"type-product","3":"status-publish","4":"has-post-thumbnail","6":"brand-alpinestars-hr","7":"product_cat-motociklisticka-oprema","8":"product_cat-zastitnici-i-zracni-jastuci","9":"pa_size-m-xl-hr","10":"pa_size-xs-s-hr","12":"first","13":"onbackorder","14":"sale","15":"taxable","16":"shipping-taxable","17":"purchasable","18":"product-type-variable"},"acf":[],"_links":{"self":[{"href":"https:\/\/moto-oprema.com\/hr\/wp-json\/wp\/v2\/product\/142194","targetHints":{"allow":["GET"]}}],"collection":[{"href":"https:\/\/moto-oprema.com\/hr\/wp-json\/wp\/v2\/product"}],"about":[{"href":"https:\/\/moto-oprema.com\/hr\/wp-json\/wp\/v2\/types\/product"}],"replies":[{"embeddable":true,"href":"https:\/\/moto-oprema.com\/hr\/wp-json\/wp\/v2\/comments?post=142194"}],"wp:featuredmedia":[{"embeddable":true,"href":"https:\/\/moto-oprema.com\/hr\/wp-json\/wp\/v2\/media\/14868"}],"wp:attachment":[{"href":"https:\/\/moto-oprema.com\/hr\/wp-json\/wp\/v2\/media?parent=142194"}],"wp:term":[{"taxonomy":"brand","embeddable":true,"href":"https:\/\/moto-oprema.com\/hr\/wp-json\/wp\/v2\/brand?post=142194"},{"taxonomy":"gender","embeddable":true,"href":"https:\/\/moto-oprema.com\/hr\/wp-json\/wp\/v2\/gender?post=142194"},{"taxonomy":"product_brand","embeddable":true,"href":"https:\/\/moto-oprema.com\/hr\/wp-json\/wp\/v2\/product_brand?post=142194"},{"taxonomy":"product_cat","embeddable":true,"href":"https:\/\/moto-oprema.com\/hr\/wp-json\/wp\/v2\/product_cat?post=142194"},{"taxonomy":"product_tag","embeddable":true,"href":"https:\/\/moto-oprema.com\/hr\/wp-json\/wp\/v2\/product_tag?post=142194"}],"curies":[{"name":"wp","href":"https:\/\/api.w.org\/{rel}","templated":true}]}}