{"id":142025,"date":"2021-11-08T11:45:21","date_gmt":"2021-11-08T11:45:21","guid":{"rendered":"https:\/\/moto-oprema.com\/Artikel\/dres-tld-gp-formula-camo\/"},"modified":"2021-11-08T11:45:21","modified_gmt":"2021-11-08T11:45:21","slug":"dres-tld-gp-formula-camo","status":"publish","type":"product","link":"https:\/\/moto-oprema.com\/hr\/Artikel\/dres-tld-gp-formula-camo\/","title":{"rendered":"DRES TLD GP FORMULA CAMO"},"content":{"rendered":"<p>TLD dres je dizajniran za dana\u0161nje amaterske voza\u010de i profesionalce diljem svijeta. Tehni\u010dki dizajn inspiriran je utrkama kako bi vam pomogao da napredujete na sljede\u0107u razinu. <\/p>\n<p>Zna\u010dajke:<\/p>\n<ul>\n<li>Rebrasti rastezljivi ovratnik s V-izrezom<\/li>\n<li>Materijal od poliesterskih vlakana s velikim rupicama<\/li>\n<li>Minimalisti\u010dki dizajn man\u017eete<\/li>\n<li>Gel print na repu dr\u017ei dres na mjestu<\/li>\n<li>Dizajn spu\u0161tenog repa za dodatnu udobnost<\/li>\n<\/ul>\n<p>Sastav sirovine: 100% poliester<\/p>\n","protected":false},"excerpt":{"rendered":"<p>TLD dres je dizajniran za dana\u0161nje amaterske voza\u010de i profesionalce diljem svijeta. Tehni\u010dki dizajn inspiriran je&#8230;<\/p>\n","protected":false},"featured_media":14323,"comment_status":"open","ping_status":"open","template":"","meta":{"_acf_changed":false},"brand":[3005],"gender":[1313],"product_brand":[],"product_cat":[2746,2733],"product_tag":[],"class_list":{"0":"post-142025","1":"product","2":"type-product","3":"status-publish","4":"has-post-thumbnail","6":"brand-najvisa-razina","7":"gender-moski","8":"product_cat-mx-dresovi","9":"product_cat-oprema-za-motokros","10":"pa_size-l-hr","11":"pa_size-m-hr","12":"pa_size-s-hr","13":"pa_size-xl-hr","14":"pa_size-xxl-hr","16":"first","17":"onbackorder","18":"taxable","19":"shipping-taxable","20":"purchasable","21":"product-type-variable"},"acf":[],"_links":{"self":[{"href":"https:\/\/moto-oprema.com\/hr\/wp-json\/wp\/v2\/product\/142025","targetHints":{"allow":["GET"]}}],"collection":[{"href":"https:\/\/moto-oprema.com\/hr\/wp-json\/wp\/v2\/product"}],"about":[{"href":"https:\/\/moto-oprema.com\/hr\/wp-json\/wp\/v2\/types\/product"}],"replies":[{"embeddable":true,"href":"https:\/\/moto-oprema.com\/hr\/wp-json\/wp\/v2\/comments?post=142025"}],"wp:featuredmedia":[{"embeddable":true,"href":"https:\/\/moto-oprema.com\/hr\/wp-json\/wp\/v2\/media\/14323"}],"wp:attachment":[{"href":"https:\/\/moto-oprema.com\/hr\/wp-json\/wp\/v2\/media?parent=142025"}],"wp:term":[{"taxonomy":"brand","embeddable":true,"href":"https:\/\/moto-oprema.com\/hr\/wp-json\/wp\/v2\/brand?post=142025"},{"taxonomy":"gender","embeddable":true,"href":"https:\/\/moto-oprema.com\/hr\/wp-json\/wp\/v2\/gender?post=142025"},{"taxonomy":"product_brand","embeddable":true,"href":"https:\/\/moto-oprema.com\/hr\/wp-json\/wp\/v2\/product_brand?post=142025"},{"taxonomy":"product_cat","embeddable":true,"href":"https:\/\/moto-oprema.com\/hr\/wp-json\/wp\/v2\/product_cat?post=142025"},{"taxonomy":"product_tag","embeddable":true,"href":"https:\/\/moto-oprema.com\/hr\/wp-json\/wp\/v2\/product_tag?post=142025"}],"curies":[{"name":"wp","href":"https:\/\/api.w.org\/{rel}","templated":true}]}}