{"id":141980,"date":"2021-11-05T10:02:47","date_gmt":"2021-11-05T10:02:47","guid":{"rendered":"https:\/\/moto-oprema.com\/Artikel\/tld-mtb-dres-sprint-dyen-burgundy\/"},"modified":"2021-11-05T10:02:47","modified_gmt":"2021-11-05T10:02:47","slug":"tld-mtb-dres-sprint-dyen-burgundy","status":"publish","type":"product","link":"https:\/\/moto-oprema.com\/hr\/Artikel\/tld-mtb-dres-sprint-dyen-burgundy\/","title":{"rendered":"TLD MTB DRES SPRINT DYEN BURGUNDY"},"content":{"rendered":"<p>SPRINT Gear je jedinstven dres, kao i broj pobjeda u Downhill i BMX utrkama koje je ostvario tijekom godina. Sada se vra\u0107a s nizom klju\u010dnih promjena koje ne\u0107e olak\u0161ati borbu natjecateljima. Fokus je bio na tome kako oprema pristaje i kako se osje\u0107a na biciklu.  <\/p>\n<p>SASTAV SIROVINE:<\/p>\n<p>-100% POLIESTER<\/p>\n","protected":false},"excerpt":{"rendered":"<p>SPRINT Gear je jedinstven dres, kao i broj pobjeda u Downhill i BMX utrkama koje je&#8230;<\/p>\n","protected":false},"featured_media":14251,"comment_status":"open","ping_status":"open","template":"","meta":{"_acf_changed":false},"brand":[3005],"gender":[1313],"product_brand":[],"product_cat":[2740,3033],"product_tag":[],"class_list":{"0":"post-141980","1":"product","2":"type-product","3":"status-publish","4":"has-post-thumbnail","6":"brand-najvisa-razina","7":"gender-moski","8":"product_cat-mtb-biciklisticka-oprema","9":"product_cat-mtb-dresovi","10":"pa_size-l-hr","11":"pa_size-m-hr","12":"pa_size-s-hr","13":"pa_size-xl-hr","14":"pa_size-xxl-hr","16":"first","17":"onbackorder","18":"taxable","19":"shipping-taxable","20":"purchasable","21":"product-type-variable"},"acf":[],"_links":{"self":[{"href":"https:\/\/moto-oprema.com\/hr\/wp-json\/wp\/v2\/product\/141980","targetHints":{"allow":["GET"]}}],"collection":[{"href":"https:\/\/moto-oprema.com\/hr\/wp-json\/wp\/v2\/product"}],"about":[{"href":"https:\/\/moto-oprema.com\/hr\/wp-json\/wp\/v2\/types\/product"}],"replies":[{"embeddable":true,"href":"https:\/\/moto-oprema.com\/hr\/wp-json\/wp\/v2\/comments?post=141980"}],"wp:featuredmedia":[{"embeddable":true,"href":"https:\/\/moto-oprema.com\/hr\/wp-json\/wp\/v2\/media\/14251"}],"wp:attachment":[{"href":"https:\/\/moto-oprema.com\/hr\/wp-json\/wp\/v2\/media?parent=141980"}],"wp:term":[{"taxonomy":"brand","embeddable":true,"href":"https:\/\/moto-oprema.com\/hr\/wp-json\/wp\/v2\/brand?post=141980"},{"taxonomy":"gender","embeddable":true,"href":"https:\/\/moto-oprema.com\/hr\/wp-json\/wp\/v2\/gender?post=141980"},{"taxonomy":"product_brand","embeddable":true,"href":"https:\/\/moto-oprema.com\/hr\/wp-json\/wp\/v2\/product_brand?post=141980"},{"taxonomy":"product_cat","embeddable":true,"href":"https:\/\/moto-oprema.com\/hr\/wp-json\/wp\/v2\/product_cat?post=141980"},{"taxonomy":"product_tag","embeddable":true,"href":"https:\/\/moto-oprema.com\/hr\/wp-json\/wp\/v2\/product_tag?post=141980"}],"curies":[{"name":"wp","href":"https:\/\/api.w.org\/{rel}","templated":true}]}}