{"id":141968,"date":"2021-11-05T09:58:36","date_gmt":"2021-11-05T09:58:36","guid":{"rendered":"https:\/\/moto-oprema.com\/Artikel\/tld-mtb-skyline-formula-dres-sham\/"},"modified":"2021-11-05T09:58:36","modified_gmt":"2021-11-05T09:58:36","slug":"tld-mtb-skyline-formula-dres-sham","status":"publish","type":"product","link":"https:\/\/moto-oprema.com\/hr\/Artikel\/tld-mtb-skyline-formula-dres-sham\/","title":{"rendered":"TLD MTB SKYLINE FORMULA DRES SHAM"},"content":{"rendered":"<p>Ni previ\u0161e le\u017eeran, ni previ\u0161e trka\u0107i, dres SKYLINE je bestseler s dobrim razlogom. Posvetili smo se usavr\u0161avanju cijelog paketa ekolo\u0161ki prihvatljivom tkaninom s Bluesign\u00ae certifikatom. S lak\u0161im materijalom koji bolje odvodi vlagu, dres SKYLINE je udobniji nego ikad, a istovremeno zadr\u017eava idealan labavi kroj. Lagani kroj je le\u017eeran na dodir, ali s vode\u0107im tehni\u010dkim zna\u010dajkama dizajna. Izra\u0111en od 92% poliestera \/ 8% Spandex\u00ae Bluesign\u00ae certificiranog materijala s svojstvima odvo\u0111enja vlage i brzog su\u0161enja. Novi, redizajnirani ovratnik i raspored rukava koriste zna\u010dajke dizajna &#8216;SE PRO&#8217; za ve\u0107u slobodu kretanja i udobnost. Novi kompaktni stra\u017enji d\u017eep. Skrivena krpa za \u010di\u0161\u0107enje nao\u010dala u stra\u017enjem d\u017eepu. Tkanina je certificirana Bluesign\u00ae-om.        <\/p>\n<p>SASTAV SIROVINE:<\/p>\n<p>-98% POLIESTER, 8% Spandex\u00ae<\/p>\n","protected":false},"excerpt":{"rendered":"<p>Ni previ\u0161e le\u017eeran, ni previ\u0161e trka\u0107i, dres SKYLINE je bestseler s dobrim razlogom. Posvetili smo se&#8230;<\/p>\n","protected":false},"featured_media":14244,"comment_status":"open","ping_status":"open","template":"","meta":{"_acf_changed":false},"brand":[3005],"gender":[1313],"product_brand":[],"product_cat":[2740,3033],"product_tag":[],"class_list":{"0":"post-141968","1":"product","2":"type-product","3":"status-publish","4":"has-post-thumbnail","6":"brand-najvisa-razina","7":"gender-moski","8":"product_cat-mtb-biciklisticka-oprema","9":"product_cat-mtb-dresovi","10":"pa_size-l-hr","11":"pa_size-m-hr","12":"pa_size-s-hr","13":"pa_size-xl-hr","15":"first","16":"onbackorder","17":"taxable","18":"shipping-taxable","19":"purchasable","20":"product-type-variable"},"acf":[],"_links":{"self":[{"href":"https:\/\/moto-oprema.com\/hr\/wp-json\/wp\/v2\/product\/141968","targetHints":{"allow":["GET"]}}],"collection":[{"href":"https:\/\/moto-oprema.com\/hr\/wp-json\/wp\/v2\/product"}],"about":[{"href":"https:\/\/moto-oprema.com\/hr\/wp-json\/wp\/v2\/types\/product"}],"replies":[{"embeddable":true,"href":"https:\/\/moto-oprema.com\/hr\/wp-json\/wp\/v2\/comments?post=141968"}],"wp:featuredmedia":[{"embeddable":true,"href":"https:\/\/moto-oprema.com\/hr\/wp-json\/wp\/v2\/media\/14244"}],"wp:attachment":[{"href":"https:\/\/moto-oprema.com\/hr\/wp-json\/wp\/v2\/media?parent=141968"}],"wp:term":[{"taxonomy":"brand","embeddable":true,"href":"https:\/\/moto-oprema.com\/hr\/wp-json\/wp\/v2\/brand?post=141968"},{"taxonomy":"gender","embeddable":true,"href":"https:\/\/moto-oprema.com\/hr\/wp-json\/wp\/v2\/gender?post=141968"},{"taxonomy":"product_brand","embeddable":true,"href":"https:\/\/moto-oprema.com\/hr\/wp-json\/wp\/v2\/product_brand?post=141968"},{"taxonomy":"product_cat","embeddable":true,"href":"https:\/\/moto-oprema.com\/hr\/wp-json\/wp\/v2\/product_cat?post=141968"},{"taxonomy":"product_tag","embeddable":true,"href":"https:\/\/moto-oprema.com\/hr\/wp-json\/wp\/v2\/product_tag?post=141968"}],"curies":[{"name":"wp","href":"https:\/\/api.w.org\/{rel}","templated":true}]}}