{"id":141805,"date":"2023-02-09T10:22:29","date_gmt":"2023-02-09T10:22:29","guid":{"rendered":"https:\/\/moto-oprema.com\/Artikel\/hjc-i100-flip-kaciga-cisto-crna\/"},"modified":"2023-02-09T10:22:29","modified_gmt":"2023-02-09T10:22:29","slug":"hjc-i100-flip-kaciga-cisto-crna","status":"publish","type":"product","link":"https:\/\/moto-oprema.com\/hr\/Artikel\/hjc-i100-flip-kaciga-cisto-crna\/","title":{"rendered":"HJC I100 FLIP KACIGA \u010cISTO CRNA"},"content":{"rendered":"<p>HJC I100 donosi svestranost u svakodnevni \u017eivot modularne kacige. Ova modularna kaciga ima potpuno rotiraju\u0107i podbradnik koji se mo\u017ee koristiti i u otvorenoj i u konfiguraciji za cijelo lice, zahvaljuju\u0107i dvostrukoj P\/J homologaciji. Integrirani, jednostavni za kori\u0161tenje \u0161titnik za sunce (tamno sme\u0111a) upravlja se kabelom i nalazi se na donjoj lijevoj strani \u0161koljke. Ova je \u0161koljka izra\u0111ena od na\u0161eg naprednog polikarbonatnog materijala i dostupna je u 3 veli\u010dine \u0161koljke od XS do 2XL za maksimalnu udobnost i pristajanje. Tako\u0111er je dizajnirana i konstruirana s optimalnom ravnote\u017eom i raspodjelom te\u017eine za cjelodnevnu udobnost vo\u017enje. Ova je kaciga tako\u0111er kompatibilna s HJC SMART Bluetooth sustavima (10B i 20B).     <\/p>\n<p>Zna\u010dajke:<\/p>\n<ul>\n<li>  Dvostruka homologacija (P\/J)<\/li>\n<li>  Napredna kompozitna \u0161koljka od polikarbonata: mala te\u017eina, izvrsno prianjanje i pobolj\u0161ana udobnost zahvaljuju\u0107i CAD tehnologiji<\/li>\n<li>  Rotiraju\u0107a \u0161ipka za bradu omogu\u0107uje jednostavno prebacivanje izme\u0111u pune i otvorene \u0161koljke<\/li>\n<li>  ACS: Napredni sustav ventilacije: Gornji i donji otvori s 2 prekida\u010da; Potpuni protok zraka od naprijed prema natrag uklanja toplinu i vlagu s kacige<\/li>\n<li>  Vizir Pinlock Ready HJ-36: Pru\u017ea 99% UV za\u0161titu, premaz protiv ogrebotina<\/li>\n<li>  Brz, jednostavan i siguran sustav zatezanja vizira<\/li>\n<li>  Unutarnja tenda za sunce se brzo i jednostavno postavlja<\/li>\n<li>  Premaz protiv zamagljivanja<\/li>\n<li>  Sjenilo se mo\u017ee podesiti pomo\u0107u prekida\u010da<\/li>\n<li>  Odvo\u0111enje vlage i suho\u0107a, visoka udobnost no\u0161enja, optimalna stabilnost<\/li>\n<li>  Jastu\u010di\u0107i za glavu i obraze: uklonjivi i perivi<\/li>\n<li>  Jastu\u010di\u0107i za obraze: zamjenjivi za sve veli\u010dine<\/li>\n<li>  Kanali za nao\u010dale idealni za one koji nose nao\u010dale<\/li>\n<li>  SMART HJC Bluetooth spreman (Bluetooth se prodaje zasebno)<\/li>\n<\/ul>\n<p>Tehni\u010dki podaci:<\/p>\n<ul>\n<li>  Materijal: polikarbonat<\/li>\n<li>  Norma: 22,06<\/li>\n<li>  Zatvaranje: zatvaranje s \u010degrtaljkom<\/li>\n<li>  Vrsta vizira: HJ-36<\/li>\n<li>  \u0160titnik za sunce: HJ-V11<\/li>\n<\/ul>\n<p>Veli\u010dine:<\/p>\n<p> Veli\u010dina kacige\/\u0161titnika za obraze\/\u0161titnika za glavu:<br \/> XS (54-55 cm)\/30 mm\/12 mm<br \/> S (55-56 cm) \/ 25 mm \/ 9 mm<br \/> M (57-58 cm) \/ 35 mm \/ 12 mm<br \/> D (58-59 cm) \/ 25 mm \/ 9 mm<br \/> XL (60-61 cm)\/30 mm\/12 mm<br \/> XXL (62-63 cm)\/25 mm\/7 mm<\/p>\n","protected":false},"excerpt":{"rendered":"<p>HJC I100 donosi svestranost u svakodnevni \u017eivot modularne kacige. Ova modularna kaciga ima potpuno rotiraju\u0107i podbradnik&#8230;<\/p>\n","protected":false},"featured_media":20740,"comment_status":"open","ping_status":"open","template":"","meta":{"_acf_changed":false},"brand":[2130],"gender":[2172],"product_brand":[],"product_cat":[1358,1356,2753],"product_tag":[],"class_list":{"0":"post-141805","1":"product","2":"type-product","3":"status-publish","4":"has-post-thumbnail","6":"brand-hjc-hr","7":"gender-unisex-hr","8":"product_cat-kacige","9":"product_cat-motociklisticka-oprema","10":"product_cat-sklopivi","11":"pa_size-l-hr","12":"pa_size-m-hr","13":"pa_size-s-hr","14":"pa_size-xl-hr","15":"pa_size-xxl-hr","17":"first","18":"onbackorder","19":"sale","20":"taxable","21":"shipping-taxable","22":"purchasable","23":"product-type-variable"},"acf":[],"_links":{"self":[{"href":"https:\/\/moto-oprema.com\/hr\/wp-json\/wp\/v2\/product\/141805","targetHints":{"allow":["GET"]}}],"collection":[{"href":"https:\/\/moto-oprema.com\/hr\/wp-json\/wp\/v2\/product"}],"about":[{"href":"https:\/\/moto-oprema.com\/hr\/wp-json\/wp\/v2\/types\/product"}],"replies":[{"embeddable":true,"href":"https:\/\/moto-oprema.com\/hr\/wp-json\/wp\/v2\/comments?post=141805"}],"wp:featuredmedia":[{"embeddable":true,"href":"https:\/\/moto-oprema.com\/hr\/wp-json\/wp\/v2\/media\/20740"}],"wp:attachment":[{"href":"https:\/\/moto-oprema.com\/hr\/wp-json\/wp\/v2\/media?parent=141805"}],"wp:term":[{"taxonomy":"brand","embeddable":true,"href":"https:\/\/moto-oprema.com\/hr\/wp-json\/wp\/v2\/brand?post=141805"},{"taxonomy":"gender","embeddable":true,"href":"https:\/\/moto-oprema.com\/hr\/wp-json\/wp\/v2\/gender?post=141805"},{"taxonomy":"product_brand","embeddable":true,"href":"https:\/\/moto-oprema.com\/hr\/wp-json\/wp\/v2\/product_brand?post=141805"},{"taxonomy":"product_cat","embeddable":true,"href":"https:\/\/moto-oprema.com\/hr\/wp-json\/wp\/v2\/product_cat?post=141805"},{"taxonomy":"product_tag","embeddable":true,"href":"https:\/\/moto-oprema.com\/hr\/wp-json\/wp\/v2\/product_tag?post=141805"}],"curies":[{"name":"wp","href":"https:\/\/api.w.org\/{rel}","templated":true}]}}