{"id":141451,"date":"2023-03-14T09:13:16","date_gmt":"2023-03-14T09:13:16","guid":{"rendered":"https:\/\/moto-oprema.com\/Artikel\/dainese-suhe-mid-carape\/"},"modified":"2023-03-14T09:13:16","modified_gmt":"2023-03-14T09:13:16","slug":"dainese-suhe-mid-carape","status":"publish","type":"product","link":"https:\/\/moto-oprema.com\/hr\/Artikel\/dainese-suhe-mid-carape\/","title":{"rendered":"DAINESE SUHE MID \u010cARAPE"},"content":{"rendered":"<p>Dry Mid \u010darape su srednje duga verzija Dainese Dry \u010darapa. Prozra\u010dne su, potpuno ergonomske i osiguravaju ispravnu termoregulaciju po blagom vremenu. Zahvaljuju\u0107i upotrebi vodoodbojne Dryarn tkanine, Dry \u010darape optimalno reguliraju znojenje i odr\u017eavaju tijelo uvijek suhim &#8211; za zajam\u010denu svje\u017einu i udobnost.  <\/p>\n<p>Zna\u010dajke:<br \/>\n Potpora za gle\u017enjeve za ve\u0107u udobnost i preciznost vo\u017enje<br \/>\n Kompresijske linije za potporu mi\u0161i\u0107a: smanjuju vibracije i optimiziraju cirkulaciju krvi<br \/>\n Kompresija stopala za pove\u0107anje protoka krvi<br \/>\n Prianjanje na potplatu sprje\u010dava klizanje u cipeli<br \/>\n Ventilirana mre\u017easta plo\u010da na stra\u017enjoj strani stopala: optimizacija termoregulacije i prozra\u010dnosti<\/p>\n<p>Veli\u010dina:<\/p>\n<p>36-38, 39-41, 42-44, 45-47<\/p>\n<p>Sastav sirovine:<\/p>\n<p>86% poliamid, 8% elastan, 6% polipropilen<\/p>\n","protected":false},"excerpt":{"rendered":"<p>Zra\u010dne \u010darape za motocikle omogu\u0107uju optimalnu cirkulaciju krvi tijekom vo\u017enje.<\/p>\n","protected":false},"featured_media":20817,"comment_status":"open","ping_status":"closed","template":"","meta":{"_acf_changed":false},"brand":[2800],"gender":[],"product_brand":[],"product_cat":[2854,1356,2880],"product_tag":[],"class_list":{"0":"post-141451","1":"product","2":"type-product","3":"status-publish","4":"has-post-thumbnail","6":"brand-dainese-hr","7":"product_cat-funkcionalna-odjeca-i-donje-rublje","8":"product_cat-motociklisticka-oprema","9":"product_cat-podkape-za-donje-rublje","10":"pa_velikost-st-36-38-hr","11":"pa_velikost-st-39-41-hr","12":"pa_velikost-st-42-44-hr","13":"pa_velikost-st-45-47-hr","15":"first","16":"instock","17":"taxable","18":"shipping-taxable","19":"purchasable","20":"product-type-variable"},"acf":[],"_links":{"self":[{"href":"https:\/\/moto-oprema.com\/hr\/wp-json\/wp\/v2\/product\/141451","targetHints":{"allow":["GET"]}}],"collection":[{"href":"https:\/\/moto-oprema.com\/hr\/wp-json\/wp\/v2\/product"}],"about":[{"href":"https:\/\/moto-oprema.com\/hr\/wp-json\/wp\/v2\/types\/product"}],"replies":[{"embeddable":true,"href":"https:\/\/moto-oprema.com\/hr\/wp-json\/wp\/v2\/comments?post=141451"}],"wp:featuredmedia":[{"embeddable":true,"href":"https:\/\/moto-oprema.com\/hr\/wp-json\/wp\/v2\/media\/20817"}],"wp:attachment":[{"href":"https:\/\/moto-oprema.com\/hr\/wp-json\/wp\/v2\/media?parent=141451"}],"wp:term":[{"taxonomy":"brand","embeddable":true,"href":"https:\/\/moto-oprema.com\/hr\/wp-json\/wp\/v2\/brand?post=141451"},{"taxonomy":"gender","embeddable":true,"href":"https:\/\/moto-oprema.com\/hr\/wp-json\/wp\/v2\/gender?post=141451"},{"taxonomy":"product_brand","embeddable":true,"href":"https:\/\/moto-oprema.com\/hr\/wp-json\/wp\/v2\/product_brand?post=141451"},{"taxonomy":"product_cat","embeddable":true,"href":"https:\/\/moto-oprema.com\/hr\/wp-json\/wp\/v2\/product_cat?post=141451"},{"taxonomy":"product_tag","embeddable":true,"href":"https:\/\/moto-oprema.com\/hr\/wp-json\/wp\/v2\/product_tag?post=141451"}],"curies":[{"name":"wp","href":"https:\/\/api.w.org\/{rel}","templated":true}]}}