{"id":141367,"date":"2023-04-13T04:29:44","date_gmt":"2023-04-13T04:29:44","guid":{"rendered":"https:\/\/moto-oprema.com\/Artikel\/alpinestars-gp-force-v2-smx-s-sp-8-v3\/"},"modified":"2023-04-13T04:29:44","modified_gmt":"2023-04-13T04:29:44","slug":"alpinestars-gp-force-v2-smx-s-sp-8-v3","status":"publish","type":"product","link":"https:\/\/moto-oprema.com\/hr\/Artikel\/alpinestars-gp-force-v2-smx-s-sp-8-v3\/","title":{"rendered":"ALPINESTARS GP FORCE V2 + SMX S + SP-8 V3"},"content":{"rendered":"<p>*1 Alpinestars GP FORCE V2 kombinezon<br \/>\n *2 Alpinestars SMX-S \u010dizme<br \/>\n *3 Alpinestars SP-8 V3 rukavice<\/p>\n<p>Prikladan set za normalnu vo\u017enju po cesti. Naravno, mo\u017ee se kombinirati i s drugim modelima, a tada je i cijena prilago\u0111ena tome (s popustom). <\/p>\n<p>*1<br \/>\n Dvodijelno odijelo Alpinestars GP FORCE Phantom je svestrano i udobno. Izra\u0111eno je od vrhunske ko\u017ee i uklju\u010duje brojne CE certificirane \u0161titnike i druge zna\u010dajke koje osiguravaju va\u0161u udobnost i sigurnost. Tako\u0111er ima veliki broj rastezljivih umetaka za bolje pristajanje. Odijelo je vrlo prikladno za voza\u010de koji zahtijevaju performanse, ali je tako\u0111er svestrano za vo\u017enju po obi\u010dnim cestama.   <\/p>\n<p>*2<br \/>\n Alpinestars SMX-S \u010dizme dizajnirane su za vo\u017enju i na stazi i po cesti. Imaju novodizajnirani gornji dio koji nudi jo\u0161 ve\u0107u fleksibilnost. Osim toga, \u010dizma uklju\u010duje najnovije Alpinestarsove inovacije u obu\u0107i. Svaka komponenta na CE certificiranoj SMX-S \u010dizmi pomno je dizajnirana kako bi voza\u010du pru\u017eila prednost u sigurnosti, ergonomiji i performansama tijekom vo\u017enje.   <\/p>\n<p>*3<br \/>\n Rukavice Alpinestars SP-8 V3, s CE certifikatom, izra\u0111ene su od ko\u017ee koja je izuzetno otporna na habanje. Zglobovi su za\u0161ti\u0107eni \u0161titnikom od polimera. Osim visoke razine za\u0161tite, rukavice SP-8 V2 nude vam i slobodu kretanja i udobnost. Prsti su prethodno oblikovani i osigurani \u010di\u010dkom. Na dlanu i palcu na\u0107i \u0107ete novi anatomski oblikovani umetak za bolji hvat.<\/p>\n","protected":false},"excerpt":{"rendered":"<p>*1 Alpinestars GP FORCE V2 kombinezon *2 Alpinestars SMX-S \u010dizme *3 Alpinestars SP-8 V3 rukavice Prikladan&#8230;<\/p>\n","protected":false},"featured_media":20856,"comment_status":"open","ping_status":"open","template":"","meta":{"_acf_changed":false},"brand":[2748],"gender":[],"product_brand":[],"product_cat":[2858,1356],"product_tag":[],"class_list":{"0":"post-141367","1":"product","2":"type-product","3":"status-publish","4":"has-post-thumbnail","6":"brand-alpinestars-hr","7":"product_cat-dvodijelni-kombinezoni","8":"product_cat-motociklisticka-oprema","9":"pa_size-48-hr","10":"pa_size-50-hr","11":"pa_size-52-hr","12":"pa_size-54-hr","13":"pa_size-56-hr","14":"pa_size-58-hr","15":"pa_size-60-hr","16":"pa_velikost-rokavice-2-l-hr","17":"pa_velikost-rokavice-2-m-hr","18":"pa_velikost-rokavice-2-s-hr","19":"pa_velikost-rokavice-2-xl-hr","20":"pa_velikost-rokavice-2-xxl-hr","21":"pa_velikost-skornji-2-38-hr","22":"pa_velikost-skornji-2-39-hr","23":"pa_velikost-skornji-2-40-hr","24":"pa_velikost-skornji-2-41-hr","25":"pa_velikost-skornji-2-42-hr","26":"pa_velikost-skornji-2-43-hr","27":"pa_velikost-skornji-2-45-hr","28":"pa_velikost-skornji-2-46-hr","30":"first","31":"onbackorder","32":"sale","33":"taxable","34":"shipping-taxable","35":"purchasable","36":"product-type-variable"},"acf":[],"_links":{"self":[{"href":"https:\/\/moto-oprema.com\/hr\/wp-json\/wp\/v2\/product\/141367","targetHints":{"allow":["GET"]}}],"collection":[{"href":"https:\/\/moto-oprema.com\/hr\/wp-json\/wp\/v2\/product"}],"about":[{"href":"https:\/\/moto-oprema.com\/hr\/wp-json\/wp\/v2\/types\/product"}],"replies":[{"embeddable":true,"href":"https:\/\/moto-oprema.com\/hr\/wp-json\/wp\/v2\/comments?post=141367"}],"wp:featuredmedia":[{"embeddable":true,"href":"https:\/\/moto-oprema.com\/hr\/wp-json\/wp\/v2\/media\/20856"}],"wp:attachment":[{"href":"https:\/\/moto-oprema.com\/hr\/wp-json\/wp\/v2\/media?parent=141367"}],"wp:term":[{"taxonomy":"brand","embeddable":true,"href":"https:\/\/moto-oprema.com\/hr\/wp-json\/wp\/v2\/brand?post=141367"},{"taxonomy":"gender","embeddable":true,"href":"https:\/\/moto-oprema.com\/hr\/wp-json\/wp\/v2\/gender?post=141367"},{"taxonomy":"product_brand","embeddable":true,"href":"https:\/\/moto-oprema.com\/hr\/wp-json\/wp\/v2\/product_brand?post=141367"},{"taxonomy":"product_cat","embeddable":true,"href":"https:\/\/moto-oprema.com\/hr\/wp-json\/wp\/v2\/product_cat?post=141367"},{"taxonomy":"product_tag","embeddable":true,"href":"https:\/\/moto-oprema.com\/hr\/wp-json\/wp\/v2\/product_tag?post=141367"}],"curies":[{"name":"wp","href":"https:\/\/api.w.org\/{rel}","templated":true}]}}