{"id":141355,"date":"2023-04-28T09:06:56","date_gmt":"2023-04-28T09:06:56","guid":{"rendered":"https:\/\/moto-oprema.com\/Artikel\/axxis-jet-kaciga-raven-sv-crna-siva-fl-zuta\/"},"modified":"2023-04-28T09:06:56","modified_gmt":"2023-04-28T09:06:56","slug":"axxis-jet-kaciga-raven-sv-crna-siva-fl-zuta","status":"publish","type":"product","link":"https:\/\/moto-oprema.com\/hr\/Artikel\/axxis-jet-kaciga-raven-sv-crna-siva-fl-zuta\/","title":{"rendered":"AXXIS JET KACIGA RAVEN SV CRNA SIVA FL.\u017dUTA"},"content":{"rendered":"<p>AXXIS Raven Jet ima velike prednje i stra\u017enje ventilacijske sustave i unutarnji \u0161titnik za sunce. Njegov oblik mjehuri\u0107a pru\u017ea izvrsnu za\u0161titu cijele glave. Posebni grafi\u010dki dizajni pru\u017eaju kacigi atraktivnog izgleda izra\u0111enoj od vrhunskih materijala.  <\/p>\n<p>&#8211; 2 veli\u010dine \u0161koljke<\/p>\n<p>&#8211; ABS \u0161koljka<\/p>\n<p>&#8211; ECE \/ DOT<\/p>\n<p>&#8211; Mala \u0161koljka 1200 \u00b1 50 gr<\/p>\n<p>&#8211; Velika ljuska 1300 \u00b1 50 gr<\/p>\n<p>&#8211; Suncobran<\/p>\n<p>&#8211; Opti\u010dki polikarbonatni vizir otporan na ogrebotine<\/p>\n<p>&#8211; vizir MT-V-23<\/p>\n<p>&#8211; Mikrometrijska kop\u010da za brzo otpu\u0161tanje<\/p>\n<p>&#8211; Unutarnji polistiren vi\u0161e gusto\u0107e<\/p>\n<p>&#8211; Antialergijska tkanina<\/p>\n<p>&#8211; Uklonjiva i periva podstava<\/p>\n<p>&#8211; Unutarnja ventilacija<\/p>\n","protected":false},"excerpt":{"rendered":"<p>AXXIS Raven Jet ima velike prednje i stra\u017enje ventilacijske sustave i unutarnji \u0161titnik za sunce. Njegov&#8230;<\/p>\n","protected":false},"featured_media":141288,"comment_status":"open","ping_status":"open","template":"","meta":{"_acf_changed":false},"brand":[3287],"gender":[],"product_brand":[],"product_cat":[1358,2919,1356],"product_tag":[],"class_list":{"0":"post-141355","1":"product","2":"type-product","3":"status-publish","4":"has-post-thumbnail","6":"brand-axxis-hr","7":"product_cat-kacige","8":"product_cat-mlaznjak","9":"product_cat-motociklisticka-oprema","10":"pa_size-l-hr","11":"pa_size-m-hr","12":"pa_size-s-hr","13":"pa_size-xl-hr","14":"pa_size-xs-hr","15":"pa_size-xxl-hr","17":"first","18":"onbackorder","19":"sale","20":"taxable","21":"shipping-taxable","22":"purchasable","23":"product-type-variable"},"acf":[],"_links":{"self":[{"href":"https:\/\/moto-oprema.com\/hr\/wp-json\/wp\/v2\/product\/141355","targetHints":{"allow":["GET"]}}],"collection":[{"href":"https:\/\/moto-oprema.com\/hr\/wp-json\/wp\/v2\/product"}],"about":[{"href":"https:\/\/moto-oprema.com\/hr\/wp-json\/wp\/v2\/types\/product"}],"replies":[{"embeddable":true,"href":"https:\/\/moto-oprema.com\/hr\/wp-json\/wp\/v2\/comments?post=141355"}],"wp:featuredmedia":[{"embeddable":true,"href":"https:\/\/moto-oprema.com\/hr\/wp-json\/wp\/v2\/media\/141288"}],"wp:attachment":[{"href":"https:\/\/moto-oprema.com\/hr\/wp-json\/wp\/v2\/media?parent=141355"}],"wp:term":[{"taxonomy":"brand","embeddable":true,"href":"https:\/\/moto-oprema.com\/hr\/wp-json\/wp\/v2\/brand?post=141355"},{"taxonomy":"gender","embeddable":true,"href":"https:\/\/moto-oprema.com\/hr\/wp-json\/wp\/v2\/gender?post=141355"},{"taxonomy":"product_brand","embeddable":true,"href":"https:\/\/moto-oprema.com\/hr\/wp-json\/wp\/v2\/product_brand?post=141355"},{"taxonomy":"product_cat","embeddable":true,"href":"https:\/\/moto-oprema.com\/hr\/wp-json\/wp\/v2\/product_cat?post=141355"},{"taxonomy":"product_tag","embeddable":true,"href":"https:\/\/moto-oprema.com\/hr\/wp-json\/wp\/v2\/product_tag?post=141355"}],"curies":[{"name":"wp","href":"https:\/\/api.w.org\/{rel}","templated":true}]}}