{"id":141339,"date":"2023-05-09T07:37:16","date_gmt":"2023-05-09T07:37:16","guid":{"rendered":"https:\/\/moto-oprema.com\/Artikel\/dainese-dry-ls-zenska-funkcionalna-majica-kratkih-rukava-crna-plava\/"},"modified":"2023-05-09T07:37:16","modified_gmt":"2023-05-09T07:37:16","slug":"dainese-dry-ls-zenska-funkcionalna-majica-kratkih-rukava-crna-plava","status":"publish","type":"product","link":"https:\/\/moto-oprema.com\/hr\/Artikel\/dainese-dry-ls-zenska-funkcionalna-majica-kratkih-rukava-crna-plava\/","title":{"rendered":"DAINESE DRY LS \u017dENSKA FUNKCIONALNA MAJICA KRATKIH RUKAVA CRNA PLAVA"},"content":{"rendered":"<p>Dry LS je \u017eenska funkcionalna majica dugih rukava. Prikladna je za sva godi\u0161nja doba, \u010dak i po vrlo vru\u0107em vremenu, zahvaljuju\u0107i izradi od vodoodbojne Dryarn tkanine, tehnologije koja regulira znoj i vlagu, odr\u017eavaju\u0107i tijelo uvijek suhim. <\/p>\n<p>Dry LS je optimalna majica dugih rukava za ljeto, jer nudi izvrsnu prozra\u010dnost i odvodi znoj i vlagu s tijela. Be\u0161avna konstrukcija omogu\u0107uje visoku udobnost i slobodu kretanja. Oja\u010danja na najoptere\u0107enijim to\u010dkama osiguravaju maksimalnu udobnost i izdr\u017eljivost odjevnog predmeta.  <\/p>\n<p>Zna\u010dajke:<\/p>\n<p>Otporno na habanje, otporno na kidanje i protiv lju\u0161tenja<br \/>\n Bakteriostatski, hipoalergeni i bez mirisa<br \/>\n Armor Pad za ve\u0107u udobnost na kontaktnim povr\u0161inama<br \/>\n Be\u0161avna konstrukcija za maksimalnu udobnost<br \/>\n Ekolo\u0161ki prihvatljiva vlakna koja se mogu 100% reciklirati<br \/>\n Aktivno upravljanje vlagom<br \/>\n Re\u0161etka za zrak za pove\u0107anje znojenja<br \/>\n \u0160titi od vlage<br \/>\n Maksimalni razmak<\/p>\n<p><span style=\"font-family: arial, helvetica, sans-serif;font-size: small\">Sastav sirovina: 90% polipropilen, 10% poliamid, 5% elastan.<\/span><\/p>\n<p>&nbsp;<\/p>\n","protected":false},"excerpt":{"rendered":"<p>Dry LS je \u017eenska funkcionalna majica dugih rukava. Prikladna je za sva godi\u0161nja doba, \u010dak i&#8230;<\/p>\n","protected":false},"featured_media":21498,"comment_status":"open","ping_status":"open","template":"","meta":{"_acf_changed":false},"brand":[2800],"gender":[1314],"product_brand":[],"product_cat":[2854,1356,2880],"product_tag":[],"class_list":{"0":"post-141339","1":"product","2":"type-product","3":"status-publish","4":"has-post-thumbnail","6":"brand-dainese-hr","7":"gender-zenska","8":"product_cat-funkcionalna-odjeca-i-donje-rublje","9":"product_cat-motociklisticka-oprema","10":"product_cat-podkape-za-donje-rublje","11":"pa_size-l-xl-hr","12":"pa_size-m-hr","13":"pa_size-xs-s-hr","15":"first","16":"instock","17":"sale","18":"taxable","19":"shipping-taxable","20":"purchasable","21":"product-type-variable"},"acf":[],"_links":{"self":[{"href":"https:\/\/moto-oprema.com\/hr\/wp-json\/wp\/v2\/product\/141339","targetHints":{"allow":["GET"]}}],"collection":[{"href":"https:\/\/moto-oprema.com\/hr\/wp-json\/wp\/v2\/product"}],"about":[{"href":"https:\/\/moto-oprema.com\/hr\/wp-json\/wp\/v2\/types\/product"}],"replies":[{"embeddable":true,"href":"https:\/\/moto-oprema.com\/hr\/wp-json\/wp\/v2\/comments?post=141339"}],"wp:featuredmedia":[{"embeddable":true,"href":"https:\/\/moto-oprema.com\/hr\/wp-json\/wp\/v2\/media\/21498"}],"wp:attachment":[{"href":"https:\/\/moto-oprema.com\/hr\/wp-json\/wp\/v2\/media?parent=141339"}],"wp:term":[{"taxonomy":"brand","embeddable":true,"href":"https:\/\/moto-oprema.com\/hr\/wp-json\/wp\/v2\/brand?post=141339"},{"taxonomy":"gender","embeddable":true,"href":"https:\/\/moto-oprema.com\/hr\/wp-json\/wp\/v2\/gender?post=141339"},{"taxonomy":"product_brand","embeddable":true,"href":"https:\/\/moto-oprema.com\/hr\/wp-json\/wp\/v2\/product_brand?post=141339"},{"taxonomy":"product_cat","embeddable":true,"href":"https:\/\/moto-oprema.com\/hr\/wp-json\/wp\/v2\/product_cat?post=141339"},{"taxonomy":"product_tag","embeddable":true,"href":"https:\/\/moto-oprema.com\/hr\/wp-json\/wp\/v2\/product_tag?post=141339"}],"curies":[{"name":"wp","href":"https:\/\/api.w.org\/{rel}","templated":true}]}}