{"id":141204,"date":"2023-01-04T11:01:42","date_gmt":"2023-01-04T11:01:42","guid":{"rendered":"https:\/\/moto-oprema.com\/Artikel\/leatt-velocity-5-5-naocale-krska\/"},"modified":"2023-01-04T11:01:42","modified_gmt":"2023-01-04T11:01:42","slug":"leatt-velocity-5-5-naocale-krska","status":"publish","type":"product","link":"https:\/\/moto-oprema.com\/hr\/Artikel\/leatt-velocity-5-5-naocale-krska\/","title":{"rendered":"LEATT VELOCITY 5.5 NAO\u010cALE KR\u0160KA"},"content":{"rendered":"<p>Velocity 5.5 je doslovno otporan na metke. Testiran prema vojnim standardima za balisti\u010dki udar, osigurava da vam je vid uvijek jasan i za\u0161ti\u0107en, bez obzira na to \u0161to tlo ili osoba ispred vas baca na vas.<br \/> Le\u0107a WideVision protiv zamagljivanja (170\u00b0) osigurava optimalnu vidljivost prema naprijed i u svim smjerovima. Osim toga, nao\u010dale su prikladne \u010dak i za najblatnjavije dane brdskog biciklizma zahvaljuju\u0107i sustavu za otkidanje. Nosioci nao\u010dala u\u017eivat \u0107e u no\u0161enju preko nao\u010dala, dok \u0161iroki produ\u017eeci i remen protiv klizanja od 45 mm odli\u010dno funkcioniraju sa gotovo svakom kacigom.   <br \/>Ako se ipak oznojite, troslojna pjena dvostruke gusto\u0107e i flis koji odvodi znoj pru\u017eaju maksimalnu udobnost i sprje\u010davaju ulazak znoja u o\u010di. Velocity 5.5 je neophodan za sve enduro, downhill i mountain bicikliste.<br \/> CE testirano i certificirano prema EN 1938:2010 <\/p>\n","protected":false},"excerpt":{"rendered":"<p>Biserna ru\u017ea UC 32%<\/p>\n","protected":false},"featured_media":20339,"comment_status":"open","ping_status":"open","template":"","meta":{"_acf_changed":false},"brand":[2744],"gender":[2172],"product_brand":[],"product_cat":[2861,2733],"product_tag":[],"class_list":{"0":"post-141204","1":"product","2":"type-product","3":"status-publish","4":"has-post-thumbnail","6":"brand-leatt-hr","7":"gender-unisex-hr","8":"product_cat-mx-naocale","9":"product_cat-oprema-za-motokros","11":"first","12":"onbackorder","13":"sale","14":"taxable","15":"shipping-taxable","16":"purchasable","17":"product-type-simple"},"acf":[],"_links":{"self":[{"href":"https:\/\/moto-oprema.com\/hr\/wp-json\/wp\/v2\/product\/141204","targetHints":{"allow":["GET"]}}],"collection":[{"href":"https:\/\/moto-oprema.com\/hr\/wp-json\/wp\/v2\/product"}],"about":[{"href":"https:\/\/moto-oprema.com\/hr\/wp-json\/wp\/v2\/types\/product"}],"replies":[{"embeddable":true,"href":"https:\/\/moto-oprema.com\/hr\/wp-json\/wp\/v2\/comments?post=141204"}],"wp:featuredmedia":[{"embeddable":true,"href":"https:\/\/moto-oprema.com\/hr\/wp-json\/wp\/v2\/media\/20339"}],"wp:attachment":[{"href":"https:\/\/moto-oprema.com\/hr\/wp-json\/wp\/v2\/media?parent=141204"}],"wp:term":[{"taxonomy":"brand","embeddable":true,"href":"https:\/\/moto-oprema.com\/hr\/wp-json\/wp\/v2\/brand?post=141204"},{"taxonomy":"gender","embeddable":true,"href":"https:\/\/moto-oprema.com\/hr\/wp-json\/wp\/v2\/gender?post=141204"},{"taxonomy":"product_brand","embeddable":true,"href":"https:\/\/moto-oprema.com\/hr\/wp-json\/wp\/v2\/product_brand?post=141204"},{"taxonomy":"product_cat","embeddable":true,"href":"https:\/\/moto-oprema.com\/hr\/wp-json\/wp\/v2\/product_cat?post=141204"},{"taxonomy":"product_tag","embeddable":true,"href":"https:\/\/moto-oprema.com\/hr\/wp-json\/wp\/v2\/product_tag?post=141204"}],"curies":[{"name":"wp","href":"https:\/\/api.w.org\/{rel}","templated":true}]}}