{"id":140765,"date":"2023-01-31T11:38:30","date_gmt":"2023-01-31T11:38:30","guid":{"rendered":"https:\/\/moto-oprema.com\/Artikel\/alpinestars-stella-2-dijelne-gp-plus-crna-siva\/"},"modified":"2023-01-31T11:38:30","modified_gmt":"2023-01-31T11:38:30","slug":"alpinestars-stella-2-dijelne-gp-plus-crna-siva","status":"publish","type":"product","link":"https:\/\/moto-oprema.com\/hr\/Artikel\/alpinestars-stella-2-dijelne-gp-plus-crna-siva\/","title":{"rendered":"ALPINESTARS STELLA 2-DIJELNE GP PLUS CRNA SIVA"},"content":{"rendered":"<p>Alpinestars Stella Missile v2 jednodijelno odijelo nudi optimalnu otpornost na habanje i visoku razinu aktivne za\u0161tite u utrkama; Ovo odijelo je kompatibilno s Tech-Air\u00ae-om i mo\u017ee primiti Tech-Air\u00ae 10 sustav zra\u010dnih jastuka, zajedno s produ\u017eenom za\u0161titom kukova.<\/p>\n<p>Zna\u010dajke:<\/p>\n<p>Dizajnirano za najvi\u0161u razinu aktivne za\u0161tite u utrkama, odijelo je kompatibilno s Tech-Air\u00ae tehnologijom i mo\u017ee primiti sustav zra\u010dnih jastuka Tech-Air\u00ae 10 s pro\u0161irenom za\u0161titom kukova ili paket zra\u010dnih jastuka Tech-Air\u00ae 5, s novim algoritmom za utrke dostupnim za preuzimanje. <br \/>DFS \u0161titnici za ramena, laktove i koljena nude optimalnu za\u0161titu od udaraca i ogrebotina te nude iznimnu kontrolu trenja.<br \/>HRSF poliamidni rastezljivi umetci za optimalnu otpornost na habanje uz istovremeno ve\u0107u slobodu kretanja.<br \/>Anatomski dizajniran za optimalno pristajanje \u017eenama.<br \/>Prilago\u0111en za utrke \u2013 visoko artikulirano tijelo, ruke i koljena za pobolj\u0161ane performanse.<br \/>Visokokvalitetna gove\u0111a ko\u017ea s dva sloja u podru\u010dju sjedala za bolju otpornost na habanje.<br \/>DFS \u0161titnici nude optimalnu otpornost na udarce i habanje te pru\u017eaju iznimnu kontrolu trenja.<br \/>Unutarnja za\u0161tita Race spec GP-R je mekana i nudi pro\u0161ireno pokrivanje za dodatnu za\u0161titu na klju\u010dnim podru\u010djima.<br \/>Bio-Flex \u0161titnici za kukove za optimalnu otpornost na udarce.<br \/>Polygiene BiostaticTM tehnologija za odr\u017eavanje svje\u017eine Tretman udobnih linija mre\u017easte tkanine za ve\u0107u jednostavnost kori\u0161tenja.<br \/>Sustav spajanja na kop\u010de omogu\u0107uje ugradnju \u0161titnika za le\u0111a Nucleon Race (dostupan kao dodatna oprema).<br \/>Stra\u017enji odjeljak mo\u017ee primiti Nucleon stra\u017enje umetke (dostupni kao dodatna oprema za naknadnu ugradnju).<br \/>Nucleon ulo\u0161ci za prsa mogu se ugraditi u podru\u010dje prsnog ko\u0161a (dostupni kao dodatak za naknadnu ugradnju).<\/p>\n<p><span class=\"VIiyi\" xml_lang=\"sl\" lang=\"sl\"><span class=\"JLqJ4b\"><span>Sastav sirovine:<\/span><\/span><\/span><\/p>\n<p><span class=\"VIiyi\" xml_lang=\"sl\" lang=\"sl\"><span class=\"JLqJ4b\"><span>Vanjski dio: 42% gove\u0111a ko\u017ea, 38% bivolja ko\u017ea, 20% poliamid  <\/span><\/span><\/span><\/p>\n<p><span class=\"VIiyi\" xml_lang=\"sl\" lang=\"sl\"><span class=\"JLqJ4b\"><span>Unutarnja podstava: 81% poliester, 16% poliamid, 3% elastan<\/span><\/span><\/span><\/p>\n","protected":false},"excerpt":{"rendered":"<p>Alpinestars Stella Missile v2 jednodijelno odijelo nudi optimalnu otpornost na habanje i visoku razinu aktivne za\u0161tite&#8230;<\/p>\n","protected":false},"featured_media":20564,"comment_status":"open","ping_status":"closed","template":"","meta":{"_acf_changed":false},"brand":[2748],"gender":[],"product_brand":[],"product_cat":[1356],"product_tag":[],"class_list":{"0":"post-140765","1":"product","2":"type-product","3":"status-publish","4":"has-post-thumbnail","6":"brand-alpinestars-hr","7":"product_cat-motociklisticka-oprema","8":"pa_size-38-hr","9":"pa_size-40-hr","10":"pa_size-42-hr","11":"pa_size-44-hr","12":"pa_size-46-hr","13":"pa_size-48-hr","14":"pa_size-50-hr","16":"first","17":"outofstock","18":"sale","19":"taxable","20":"shipping-taxable","21":"purchasable","22":"product-type-variable"},"acf":[],"_links":{"self":[{"href":"https:\/\/moto-oprema.com\/hr\/wp-json\/wp\/v2\/product\/140765","targetHints":{"allow":["GET"]}}],"collection":[{"href":"https:\/\/moto-oprema.com\/hr\/wp-json\/wp\/v2\/product"}],"about":[{"href":"https:\/\/moto-oprema.com\/hr\/wp-json\/wp\/v2\/types\/product"}],"replies":[{"embeddable":true,"href":"https:\/\/moto-oprema.com\/hr\/wp-json\/wp\/v2\/comments?post=140765"}],"wp:featuredmedia":[{"embeddable":true,"href":"https:\/\/moto-oprema.com\/hr\/wp-json\/wp\/v2\/media\/20564"}],"wp:attachment":[{"href":"https:\/\/moto-oprema.com\/hr\/wp-json\/wp\/v2\/media?parent=140765"}],"wp:term":[{"taxonomy":"brand","embeddable":true,"href":"https:\/\/moto-oprema.com\/hr\/wp-json\/wp\/v2\/brand?post=140765"},{"taxonomy":"gender","embeddable":true,"href":"https:\/\/moto-oprema.com\/hr\/wp-json\/wp\/v2\/gender?post=140765"},{"taxonomy":"product_brand","embeddable":true,"href":"https:\/\/moto-oprema.com\/hr\/wp-json\/wp\/v2\/product_brand?post=140765"},{"taxonomy":"product_cat","embeddable":true,"href":"https:\/\/moto-oprema.com\/hr\/wp-json\/wp\/v2\/product_cat?post=140765"},{"taxonomy":"product_tag","embeddable":true,"href":"https:\/\/moto-oprema.com\/hr\/wp-json\/wp\/v2\/product_tag?post=140765"}],"curies":[{"name":"wp","href":"https:\/\/api.w.org\/{rel}","templated":true}]}}