{"id":140686,"date":"2023-05-10T07:57:29","date_gmt":"2023-05-10T07:57:29","guid":{"rendered":"https:\/\/moto-oprema.com\/Artikel\/akrapovic-kisna-jakna\/"},"modified":"2023-05-10T07:57:29","modified_gmt":"2023-05-10T07:57:29","slug":"akrapovic-kisna-jakna","status":"publish","type":"product","link":"https:\/\/moto-oprema.com\/hr\/Artikel\/akrapovic-kisna-jakna\/","title":{"rendered":"AKRAPOVI\u010c KI\u0160NA JAKNA"},"content":{"rendered":"<p>AKRAPOVIC CORPOO KOLEKCIJA<br \/>\n Akrapovi\u010d je svoje iskustvo u dizajniranju vrhunskih ispu\u0161nih sustava donio u svijet odje\u0107e lansiranjem svoje potpuno nove kolekcije Akrapovi\u010d Corpo.<\/p>\n<p>Dizajniran u tradicionalnim Akrapovi\u010devim crno-crvenim bojama, sa suptilnom grafikom na prsima \u2013 uobi\u010dajenim elementom ugra\u0111enim u cijelu kolekciju \u2013 pru\u017eaju\u0107i minimalan brending, kakav se koristi na mnogim ispu\u0161nim sustavima i dodacima od karbonskih vlakana tvrtke, kako bi se stvorio vrhunski osje\u0107aj za ovu novu liniju korporativne odje\u0107e.<\/p>\n<p>Ova troslojna, vodoodbojna jakna od 100% poliestera odr\u017eat \u0107e vas toplima i suhima bilo da ste na stazi ili u slobodno vrijeme. Potpuno podesive man\u017eete i struk za maksimalnu udobnost. Zavr\u0161na obrada s logotipom u obliku sjene i crvenim detaljima, s decentnim logotipima na prednjoj i stra\u017enjoj strani.<\/p>\n","protected":false},"excerpt":{"rendered":"<p>AKRAPOVIC CORPOO KOLEKCIJA Akrapovi\u010d je svoje iskustvo u dizajniranju vrhunskih ispu\u0161nih sustava donio u svijet odje\u0107e&#8230;<\/p>\n","protected":false},"featured_media":21533,"comment_status":"open","ping_status":"open","template":"","meta":{"_acf_changed":false},"brand":[3017],"gender":[],"product_brand":[],"product_cat":[3184,2829],"product_tag":[],"class_list":{"0":"post-140686","1":"product","2":"type-product","3":"status-publish","4":"has-post-thumbnail","6":"brand-akrapovic-hr","7":"product_cat-jakne-hr-2","8":"product_cat-lezerna-odjeca","9":"pa_size-l-hr","10":"pa_size-m-hr","11":"pa_size-s-hr","12":"pa_size-xl-hr","13":"pa_size-xxl-hr","15":"first","16":"instock","17":"taxable","18":"shipping-taxable","19":"purchasable","20":"product-type-variable"},"acf":[],"_links":{"self":[{"href":"https:\/\/moto-oprema.com\/hr\/wp-json\/wp\/v2\/product\/140686","targetHints":{"allow":["GET"]}}],"collection":[{"href":"https:\/\/moto-oprema.com\/hr\/wp-json\/wp\/v2\/product"}],"about":[{"href":"https:\/\/moto-oprema.com\/hr\/wp-json\/wp\/v2\/types\/product"}],"replies":[{"embeddable":true,"href":"https:\/\/moto-oprema.com\/hr\/wp-json\/wp\/v2\/comments?post=140686"}],"wp:featuredmedia":[{"embeddable":true,"href":"https:\/\/moto-oprema.com\/hr\/wp-json\/wp\/v2\/media\/21533"}],"wp:attachment":[{"href":"https:\/\/moto-oprema.com\/hr\/wp-json\/wp\/v2\/media?parent=140686"}],"wp:term":[{"taxonomy":"brand","embeddable":true,"href":"https:\/\/moto-oprema.com\/hr\/wp-json\/wp\/v2\/brand?post=140686"},{"taxonomy":"gender","embeddable":true,"href":"https:\/\/moto-oprema.com\/hr\/wp-json\/wp\/v2\/gender?post=140686"},{"taxonomy":"product_brand","embeddable":true,"href":"https:\/\/moto-oprema.com\/hr\/wp-json\/wp\/v2\/product_brand?post=140686"},{"taxonomy":"product_cat","embeddable":true,"href":"https:\/\/moto-oprema.com\/hr\/wp-json\/wp\/v2\/product_cat?post=140686"},{"taxonomy":"product_tag","embeddable":true,"href":"https:\/\/moto-oprema.com\/hr\/wp-json\/wp\/v2\/product_tag?post=140686"}],"curies":[{"name":"wp","href":"https:\/\/api.w.org\/{rel}","templated":true}]}}