{"id":140502,"date":"2023-10-18T10:25:02","date_gmt":"2023-10-18T10:25:02","guid":{"rendered":"https:\/\/moto-oprema.com\/Artikel\/fox-rukavice-bomber-ce-crne\/"},"modified":"2023-10-18T10:25:02","modified_gmt":"2023-10-18T10:25:02","slug":"fox-rukavice-bomber-ce-crne","status":"publish","type":"product","link":"https:\/\/moto-oprema.com\/hr\/Artikel\/fox-rukavice-bomber-ce-crne\/","title":{"rendered":"FOX RUKAVICE BOMBER CE CRNE"},"content":{"rendered":"<p>FOX Bomber CE izuzetno su robusne rukavice koje vam nude potpunu za\u0161titu od prstiju do zape\u0161\u0107a. Neophodne su na te\u0161kom terenu i u svakoj off-road avanturi. \u0160titnici za zglobove i prste od lijevane plastike nude za\u0161titu od kamenja i grana, dok \u0161iroka man\u017eeta s \u010di\u010dkom \u0161titi zape\u0161\u0107e \u010dak i od najja\u010dih udaraca. Perforirana pole\u0111ina od kozje ko\u017ee pove\u0107ava udobnost, osiguravaju\u0107i optimalnu cirkulaciju zraka, a silikonski otisak prsta na prstima omogu\u0107uje bolju kontrolu ru\u010dice mjenja\u010da i spojke. Podstavljeni dlan izra\u0111en od dvoslojnog vodljivog Clarina pru\u017ea dodatnu udobnost uz kompatibilnost s zaslonom osjetljivim na dodir. CE certifikat razine 1.     <\/p>\n<p>&nbsp;<\/p>\n","protected":false},"excerpt":{"rendered":"<p>FOX Bomber CE izuzetno su robusne rukavice koje vam nude potpunu za\u0161titu od prstiju do zape\u0161\u0107a&#8230;.<\/p>\n","protected":false},"featured_media":140515,"comment_status":"open","ping_status":"closed","template":"","meta":{"_acf_changed":false},"brand":[2738],"gender":[],"product_brand":[],"product_cat":[2754,2733],"product_tag":[],"class_list":{"0":"post-140502","1":"product","2":"type-product","3":"status-publish","4":"has-post-thumbnail","6":"brand-fox-hr","7":"product_cat-mx-rukavice","8":"product_cat-oprema-za-motokros","9":"pa_size-l-hr","10":"pa_size-m-hr","11":"pa_size-s-hr","12":"pa_size-xl-hr","13":"pa_size-xxl-hr","14":"pa_size-xxxl-hr","15":"pa_size-xxxxl-hr","17":"first","18":"instock","19":"sale","20":"taxable","21":"shipping-taxable","22":"purchasable","23":"product-type-variable"},"acf":[],"_links":{"self":[{"href":"https:\/\/moto-oprema.com\/hr\/wp-json\/wp\/v2\/product\/140502","targetHints":{"allow":["GET"]}}],"collection":[{"href":"https:\/\/moto-oprema.com\/hr\/wp-json\/wp\/v2\/product"}],"about":[{"href":"https:\/\/moto-oprema.com\/hr\/wp-json\/wp\/v2\/types\/product"}],"replies":[{"embeddable":true,"href":"https:\/\/moto-oprema.com\/hr\/wp-json\/wp\/v2\/comments?post=140502"}],"wp:featuredmedia":[{"embeddable":true,"href":"https:\/\/moto-oprema.com\/hr\/wp-json\/wp\/v2\/media\/140515"}],"wp:attachment":[{"href":"https:\/\/moto-oprema.com\/hr\/wp-json\/wp\/v2\/media?parent=140502"}],"wp:term":[{"taxonomy":"brand","embeddable":true,"href":"https:\/\/moto-oprema.com\/hr\/wp-json\/wp\/v2\/brand?post=140502"},{"taxonomy":"gender","embeddable":true,"href":"https:\/\/moto-oprema.com\/hr\/wp-json\/wp\/v2\/gender?post=140502"},{"taxonomy":"product_brand","embeddable":true,"href":"https:\/\/moto-oprema.com\/hr\/wp-json\/wp\/v2\/product_brand?post=140502"},{"taxonomy":"product_cat","embeddable":true,"href":"https:\/\/moto-oprema.com\/hr\/wp-json\/wp\/v2\/product_cat?post=140502"},{"taxonomy":"product_tag","embeddable":true,"href":"https:\/\/moto-oprema.com\/hr\/wp-json\/wp\/v2\/product_tag?post=140502"}],"curies":[{"name":"wp","href":"https:\/\/api.w.org\/{rel}","templated":true}]}}