{"id":140326,"date":"2023-10-11T10:33:35","date_gmt":"2023-10-11T10:33:35","guid":{"rendered":"https:\/\/moto-oprema.com\/Artikel\/100-mx-mtb-naocale-strata-2-crne-zlatne\/"},"modified":"2023-10-11T10:33:35","modified_gmt":"2023-10-11T10:33:35","slug":"100-mx-mtb-naocale-strata-2-crne-zlatne","status":"publish","type":"product","link":"https:\/\/moto-oprema.com\/hr\/Artikel\/100-mx-mtb-naocale-strata-2-crne-zlatne\/","title":{"rendered":"100% MX-MTB NAO\u010cALE STRATA 2 CRNE-ZLATNE"},"content":{"rendered":"<p>MX &#8211; MTB nao\u010dale 100% Strata 2<\/p>\n<ul class=\"product-features\">\n<li class=\"\">Pobolj\u0161ano pristajanje i brtvljenje s pove\u0107anim vidnim poljem<\/li>\n<li class=\"\">Podr\u017eava trostruko otkidanje stupi\u0107a za sigurno pri\u010dvr\u0161\u0107ivanje<\/li>\n<li class=\"\">Ultra debela dvoslojna pjena za lice kontrolira znoj<\/li>\n<li class=\"\">Silikonski oblo\u017eeni remen \u0161irine 40 mm dr\u017ei nao\u010dale na mjestu<\/li>\n<li class=\"\">9-to\u010dkovni sustav zadr\u017eavanja le\u0107e osigurava le\u0107u u okviru<\/li>\n<li class=\"\">Polikarbonatna le\u0107a s premazom protiv zamagljivanja za jasan vid<\/li>\n<li class=\"\">Racecraft 2, Accuri 2 i Strata 2 koriste iste le\u0107e i trake za otkidanje.<\/li>\n<\/ul>\n","protected":false},"excerpt":{"rendered":"<p>MX &#8211; MTB nao\u010dale 100% Strata 2 Boja: Crno &#8211; Zrcalno zlatna<\/p>\n","protected":false},"featured_media":23153,"comment_status":"open","ping_status":"open","template":"","meta":{"_acf_changed":false},"brand":[3284],"gender":[2172],"product_brand":[],"product_cat":[2861,2733],"product_tag":[],"class_list":{"0":"post-140326","1":"product","2":"type-product","3":"status-publish","4":"has-post-thumbnail","6":"brand-100-hr-2","7":"gender-unisex-hr","8":"product_cat-mx-naocale","9":"product_cat-oprema-za-motokros","11":"first","12":"instock","13":"sale","14":"taxable","15":"shipping-taxable","16":"purchasable","17":"product-type-simple"},"acf":[],"_links":{"self":[{"href":"https:\/\/moto-oprema.com\/hr\/wp-json\/wp\/v2\/product\/140326","targetHints":{"allow":["GET"]}}],"collection":[{"href":"https:\/\/moto-oprema.com\/hr\/wp-json\/wp\/v2\/product"}],"about":[{"href":"https:\/\/moto-oprema.com\/hr\/wp-json\/wp\/v2\/types\/product"}],"replies":[{"embeddable":true,"href":"https:\/\/moto-oprema.com\/hr\/wp-json\/wp\/v2\/comments?post=140326"}],"wp:featuredmedia":[{"embeddable":true,"href":"https:\/\/moto-oprema.com\/hr\/wp-json\/wp\/v2\/media\/23153"}],"wp:attachment":[{"href":"https:\/\/moto-oprema.com\/hr\/wp-json\/wp\/v2\/media?parent=140326"}],"wp:term":[{"taxonomy":"brand","embeddable":true,"href":"https:\/\/moto-oprema.com\/hr\/wp-json\/wp\/v2\/brand?post=140326"},{"taxonomy":"gender","embeddable":true,"href":"https:\/\/moto-oprema.com\/hr\/wp-json\/wp\/v2\/gender?post=140326"},{"taxonomy":"product_brand","embeddable":true,"href":"https:\/\/moto-oprema.com\/hr\/wp-json\/wp\/v2\/product_brand?post=140326"},{"taxonomy":"product_cat","embeddable":true,"href":"https:\/\/moto-oprema.com\/hr\/wp-json\/wp\/v2\/product_cat?post=140326"},{"taxonomy":"product_tag","embeddable":true,"href":"https:\/\/moto-oprema.com\/hr\/wp-json\/wp\/v2\/product_tag?post=140326"}],"curies":[{"name":"wp","href":"https:\/\/api.w.org\/{rel}","templated":true}]}}