{"id":140109,"date":"2023-10-03T10:07:00","date_gmt":"2023-10-03T10:07:00","guid":{"rendered":"https:\/\/moto-oprema.com\/Artikel\/hjc-rpha12-kaciga-cvrsta-poluravna-metalik-plava\/"},"modified":"2023-10-03T10:07:00","modified_gmt":"2023-10-03T10:07:00","slug":"hjc-rpha12-kaciga-cvrsta-poluravna-metalik-plava","status":"publish","type":"product","link":"https:\/\/moto-oprema.com\/hr\/Artikel\/hjc-rpha12-kaciga-cvrsta-poluravna-metalik-plava\/","title":{"rendered":"HJC RPHA12 KACIGA \u010cVRSTA POLURAVNA METALIK PLAVA"},"content":{"rendered":"<p>HJC RPHA12 &#8211; novi model popularne sportske kacige<\/p>\n<p>Premium Integrated Matrix \/ PIM EVO: Materijali za oja\u010danje, uklju\u010duju\u0107i hibrid ugljik-aramid i prirodna vlakna, pru\u017eaju bolje performanse u smislu otpornosti na udarce, ve\u0107e udobnosti i lako\u0107e kacige.<br \/>\nVIZIR HJ-42 s Pinlock Ready za\u0161titom: Pru\u017ea 99% UV za\u0161titu, premaz otporan na ogrebotine; \u010cegrtaljka s dvosmjernim klinom osigurava glatko kretanje \u010degrtaljke i bolji hvat.<br \/>\nAerodinami\u010dna struktura \u0161koljke za iznimne performanse pri najve\u0107im brzinama.<br \/>\nKomplet za hitne slu\u010dajeve (jastu\u010di\u0107i za obraze) za sigurno i brzo uklanjanje u hitnim situacijama.<br \/>\nVe\u0107i otvor za o\u010di omogu\u0107uje voza\u010du bolji periferni vid.<br \/>\nNapredna antibakterijska unutra\u0161njost osigurava pove\u0107anu prozra\u010dnost i brzo su\u0161enje.<br \/>\nUnutarnja \u0161koljka i jastu\u010di\u0107i za obraze su uklonjivi i perivi.<br \/>\nStandardno je opremljen 2D prozirnim i tamnim vizirom, bravom, \u0161titnikom za bradu i deflektorom zraka.<br \/>\n4 veli\u010dine \u0161koljke: XS, S, ML, XL-2XL.<\/p>\n","protected":false},"excerpt":{"rendered":"<p>HJC RPHA 12 kaciga za cijelo lice Boja: Mat plava<\/p>\n","protected":false},"featured_media":22861,"comment_status":"open","ping_status":"open","template":"","meta":{"_acf_changed":false},"brand":[2130],"gender":[],"product_brand":[],"product_cat":[1358,1356,1359],"product_tag":[],"class_list":{"0":"post-140109","1":"product","2":"type-product","3":"status-publish","4":"has-post-thumbnail","6":"brand-hjc-hr","7":"product_cat-kacige","8":"product_cat-motociklisticka-oprema","9":"product_cat-sastavni","10":"pa_size-l-hr","11":"pa_size-m-hr","12":"pa_size-s-hr","13":"pa_size-xl-hr","14":"pa_size-xs-hr","15":"pa_size-xxl-hr","16":"pa_size-xxs-hr","18":"first","19":"instock","20":"taxable","21":"shipping-taxable","22":"purchasable","23":"product-type-variable"},"acf":[],"_links":{"self":[{"href":"https:\/\/moto-oprema.com\/hr\/wp-json\/wp\/v2\/product\/140109","targetHints":{"allow":["GET"]}}],"collection":[{"href":"https:\/\/moto-oprema.com\/hr\/wp-json\/wp\/v2\/product"}],"about":[{"href":"https:\/\/moto-oprema.com\/hr\/wp-json\/wp\/v2\/types\/product"}],"replies":[{"embeddable":true,"href":"https:\/\/moto-oprema.com\/hr\/wp-json\/wp\/v2\/comments?post=140109"}],"wp:featuredmedia":[{"embeddable":true,"href":"https:\/\/moto-oprema.com\/hr\/wp-json\/wp\/v2\/media\/22861"}],"wp:attachment":[{"href":"https:\/\/moto-oprema.com\/hr\/wp-json\/wp\/v2\/media?parent=140109"}],"wp:term":[{"taxonomy":"brand","embeddable":true,"href":"https:\/\/moto-oprema.com\/hr\/wp-json\/wp\/v2\/brand?post=140109"},{"taxonomy":"gender","embeddable":true,"href":"https:\/\/moto-oprema.com\/hr\/wp-json\/wp\/v2\/gender?post=140109"},{"taxonomy":"product_brand","embeddable":true,"href":"https:\/\/moto-oprema.com\/hr\/wp-json\/wp\/v2\/product_brand?post=140109"},{"taxonomy":"product_cat","embeddable":true,"href":"https:\/\/moto-oprema.com\/hr\/wp-json\/wp\/v2\/product_cat?post=140109"},{"taxonomy":"product_tag","embeddable":true,"href":"https:\/\/moto-oprema.com\/hr\/wp-json\/wp\/v2\/product_tag?post=140109"}],"curies":[{"name":"wp","href":"https:\/\/api.w.org\/{rel}","templated":true}]}}