{"id":139912,"date":"2023-10-18T10:53:16","date_gmt":"2023-10-18T10:53:16","guid":{"rendered":"https:\/\/moto-oprema.com\/Artikel\/fox-dirtpaw-rukavice-crno-bijele\/"},"modified":"2023-10-18T10:53:16","modified_gmt":"2023-10-18T10:53:16","slug":"fox-dirtpaw-rukavice-crno-bijele","status":"publish","type":"product","link":"https:\/\/moto-oprema.com\/hr\/Artikel\/fox-dirtpaw-rukavice-crno-bijele\/","title":{"rendered":"FOX DIRTPAW RUKAVICE CRNO-BIJELE"},"content":{"rendered":"<p>Legendarne FOX Dirtpaw motokros rukavice nude izvrsnu pouzdanost i maksimalne performanse u novom dizajnu. Podstavljeni oslonac za dlan i palac pru\u017eaju dodatnu udobnost i izdr\u017eljivost, dok direktno ubrizgani TPR pove\u0107ava za\u0161titu nadlaktice i zglobova. Zatvaranje na \u010di\u010dak na zape\u0161\u0107u, silikonski otisak na vrhovima prstiju, podstavljeni dlan, provodljivi Clarino\u2122 prsti, kompresijski oblikovana neoprenska man\u017eeta.  <\/p>\n<p>Materijal: 52% najlon, 20% neopren, 10% poliuretan, 9% polivinilklorid, 7% poliester, 2% elastan<\/p>\n","protected":false},"excerpt":{"rendered":"<p>Legendarne FOX Dirtpaw motokros rukavice nude izvrsnu pouzdanost i maksimalne performanse u novom dizajnu. Podstavljeni oslonac&#8230;<\/p>\n","protected":false},"featured_media":23419,"comment_status":"open","ping_status":"open","template":"","meta":{"_acf_changed":false},"brand":[2738],"gender":[],"product_brand":[],"product_cat":[2754,2733],"product_tag":[],"class_list":{"0":"post-139912","1":"product","2":"type-product","3":"status-publish","4":"has-post-thumbnail","6":"brand-fox-hr","7":"product_cat-mx-rukavice","8":"product_cat-oprema-za-motokros","9":"pa_velikost-st-4xl-hr","10":"pa_velikost-st-l-hr","11":"pa_velikost-st-m-hr","12":"pa_velikost-st-s-hr","13":"pa_velikost-st-xl-hr","14":"pa_velikost-st-xxl-hr","15":"pa_velikost-st-xxxl-hr","17":"first","18":"instock","19":"taxable","20":"shipping-taxable","21":"purchasable","22":"product-type-variable"},"acf":[],"_links":{"self":[{"href":"https:\/\/moto-oprema.com\/hr\/wp-json\/wp\/v2\/product\/139912","targetHints":{"allow":["GET"]}}],"collection":[{"href":"https:\/\/moto-oprema.com\/hr\/wp-json\/wp\/v2\/product"}],"about":[{"href":"https:\/\/moto-oprema.com\/hr\/wp-json\/wp\/v2\/types\/product"}],"replies":[{"embeddable":true,"href":"https:\/\/moto-oprema.com\/hr\/wp-json\/wp\/v2\/comments?post=139912"}],"wp:featuredmedia":[{"embeddable":true,"href":"https:\/\/moto-oprema.com\/hr\/wp-json\/wp\/v2\/media\/23419"}],"wp:attachment":[{"href":"https:\/\/moto-oprema.com\/hr\/wp-json\/wp\/v2\/media?parent=139912"}],"wp:term":[{"taxonomy":"brand","embeddable":true,"href":"https:\/\/moto-oprema.com\/hr\/wp-json\/wp\/v2\/brand?post=139912"},{"taxonomy":"gender","embeddable":true,"href":"https:\/\/moto-oprema.com\/hr\/wp-json\/wp\/v2\/gender?post=139912"},{"taxonomy":"product_brand","embeddable":true,"href":"https:\/\/moto-oprema.com\/hr\/wp-json\/wp\/v2\/product_brand?post=139912"},{"taxonomy":"product_cat","embeddable":true,"href":"https:\/\/moto-oprema.com\/hr\/wp-json\/wp\/v2\/product_cat?post=139912"},{"taxonomy":"product_tag","embeddable":true,"href":"https:\/\/moto-oprema.com\/hr\/wp-json\/wp\/v2\/product_tag?post=139912"}],"curies":[{"name":"wp","href":"https:\/\/api.w.org\/{rel}","templated":true}]}}