{"id":139869,"date":"2023-10-19T07:44:03","date_gmt":"2023-10-19T07:44:03","guid":{"rendered":"https:\/\/moto-oprema.com\/Artikel\/fox-dirtpaw-djecje-rukavice-crno-bijele\/"},"modified":"2023-10-19T07:44:03","modified_gmt":"2023-10-19T07:44:03","slug":"fox-dirtpaw-djecje-rukavice-crno-bijele","status":"publish","type":"product","link":"https:\/\/moto-oprema.com\/hr\/Artikel\/fox-dirtpaw-djecje-rukavice-crno-bijele\/","title":{"rendered":"FOX DIRTPAW DJE\u010cJE RUKAVICE CRNO-BIJELE"},"content":{"rendered":"<p>Legendarne FOX Youth Dirtpaw motokros rukavice nude izvrsnu pouzdanost i maksimalne performanse u novom dizajnu. Podstavljeni oslonac za dlan i palac pru\u017eaju dodatnu udobnost i izdr\u017eljivost, dok direktno ubrizgani TPR pove\u0107ava za\u0161titu nadlaktice i zglobova. Zatvaranje na \u010di\u010dak na zape\u0161\u0107u, silikonski otisak na vrhovima prstiju, podstavljeni dlan, provodljivi Clarino\u2122 prsti, kompresijski oblikovana neoprenska man\u017eeta.  <\/p>\n<p>Materijal: 50% poliamid najlon, 12% neopren, 16% poliuretan, 8% guma, 7% poliester, 4% elastan, 3% silikon<\/p>\n","protected":false},"excerpt":{"rendered":"<p>FOX DIRTPAW DJE\u010cJE RUKAVICE (dje\u010dje)<\/p>\n","protected":false},"featured_media":23456,"comment_status":"open","ping_status":"closed","template":"","meta":{"_acf_changed":false},"brand":[2738],"gender":[],"product_brand":[],"product_cat":[3009,2733,2892],"product_tag":[],"class_list":{"0":"post-139869","1":"product","2":"type-product","3":"status-publish","4":"has-post-thumbnail","6":"brand-fox-hr","7":"product_cat-mx-rukavice-hr","8":"product_cat-oprema-za-motokros","9":"product_cat-za-najmlade-hr","10":"pa_velikost-st-l-hr","11":"pa_velikost-st-m-hr","12":"pa_velikost-st-s-hr","13":"pa_velikost-st-xs-hr","15":"first","16":"instock","17":"taxable","18":"shipping-taxable","19":"purchasable","20":"product-type-variable"},"acf":[],"_links":{"self":[{"href":"https:\/\/moto-oprema.com\/hr\/wp-json\/wp\/v2\/product\/139869","targetHints":{"allow":["GET"]}}],"collection":[{"href":"https:\/\/moto-oprema.com\/hr\/wp-json\/wp\/v2\/product"}],"about":[{"href":"https:\/\/moto-oprema.com\/hr\/wp-json\/wp\/v2\/types\/product"}],"replies":[{"embeddable":true,"href":"https:\/\/moto-oprema.com\/hr\/wp-json\/wp\/v2\/comments?post=139869"}],"wp:featuredmedia":[{"embeddable":true,"href":"https:\/\/moto-oprema.com\/hr\/wp-json\/wp\/v2\/media\/23456"}],"wp:attachment":[{"href":"https:\/\/moto-oprema.com\/hr\/wp-json\/wp\/v2\/media?parent=139869"}],"wp:term":[{"taxonomy":"brand","embeddable":true,"href":"https:\/\/moto-oprema.com\/hr\/wp-json\/wp\/v2\/brand?post=139869"},{"taxonomy":"gender","embeddable":true,"href":"https:\/\/moto-oprema.com\/hr\/wp-json\/wp\/v2\/gender?post=139869"},{"taxonomy":"product_brand","embeddable":true,"href":"https:\/\/moto-oprema.com\/hr\/wp-json\/wp\/v2\/product_brand?post=139869"},{"taxonomy":"product_cat","embeddable":true,"href":"https:\/\/moto-oprema.com\/hr\/wp-json\/wp\/v2\/product_cat?post=139869"},{"taxonomy":"product_tag","embeddable":true,"href":"https:\/\/moto-oprema.com\/hr\/wp-json\/wp\/v2\/product_tag?post=139869"}],"curies":[{"name":"wp","href":"https:\/\/api.w.org\/{rel}","templated":true}]}}