{"id":139774,"date":"2023-12-08T10:55:51","date_gmt":"2023-12-08T10:55:51","guid":{"rendered":"https:\/\/moto-oprema.com\/Artikel\/dainese-avro-5-tex-jakna-crno-bijela-fl-crvena\/"},"modified":"2023-12-08T10:55:51","modified_gmt":"2023-12-08T10:55:51","slug":"dainese-avro-5-tex-jakna-crno-bijela-fl-crvena","status":"publish","type":"product","link":"https:\/\/moto-oprema.com\/hr\/Artikel\/dainese-avro-5-tex-jakna-crno-bijela-fl-crvena\/","title":{"rendered":"DAINESE AVRO 5 TEX JAKNA CRNO-BIJELA FL.CRVENA"},"content":{"rendered":"<div class=\"features\">\n<p>Dainese Avro 5 motociklisti\u010dka tekstilna jakna<\/p>\n<p>Jakna Avro 5 Tex je tekstilna evolucija jedne od Daineseovih sportskih ikona. To je motociklisti\u010dka jakna za sve motocikliste koji tra\u017ee sportski i svestran odjevni predmet inspiriran modelima koje nose profesionalni MotoGP\u2122 voza\u010di. <\/p>\n<p>Zna\u010dajke:<\/p>\n<ul>\n<li>Uklonjiva podstava<\/li>\n<li>Zatvara\u010d za ventilaciju<\/li>\n<li>Veloce sustav trka\u0107ih vrata<\/li>\n<li>Spojni patentni zatvara\u010d za pode\u0161avanje na bilo koje Dainese hla\u010de<\/li>\n<li>vodootporni unutarnji d\u017eep<br \/>\n Tehni\u010dki podaci:<\/li>\n<li>Za\u0161titna odje\u0107a za motocikliste (EN 17092-3:2020), klasa A<\/li>\n<li>spremno za Pro-Armor \u0161titnik za prsa (nije uklju\u010den)<\/li>\n<li>spremno za \u0161titnike za le\u0111a G1 i G2 (nije uklju\u010deno)<\/li>\n<li>uklonjivi kompozitni \u0161titnici za laktove razine 1 (uklju\u010deni u opseg isporuke) <\/li>\n<li>uklonjivi kompozitni \u0161titnici za ramena razine 1 (uklju\u010deni u paket)<br \/>\n DODATNE INFORMACIJE O PROIZVODU<br \/>\n Sastav sirovine 100% poliester <\/li>\n<\/ul>\n<\/div>\n","protected":false},"excerpt":{"rendered":"<p>Dainese Avro 5 motociklisti\u010dka tekstilna jakna Jakna Avro 5 Tex je tekstilna evolucija jedne od Daineseovih&#8230;<\/p>\n","protected":false},"featured_media":24576,"comment_status":"open","ping_status":"open","template":"","meta":{"_acf_changed":false},"brand":[2800],"gender":[],"product_brand":[],"product_cat":[2759,1356,2761],"product_tag":[],"class_list":{"0":"post-139774","1":"product","2":"type-product","3":"status-publish","4":"has-post-thumbnail","6":"brand-dainese-hr","7":"product_cat-jakne-hr","8":"product_cat-motociklisticka-oprema","9":"product_cat-tekstilne-jakne-hr","10":"pa_size-48-hr","11":"pa_size-50-hr","12":"pa_size-52-hr","13":"pa_size-54-hr","14":"pa_size-56-hr","15":"pa_size-58-hr","16":"pa_size-60-hr","17":"pa_size-62-hr","19":"first","20":"onbackorder","21":"taxable","22":"shipping-taxable","23":"purchasable","24":"product-type-variable"},"acf":[],"_links":{"self":[{"href":"https:\/\/moto-oprema.com\/hr\/wp-json\/wp\/v2\/product\/139774","targetHints":{"allow":["GET"]}}],"collection":[{"href":"https:\/\/moto-oprema.com\/hr\/wp-json\/wp\/v2\/product"}],"about":[{"href":"https:\/\/moto-oprema.com\/hr\/wp-json\/wp\/v2\/types\/product"}],"replies":[{"embeddable":true,"href":"https:\/\/moto-oprema.com\/hr\/wp-json\/wp\/v2\/comments?post=139774"}],"wp:featuredmedia":[{"embeddable":true,"href":"https:\/\/moto-oprema.com\/hr\/wp-json\/wp\/v2\/media\/24576"}],"wp:attachment":[{"href":"https:\/\/moto-oprema.com\/hr\/wp-json\/wp\/v2\/media?parent=139774"}],"wp:term":[{"taxonomy":"brand","embeddable":true,"href":"https:\/\/moto-oprema.com\/hr\/wp-json\/wp\/v2\/brand?post=139774"},{"taxonomy":"gender","embeddable":true,"href":"https:\/\/moto-oprema.com\/hr\/wp-json\/wp\/v2\/gender?post=139774"},{"taxonomy":"product_brand","embeddable":true,"href":"https:\/\/moto-oprema.com\/hr\/wp-json\/wp\/v2\/product_brand?post=139774"},{"taxonomy":"product_cat","embeddable":true,"href":"https:\/\/moto-oprema.com\/hr\/wp-json\/wp\/v2\/product_cat?post=139774"},{"taxonomy":"product_tag","embeddable":true,"href":"https:\/\/moto-oprema.com\/hr\/wp-json\/wp\/v2\/product_tag?post=139774"}],"curies":[{"name":"wp","href":"https:\/\/api.w.org\/{rel}","templated":true}]}}