{"id":139728,"date":"2023-12-08T10:26:13","date_gmt":"2023-12-08T10:26:13","guid":{"rendered":"https:\/\/moto-oprema.com\/Artikel\/dainese-drake-2-air-absoluteshell-hlace-crne-fluo-crvene\/"},"modified":"2023-12-08T10:26:13","modified_gmt":"2023-12-08T10:26:13","slug":"dainese-drake-2-air-absoluteshell-hlace-crne-fluo-crvene","status":"publish","type":"product","link":"https:\/\/moto-oprema.com\/hr\/Artikel\/dainese-drake-2-air-absoluteshell-hlace-crne-fluo-crvene\/","title":{"rendered":"DAINESE DRAKE 2 AIR ABS\u00d8LUTESHELL HLA\u010cE CRNE FLUO CRVENE"},"content":{"rendered":"<p>Razvijene za sportsku vo\u017enju cestom, hla\u010de Drake 2 Air Absoluteshell idealne su motociklisti\u010dke hla\u010de za svakodnevne izlete ljeti i u prijelaznom razdoblju. Ove hla\u010de savr\u0161en su dodatak jakni Super Rider 2, s kojom se mogu prakti\u010dno spojiti putem sustava pri\u010dvr\u0161\u0107ivanja jakne i hla\u010da, \u0161to ih \u010dini izuzetno svestranim zahvaljuju\u0107i modularnom dizajnu. Prozra\u010dna mre\u017easta membrana osigurava ventilaciju, dok uklonjiva, vodootporna podstava Absoluteshell osigurava vodootpornost. Velika pa\u017enja posve\u0107ena je ergonomiji s velikim umetcima od rastezljive tkanine Mugello i modificiranim krojem me\u0111uno\u017eja koji pove\u0107ava lako\u0107u i pokretljivost u sjedalu. Ovaj model ima uklonjive \u0161titnike za koljena klase A i d\u017eepove na bokovima za mekane \u0161titnike za bokove Pro-Shape 2.0 (prodaju se zasebno).    <\/p>\n<p>Zna\u010dajke:<\/p>\n<p>Uklonjiva vodootporna Absoluteshell membrana<br \/>\n Rastezljivi Mugello materijal osigurava udobnost i ergonomiju<br \/>\n Umetci od mre\u017easte tkanine<br \/>\n Zatvara\u010d na teletu<br \/>\n 2 vanjska d\u017eepa<br \/>\n Mikroelasti\u010dni umetci<br \/>\n Podesivi remen<br \/>\n Spajanje patentnog zatvara\u010da<br \/>\n Tehni\u010dki podaci:<\/p>\n<p>\u0160titnici za koljena (EN 1621.1)<br \/>\n D\u017eepovi za Pro-Shape 2.0 \u0161titnike za kukove (prodaju se zasebno)<br \/>\n Osobna za\u0161titna oprema &#8211; Za\u0161titne hla\u010de za motocikliste (EN 17092, klasa A)<\/p>\n<p>Sastav sirovina: Vanjski materijal: 91% poliamid, 5% elastan, 4% poliuretan \/ Umeci: 100% poliester \/ Unutarnja podstava: 100% poliester \/ Uklonjiva podstava: 100% poliester<\/p>\n","protected":false},"excerpt":{"rendered":"<p>Razvijene za sportsku vo\u017enju cestom, hla\u010de Drake 2 Air Absoluteshell idealne su motociklisti\u010dke hla\u010de za svakodnevne&#8230;<\/p>\n","protected":false},"featured_media":139724,"comment_status":"open","ping_status":"open","template":"","meta":{"_acf_changed":false},"brand":[2800],"gender":[],"product_brand":[],"product_cat":[2832,1356,2857],"product_tag":[],"class_list":{"0":"post-139728","1":"product","2":"type-product","3":"status-publish","4":"has-post-thumbnail","6":"brand-dainese-hr","7":"product_cat-hlace-hr","8":"product_cat-motociklisticka-oprema","9":"product_cat-tekstilne-hlace-hr","10":"pa_velikost-st-48-hr","11":"pa_velikost-st-50-hr","12":"pa_velikost-st-52-hr","13":"pa_velikost-st-54-hr","14":"pa_velikost-st-56-hr","15":"pa_velikost-st-58-hr","16":"pa_velikost-st-60-hr","17":"pa_velikost-st-62-hr","19":"first","20":"instock","21":"sale","22":"taxable","23":"shipping-taxable","24":"purchasable","25":"product-type-variable"},"acf":[],"_links":{"self":[{"href":"https:\/\/moto-oprema.com\/hr\/wp-json\/wp\/v2\/product\/139728","targetHints":{"allow":["GET"]}}],"collection":[{"href":"https:\/\/moto-oprema.com\/hr\/wp-json\/wp\/v2\/product"}],"about":[{"href":"https:\/\/moto-oprema.com\/hr\/wp-json\/wp\/v2\/types\/product"}],"replies":[{"embeddable":true,"href":"https:\/\/moto-oprema.com\/hr\/wp-json\/wp\/v2\/comments?post=139728"}],"wp:featuredmedia":[{"embeddable":true,"href":"https:\/\/moto-oprema.com\/hr\/wp-json\/wp\/v2\/media\/139724"}],"wp:attachment":[{"href":"https:\/\/moto-oprema.com\/hr\/wp-json\/wp\/v2\/media?parent=139728"}],"wp:term":[{"taxonomy":"brand","embeddable":true,"href":"https:\/\/moto-oprema.com\/hr\/wp-json\/wp\/v2\/brand?post=139728"},{"taxonomy":"gender","embeddable":true,"href":"https:\/\/moto-oprema.com\/hr\/wp-json\/wp\/v2\/gender?post=139728"},{"taxonomy":"product_brand","embeddable":true,"href":"https:\/\/moto-oprema.com\/hr\/wp-json\/wp\/v2\/product_brand?post=139728"},{"taxonomy":"product_cat","embeddable":true,"href":"https:\/\/moto-oprema.com\/hr\/wp-json\/wp\/v2\/product_cat?post=139728"},{"taxonomy":"product_tag","embeddable":true,"href":"https:\/\/moto-oprema.com\/hr\/wp-json\/wp\/v2\/product_tag?post=139728"}],"curies":[{"name":"wp","href":"https:\/\/api.w.org\/{rel}","templated":true}]}}