{"id":139663,"date":"2023-12-08T09:55:40","date_gmt":"2023-12-08T09:55:40","guid":{"rendered":"https:\/\/moto-oprema.com\/Artikel\/dainese-corso-absoluteshell-pro-jakna-camo\/"},"modified":"2023-12-08T09:55:40","modified_gmt":"2023-12-08T09:55:40","slug":"dainese-corso-absoluteshell-pro-jakna-camo","status":"publish","type":"product","link":"https:\/\/moto-oprema.com\/hr\/Artikel\/dainese-corso-absoluteshell-pro-jakna-camo\/","title":{"rendered":"DAINESE CORSO ABS\u00d8LUTESHELL PRO JAKNA CAMO"},"content":{"rendered":"<p>Dainese Corso Absoluteshell Pro motociklisti\u010dka tekstilna jakna<\/p>\n<p>Jakna Corso Abs\u00f8luteshell\u2122 Pro je kratka jakna inspirirana funkcionalnim jaknama za aktivnosti na otvorenom, prikladna za vo\u017enju po gradu u svim godi\u0161njim dobima. Pru\u017ea lako\u0107u i funkcionalnost zahvaljuju\u0107i sinergiji izme\u0111u mekane i potpuno elasti\u010dne tkanine koja se raste\u017ee u \u010detiri smjera i laminirane vodootporne Absoluteshell\u2122 Pro membrane. Za maksimalnu toplinsku udobnost, uz vodootpornu membranu koja \u0161titi od najhladnijeg vremena, koristi se uklonjiva termo podstava koja se po potrebi mo\u017ee koristiti kao zaseban odjevni predmet. Funkcionalna i moderna Corso jakna opremljena je vodootpornom kapulja\u010dom s unutarnjom sklopivom metalnom jezgrom (tehnologija Uno Touch\u2122 Hood Peak): sustav koji vam omogu\u0107uje stvaranje \u0161ilta kacige jednom rukom, za\u0161titu lica od vremenskih uvjeta i zatezanje kapulja\u010de oko lica. Vodootporni donji d\u017eepovi opremljeni su termo podstavom.    <\/p>\n<p>Zna\u010dajke:<\/p>\n<ul>\n<li>1 unutarnji d\u017eep<\/li>\n<li>1 unutarnji d\u017eep na termo podstavi<\/li>\n<li>1 vanjski d\u017eep<\/li>\n<li>2 vodootporna vanjska d\u017eepa<\/li>\n<li>2 d\u017eepa na uklonjivoj podstavi<\/li>\n<li>Fiksna kapulja\u010da s reflektiraju\u0107om trakom za pri\u010dvr\u0161\u0107ivanje kada se ne koristi<\/li>\n<li>d\u017eep za \u0161titnik za le\u0111a G1 i G2<\/li>\n<li>d\u017eep na rukavu<\/li>\n<li>reflektiraju\u0107i umetci<\/li>\n<li>Gornji dio kacige Uno Touch\u2122<\/li>\n<li>Pode\u0161avanje struka vezicom<\/li>\n<li>Podesive man\u017eete<\/li>\n<li>Tkanina rastezljiva u 4 smjera<\/li>\n<li>ABS\u00d8LUTESHELL\u2122 PRO laminirana membrana<\/li>\n<\/ul>\n<p>Tehni\u010dki podaci:<\/p>\n<ul>\n<li>Uklonjiva termo podstava &#8211; mo\u017ee se koristiti zasebno<\/li>\n<li>uklonjiva Pro-Armor za\u0161tita na laktovima (EN 1621.1)<\/li>\n<li>uklonjivi Pro-Armor \u0161titnici na ramenima (EN 1621.1)<\/li>\n<\/ul>\n<p>za\u0161titna odje\u0107a za motocikliste (EN 17092), klasa A<\/p>\n<p>SASTAV SIROVINE<br \/>\n Materijal: vanjski materijal: 94% poliester, 6% poliuretan; podstava: 100% poliester<\/p>\n","protected":false},"excerpt":{"rendered":"<p>Dainese Corso Absoluteshell Pro motociklisti\u010dka tekstilna jakna Jakna Corso Abs\u00f8luteshell\u2122 Pro je kratka jakna inspirirana funkcionalnim&#8230;<\/p>\n","protected":false},"featured_media":24523,"comment_status":"open","ping_status":"open","template":"","meta":{"_acf_changed":false},"brand":[2800],"gender":[],"product_brand":[],"product_cat":[2905,2759,2829,1356],"product_tag":[],"class_list":{"0":"post-139663","1":"product","2":"type-product","3":"status-publish","4":"has-post-thumbnail","6":"brand-dainese-hr","7":"product_cat-dzemperi-i-kardigani","8":"product_cat-jakne-hr","9":"product_cat-lezerna-odjeca","10":"product_cat-motociklisticka-oprema","11":"pa_size-48-hr","12":"pa_size-50-hr","13":"pa_size-52-hr","14":"pa_size-54-hr","15":"pa_size-56-hr","16":"pa_size-58-hr","17":"pa_size-60-hr","18":"pa_size-62-hr","20":"first","21":"instock","22":"taxable","23":"shipping-taxable","24":"purchasable","25":"product-type-variable"},"acf":[],"_links":{"self":[{"href":"https:\/\/moto-oprema.com\/hr\/wp-json\/wp\/v2\/product\/139663","targetHints":{"allow":["GET"]}}],"collection":[{"href":"https:\/\/moto-oprema.com\/hr\/wp-json\/wp\/v2\/product"}],"about":[{"href":"https:\/\/moto-oprema.com\/hr\/wp-json\/wp\/v2\/types\/product"}],"replies":[{"embeddable":true,"href":"https:\/\/moto-oprema.com\/hr\/wp-json\/wp\/v2\/comments?post=139663"}],"wp:featuredmedia":[{"embeddable":true,"href":"https:\/\/moto-oprema.com\/hr\/wp-json\/wp\/v2\/media\/24523"}],"wp:attachment":[{"href":"https:\/\/moto-oprema.com\/hr\/wp-json\/wp\/v2\/media?parent=139663"}],"wp:term":[{"taxonomy":"brand","embeddable":true,"href":"https:\/\/moto-oprema.com\/hr\/wp-json\/wp\/v2\/brand?post=139663"},{"taxonomy":"gender","embeddable":true,"href":"https:\/\/moto-oprema.com\/hr\/wp-json\/wp\/v2\/gender?post=139663"},{"taxonomy":"product_brand","embeddable":true,"href":"https:\/\/moto-oprema.com\/hr\/wp-json\/wp\/v2\/product_brand?post=139663"},{"taxonomy":"product_cat","embeddable":true,"href":"https:\/\/moto-oprema.com\/hr\/wp-json\/wp\/v2\/product_cat?post=139663"},{"taxonomy":"product_tag","embeddable":true,"href":"https:\/\/moto-oprema.com\/hr\/wp-json\/wp\/v2\/product_tag?post=139663"}],"curies":[{"name":"wp","href":"https:\/\/api.w.org\/{rel}","templated":true}]}}