{"id":139630,"date":"2023-12-01T11:05:42","date_gmt":"2023-12-01T11:05:42","guid":{"rendered":"https:\/\/moto-oprema.com\/Artikel\/dainese-super-speed-performanse-kozne-hlace-crno-bijele-fluo-crvene\/"},"modified":"2023-12-01T11:05:42","modified_gmt":"2023-12-01T11:05:42","slug":"dainese-super-speed-performanse-kozne-hlace-crno-bijele-fluo-crvene","status":"publish","type":"product","link":"https:\/\/moto-oprema.com\/hr\/Artikel\/dainese-super-speed-performanse-kozne-hlace-crno-bijele-fluo-crvene\/","title":{"rendered":"DAINESE SUPER SPEED PERFORMANSE KO\u017dNE HLA\u010cE CRNO-BIJELE FLUO CRVENE"},"content":{"rendered":"<p>Dainese Super Speed izra\u0111ene od D-Skin kravlje ko\u017ee su Dainese motociklisti\u010dke hla\u010de koje se mogu kombinirati s jaknom Super Speed 4 i namijenjene su motociklistima koji vole sportsku vo\u017enju cestom.<\/p>\n<p>Robusna ko\u017ea kori\u0161tena za njihovu izradu nadopunjena je elasti\u010dnom S1 tkaninom i elasti\u010dnim umetcima &#8211; kombinacija koja \u010dini Super Speed hla\u010de izuzetno udobnim i ergonomskim, bez kompromisa u pogledu visokih standarda za\u0161tite. Maksimalnu sigurnost osiguravaju za\u0161titne tehnologije izvedene iz odje\u0107e koju nose MotoGP\u2122 trka\u010di, poput novih kliza\u010da za koljena, koji su izra\u0111eni od lak\u0161e konstrukcije i, zahvaljuju\u0107i sustavu zamjenjivih kliza\u010da (RSS), lako se zamjenjuju i prilago\u0111avaju stilu vo\u017enje, bez potrebe za promjenom polo\u017eaja \u010di\u010dka. Certificirani kompozitni \u0161titnici za koljena i mekani Pro-Shape 2.0 \u0161titnici na kukovima osiguravaju apsorpciju udara.  <\/p>\n<p>Super Speed je dizajniran za kombiniranje s Dainese \u010dizmama &#8220;IN&#8221; konstrukcije, zahvaljuju\u0107i patentnom zatvara\u010du na listu i \u010di\u010dku na rubu nogavice. Tako\u0111er se mo\u017ee pri\u010dvrstiti na jaknu odgovaraju\u0107im patentnim zatvara\u010dem. <\/p>\n<p>Prozra\u010dna mre\u017easta tkanina osigurava maksimalnu toplinsku udobnost \u010dak i pri najvi\u0161im temperaturama, \u0161to Super Speed hla\u010de \u010dini prikladnima i za putovanja motociklom ljeti.<\/p>\n<p>Sastav sirovine: 100% kravlja ko\u017ea Tutu ko\u017ea<\/p>\n","protected":false},"excerpt":{"rendered":"<p>Dainese Super Speed izra\u0111ene od D-Skin kravlje ko\u017ee su Dainese motociklisti\u010dke hla\u010de koje se mogu kombinirati&#8230;<\/p>\n","protected":false},"featured_media":24419,"comment_status":"open","ping_status":"open","template":"","meta":{"_acf_changed":false},"brand":[2800],"gender":[],"product_brand":[],"product_cat":[2832,2983,1356],"product_tag":[],"class_list":{"0":"post-139630","1":"product","2":"type-product","3":"status-publish","4":"has-post-thumbnail","6":"brand-dainese-hr","7":"product_cat-hlace-hr","8":"product_cat-kozne-hlace","9":"product_cat-motociklisticka-oprema","10":"pa_size-48-hr","11":"pa_size-50-hr","12":"pa_size-52-hr","13":"pa_size-54-hr","14":"pa_size-56-hr","15":"pa_size-58-hr","16":"pa_size-60-hr","17":"pa_size-62-hr","19":"first","20":"instock","21":"sale","22":"taxable","23":"shipping-taxable","24":"purchasable","25":"product-type-variable"},"acf":[],"_links":{"self":[{"href":"https:\/\/moto-oprema.com\/hr\/wp-json\/wp\/v2\/product\/139630","targetHints":{"allow":["GET"]}}],"collection":[{"href":"https:\/\/moto-oprema.com\/hr\/wp-json\/wp\/v2\/product"}],"about":[{"href":"https:\/\/moto-oprema.com\/hr\/wp-json\/wp\/v2\/types\/product"}],"replies":[{"embeddable":true,"href":"https:\/\/moto-oprema.com\/hr\/wp-json\/wp\/v2\/comments?post=139630"}],"wp:featuredmedia":[{"embeddable":true,"href":"https:\/\/moto-oprema.com\/hr\/wp-json\/wp\/v2\/media\/24419"}],"wp:attachment":[{"href":"https:\/\/moto-oprema.com\/hr\/wp-json\/wp\/v2\/media?parent=139630"}],"wp:term":[{"taxonomy":"brand","embeddable":true,"href":"https:\/\/moto-oprema.com\/hr\/wp-json\/wp\/v2\/brand?post=139630"},{"taxonomy":"gender","embeddable":true,"href":"https:\/\/moto-oprema.com\/hr\/wp-json\/wp\/v2\/gender?post=139630"},{"taxonomy":"product_brand","embeddable":true,"href":"https:\/\/moto-oprema.com\/hr\/wp-json\/wp\/v2\/product_brand?post=139630"},{"taxonomy":"product_cat","embeddable":true,"href":"https:\/\/moto-oprema.com\/hr\/wp-json\/wp\/v2\/product_cat?post=139630"},{"taxonomy":"product_tag","embeddable":true,"href":"https:\/\/moto-oprema.com\/hr\/wp-json\/wp\/v2\/product_tag?post=139630"}],"curies":[{"name":"wp","href":"https:\/\/api.w.org\/{rel}","templated":true}]}}