{"id":139567,"date":"2023-12-01T09:58:09","date_gmt":"2023-12-01T09:58:09","guid":{"rendered":"https:\/\/moto-oprema.com\/Artikel\/dainese-fulcro-kozna-jakna-tamnosmeda\/"},"modified":"2023-12-01T09:58:09","modified_gmt":"2023-12-01T09:58:09","slug":"dainese-fulcro-kozna-jakna-tamnosmeda","status":"publish","type":"product","link":"https:\/\/moto-oprema.com\/hr\/Artikel\/dainese-fulcro-kozna-jakna-tamnosmeda\/","title":{"rendered":"DAINESE FULCRO KO\u017dNA JAKNA TAMNOSME\u0110A"},"content":{"rendered":"<p>Fulcro ko\u017ena jakna je motociklisti\u010dka jakna izra\u0111ena od mekane Federica kravlje ko\u017ee, uz kori\u0161tenje najnaprednije Dainese tehnologije.<\/p>\n<p>Zahvaljuju\u0107i Quickdry Frame tehnologiji, koja omogu\u0107uje br\u017ee isparavanje vlage unutar jakne, Fulcro ko\u017ena jakna idealna je za vo\u017enju motocikla po toplom vremenu i nudi voza\u010du optimalnu toplinsku udobnost bez \u017ertvovanja sigurnosti ko\u017ee.<\/p>\n<p>Mekani Pro-Armor \u0161titnici na ramenima i laktovima, koji se mogu nadopuniti zasebno dostupnim \u0161titnicima za prsa i le\u0111a, pove\u0107avaju udobnost vo\u017enje i ergonomiju.<\/p>\n<p>Detalji poput vodootpornog unutarnjeg d\u017eepa za za\u0161titu va\u017enih predmeta na ki\u0161i i sustava za spajanje jakne i hla\u010da upotpunjuju karakteristike Fulcro ko\u017ene jakne.<\/p>\n<p>Sastav sirovine: 100% ko\u017ea<\/p>\n","protected":false},"excerpt":{"rendered":"<p>Fulcro ko\u017ena jakna je motociklisti\u010dka jakna izra\u0111ena od mekane Federica kravlje ko\u017ee, uz kori\u0161tenje najnaprednije Dainese&#8230;<\/p>\n","protected":false},"featured_media":24385,"comment_status":"open","ping_status":"open","template":"","meta":{"_acf_changed":false},"brand":[2800],"gender":[],"product_brand":[],"product_cat":[2759,1356],"product_tag":[],"class_list":{"0":"post-139567","1":"product","2":"type-product","3":"status-publish","4":"has-post-thumbnail","6":"brand-dainese-hr","7":"product_cat-jakne-hr","8":"product_cat-motociklisticka-oprema","9":"pa_size-48-hr","10":"pa_size-50-hr","11":"pa_size-52-hr","12":"pa_size-54-hr","13":"pa_size-56-hr","14":"pa_size-58-hr","15":"pa_size-60-hr","17":"first","18":"instock","19":"sale","20":"taxable","21":"shipping-taxable","22":"purchasable","23":"product-type-variable"},"acf":[],"_links":{"self":[{"href":"https:\/\/moto-oprema.com\/hr\/wp-json\/wp\/v2\/product\/139567","targetHints":{"allow":["GET"]}}],"collection":[{"href":"https:\/\/moto-oprema.com\/hr\/wp-json\/wp\/v2\/product"}],"about":[{"href":"https:\/\/moto-oprema.com\/hr\/wp-json\/wp\/v2\/types\/product"}],"replies":[{"embeddable":true,"href":"https:\/\/moto-oprema.com\/hr\/wp-json\/wp\/v2\/comments?post=139567"}],"wp:featuredmedia":[{"embeddable":true,"href":"https:\/\/moto-oprema.com\/hr\/wp-json\/wp\/v2\/media\/24385"}],"wp:attachment":[{"href":"https:\/\/moto-oprema.com\/hr\/wp-json\/wp\/v2\/media?parent=139567"}],"wp:term":[{"taxonomy":"brand","embeddable":true,"href":"https:\/\/moto-oprema.com\/hr\/wp-json\/wp\/v2\/brand?post=139567"},{"taxonomy":"gender","embeddable":true,"href":"https:\/\/moto-oprema.com\/hr\/wp-json\/wp\/v2\/gender?post=139567"},{"taxonomy":"product_brand","embeddable":true,"href":"https:\/\/moto-oprema.com\/hr\/wp-json\/wp\/v2\/product_brand?post=139567"},{"taxonomy":"product_cat","embeddable":true,"href":"https:\/\/moto-oprema.com\/hr\/wp-json\/wp\/v2\/product_cat?post=139567"},{"taxonomy":"product_tag","embeddable":true,"href":"https:\/\/moto-oprema.com\/hr\/wp-json\/wp\/v2\/product_tag?post=139567"}],"curies":[{"name":"wp","href":"https:\/\/api.w.org\/{rel}","templated":true}]}}