{"id":139478,"date":"2023-11-28T11:37:21","date_gmt":"2023-11-28T11:37:21","guid":{"rendered":"https:\/\/moto-oprema.com\/Artikel\/dainese-avro-5-kozna-jakna-crna-lava-crvena-bijela\/"},"modified":"2023-11-28T11:37:21","modified_gmt":"2023-11-28T11:37:21","slug":"dainese-avro-5-kozna-jakna-crna-lava-crvena-bijela","status":"publish","type":"product","link":"https:\/\/moto-oprema.com\/hr\/Artikel\/dainese-avro-5-kozna-jakna-crna-lava-crvena-bijela\/","title":{"rendered":"DAINESE AVRO 5 KO\u017dNA JAKNA CRNA\/LAVA CRVENA\/BIJELA"},"content":{"rendered":"<p>Avro 5 je Dainese motociklisti\u010dka jakna inspirirana odijelima koja nose voza\u010di MotoGP\u2122. Odjevni predmet izra\u0111en je od izdr\u017eljive kravlje ko\u017ee i ima rastezljive umetke u S1 i Microelastic 2.0 tkanini, koji osiguravaju izvrsno pristajanje, udobnost i slobodu kretanja tijekom vo\u017enje. Udobnost je dodatno pobolj\u0161ana novom konstrukcijom Veloce Racing Neck, sustavom inspiriranim MotoGP\u2122-om koji potpuno smanjuje pritisak na vrat. Kako bi se osigurala maksimalna za\u0161tita voza\u010da \u010dak i pri velikim brzinama, Avro 5 ima iste tehni\u010dke zna\u010dajke kao i Dainese odijela i uklju\u010duje \u0161titnike AA klase na ramenima i laktovima te uklonjive aluminijske plo\u010de na ramenima. Jakna je spremna za \u0161titnike za le\u0111a G1 i G2 (prodaju se zasebno). Jakna Avro 5 savr\u0161en je spoj za\u0161tite i udobnosti, a s uklonjivom termalnom podstavom, prozra\u010dnom mre\u017eastom tkaninom i bo\u010dnim otvorima, izuzetno je svestrana &#8211; idealna za cjelogodi\u0161nju upotrebu. Podesivi remen i sustav spajanja jakne i hla\u010da, koji sprje\u010dava ulazak zraka i osigurava savr\u0161eno pristajanje izme\u0111u dva dijela u svakoj situaciji, optimiziraju udobnost i ergonomiju.      <\/p>\n<p>Zna\u010dajke:<\/p>\n<ul>\n<li>Vrhunska oprema: fina Tutu kravlja ko\u017ea<\/li>\n<li>S1 i mikroelasti\u010dni umetci 2.0<\/li>\n<li>Uklonjiva termo podstava &#8211; mo\u017ee se koristiti zasebno<\/li>\n<li>Prozra\u010dna mre\u017easta podstava<\/li>\n<li>2 vanjska d\u017eepa<\/li>\n<li>1 vodootporni unutarnji d\u017eep<\/li>\n<li>reflektiraju\u0107i umetci<\/li>\n<li>Veloce Racing Neck System smanjuje pritisak na vrat<\/li>\n<li>Podesivi remen<\/li>\n<li>3D umetci od mjehuri\u0107aste tkanine<\/li>\n<li>Ventilacijski otvori sa strane<\/li>\n<li>Spajanje patentnog zatvara\u010da<\/li>\n<\/ul>\n<p>Tehni\u010dki podaci:<\/p>\n<ul>\n<li>Ugra\u0111eno rame s metalnim umetkom<\/li>\n<li>\u0160titnici za laktove (EN 1621.1)<\/li>\n<li>Uklonjivi \u0161titnici za ramena (EN 1621.1)<\/li>\n<li>Zamjenjivi aluminijski sportski navlake za ramena<\/li>\n<li>Unutarnji d\u017eep za dvodijelni \u0161titnik za prsa (prodaje se zasebno)<\/li>\n<li>Unutarnji d\u017eep za \u0161titnike za le\u0111a G1 i G2 (prodaju se zasebno)<\/li>\n<li>Osobna za\u0161titna oprema &#8211; za\u0161titna jakna za motocikliste (EN 17092, klasa AA)<\/li>\n<\/ul>\n<p>Sastav sirovine: 100% ko\u017ea<\/p>\n","protected":false},"excerpt":{"rendered":"<p>Dainese Avro 5 ko\u017ena motociklisti\u010dka jakna<\/p>\n","protected":false},"featured_media":24232,"comment_status":"open","ping_status":"open","template":"","meta":{"_acf_changed":false},"brand":[2800],"gender":[],"product_brand":[],"product_cat":[2759,2915,1356],"product_tag":[],"class_list":{"0":"post-139478","1":"product","2":"type-product","3":"status-publish","4":"has-post-thumbnail","6":"brand-dainese-hr","7":"product_cat-jakne-hr","8":"product_cat-kozne-jakne","9":"product_cat-motociklisticka-oprema","10":"pa_size-48-hr","11":"pa_size-50-hr","12":"pa_size-52-hr","13":"pa_size-54-hr","14":"pa_size-56-hr","15":"pa_size-58-hr","16":"pa_size-60-hr","17":"pa_size-62-hr","19":"first","20":"onbackorder","21":"sale","22":"taxable","23":"shipping-taxable","24":"purchasable","25":"product-type-variable"},"acf":[],"_links":{"self":[{"href":"https:\/\/moto-oprema.com\/hr\/wp-json\/wp\/v2\/product\/139478","targetHints":{"allow":["GET"]}}],"collection":[{"href":"https:\/\/moto-oprema.com\/hr\/wp-json\/wp\/v2\/product"}],"about":[{"href":"https:\/\/moto-oprema.com\/hr\/wp-json\/wp\/v2\/types\/product"}],"replies":[{"embeddable":true,"href":"https:\/\/moto-oprema.com\/hr\/wp-json\/wp\/v2\/comments?post=139478"}],"wp:featuredmedia":[{"embeddable":true,"href":"https:\/\/moto-oprema.com\/hr\/wp-json\/wp\/v2\/media\/24232"}],"wp:attachment":[{"href":"https:\/\/moto-oprema.com\/hr\/wp-json\/wp\/v2\/media?parent=139478"}],"wp:term":[{"taxonomy":"brand","embeddable":true,"href":"https:\/\/moto-oprema.com\/hr\/wp-json\/wp\/v2\/brand?post=139478"},{"taxonomy":"gender","embeddable":true,"href":"https:\/\/moto-oprema.com\/hr\/wp-json\/wp\/v2\/gender?post=139478"},{"taxonomy":"product_brand","embeddable":true,"href":"https:\/\/moto-oprema.com\/hr\/wp-json\/wp\/v2\/product_brand?post=139478"},{"taxonomy":"product_cat","embeddable":true,"href":"https:\/\/moto-oprema.com\/hr\/wp-json\/wp\/v2\/product_cat?post=139478"},{"taxonomy":"product_tag","embeddable":true,"href":"https:\/\/moto-oprema.com\/hr\/wp-json\/wp\/v2\/product_tag?post=139478"}],"curies":[{"name":"wp","href":"https:\/\/api.w.org\/{rel}","templated":true}]}}